{"id":257806,"date":"2014-01-16T07:21:14","date_gmt":"2014-01-16T06:21:14","guid":{"rendered":"https:\/\/mnxsportswear.com\/geltungsbereich\/"},"modified":"2026-01-15T10:35:03","modified_gmt":"2026-01-15T09:35:03","slug":"geltungsbereich","status":"publish","type":"page","link":"https:\/\/mnxsportswear.com\/de\/geltungsbereich\/","title":{"rendered":"GELTUNGSBEREICH"},"content":{"rendered":"<ol>\n<li><strong> GELTUNGSBEREICH<\/strong><\/li>\n<\/ol>\n<p>Diese Allgemeinen Gesch\u00e4ftsbedingungen (nachfolgend AGB) <strong>Arbos d.o.o.<\/strong> (nachfolgend Verk\u00e4ufer), gelten f\u00fcr alle Vertr\u00e4ge \u00fcber die Lieferung von Waren, die ein Verbraucher oder Unternehmer (nachfolgend \u201eKunde\u201c) mit dem Verk\u00e4ufer hinsichtlich der vom Verk\u00e4ufer in seinem Online-Shop dargestellten Waren abschlie\u00dft. Hiermit wird der Einbeziehung von eigenen Bedingungen des Kunden widersprochen, es sei denn, es ist etwas anderes vereinbart.<\/p>\n<p>Verbraucher im Sinne dieser AGB ist jede nat\u00fcrliche Person, die ein Rechtsgesch\u00e4ft zu Zwecken abschlie\u00dft, die \u00fcberwiegend weder ihrer gewerblichen noch ihrer selbst\u00e4ndigen beruflichen T\u00e4tigkeit zugerechnet werden k\u00f6nnen. Unternehmer im Sinne dieser AGB ist eine nat\u00fcrliche oder juristische Person oder eine rechtsf\u00e4hige Personengesellschaft, die bei Abschluss eines Rechtsgesch\u00e4fts in Aus\u00fcbung ihrer gewerblichen oder selbst\u00e4ndigen beruflichen T\u00e4tigkeit handelt.<\/p>\n<p>&nbsp;<\/p>\n<ol start=\"2\">\n<li><strong> BESTELLVORGANG<\/strong><\/li>\n<\/ol>\n<p>Ein Bestellvorgang ist wie folgt aufgebaut:<\/p>\n<ol>\n<li>W\u00e4hlen Sie das gew\u00fcnschte Produkt aus und f\u00fcgen Sie es ihrem Warenkorb hinzu,<\/li>\n<li>Gehen Sie zur Kasse,<\/li>\n<li>F\u00fcgen Sie die richtigen Rechnungs- und Lieferinformationen hinzu,<\/li>\n<li>Akzeptieren Sie unsere Nutzungsbedingungen<\/li>\n<li>W\u00e4hlen Sie eine Zahlungsmethode aus und dr\u00fccken Sie auf ,,Bestellung abgeben\u201d,<\/li>\n<li>F\u00fchren Sie die Zahlung aus<\/li>\n<li>Wenn die Zahlung authorisiert wurde, erhalten Sie Best\u00e4tigung ihrer Bestellung.<\/li>\n<\/ol>\n<p>&nbsp;<\/p>\n<p><strong>2.1 ERH\u00c4LTLICHKEIT VON PRODUKTEN<\/strong><\/p>\n<p>Die Fertigstellung einer Bestellung durch die Homepage ist Teil der Erh\u00e4ltlichkeit von Produkten. Sollte die bestellte Ware nicht erh\u00e4ltlich oder ausverkauft sein, wird der Kunde via Mail dar\u00fcber informiert und das Geld wird zur\u00fcckerstattet.<\/p>\n<p>&nbsp;<\/p>\n<p><strong>2.2 MNX\u2019S RECHTE BESTELLUNGEN ABZULEHNEN ODER ZU STORNIEREN<\/strong><\/p>\n<p>MNX beh\u00e4lt sich das Recht vor, egal welche Bestellung abzulehnen oder zu stornieren, aufgrund folgender Gr\u00fcnde:<\/p>\n<p>Sollte es zu technischen Gebrechen oder falschen Preisangaben auf der Homepage kommen<\/p>\n<p>Das bestellte Produkt ist nicht erh\u00e4ltlich<\/p>\n<p>Die Rechnungsinformationen waren inkorrekt oder nicht vollst\u00e4ndig<\/p>\n<p>Sicherheitssysteme stufen die Bestellung als abnormal oder missbrauch ein<\/p>\n<p>MNX konnte die Ware nicht zustellen aufgrund falscher Adressdaten.<\/p>\n<p>Sollte einer der oben genannten Gr\u00fcnde bestehen, refundiert MNX das gesamte Geld (sollte dieses vorab bezahlt worden sein). Versandkosten werden niemals zuru\u00fcckerstattet, es sei denn es existieren au\u00dferordentliche Gr\u00fcnde.<\/p>\n<p><strong>\u00a0<\/strong><\/p>\n<ol start=\"3\">\n<li><strong> PREISE UND ZAHLUNGSBEDINGUNGEN<\/strong><\/li>\n<\/ol>\n<p>Sofern sich aus der Produktbeschreibung des Verk\u00e4ufers nichts anderes ergibt, handelt es sich bei den angegebenen Preisen um Gesamtpreise, die die gesetzliche Umsatzsteuer enthalten. Gegebenenfalls zus\u00e4tzlich anfallende Liefer- und Versandkosten werden in der jeweiligen Produktbeschreibung gesondert angegeben.<\/p>\n<p>&nbsp;<\/p>\n<ol start=\"4\">\n<li><strong> Liefer- und versandbedingungen<\/strong><\/li>\n<\/ol>\n<p>Die Lieferungen erfolgen ausschlie\u00dflich von Montag bis Freitag und nur an Werktagen. Bei Lieferungen in L\u00e4nder au\u00dferhalb der Europ\u00e4ischen Union k\u00f6nnen im Einzelfall weitere Kosten anfallen, die der Verk\u00e4ufer nicht zu vertreten hat und die vom Kunden zu tragen sind. Hierzu z\u00e4hlen beispielsweise Kosten f\u00fcr die Geld\u00fcbermittlung durch Kreditinstitute (z.B. \u00dcberweisungsgeb\u00fchren, Wechselkursgeb\u00fchren) oder einfuhrrechtliche Abgaben bzw. Steuern (z.B. Z\u00f6lle). Solche Kosten k\u00f6nnen in Bezug auf die Geld\u00fcbermittlung auch dann anfallen, wenn die Lieferung nicht in ein Land au\u00dferhalb der Europ\u00e4ischen Union erfolgt, der Kunde die Zahlung aber von einem Land au\u00dferhalb der Europ\u00e4ischen Union aus vornimmt.<\/p>\n<p>&nbsp;<\/p>\n<ol start=\"5\">\n<li><strong> Widerrufsrecht und austausch einer bestellung<\/strong><\/li>\n<\/ol>\n<p>Verbrauchern steht grunds\u00e4tzlich ein Widerrufsrecht zu.<\/p>\n<p>&nbsp;<\/p>\n<p><strong>5.1 R\u00dcCKGABE BESCH\u00c4DIGTER ARTIKEL<\/strong><\/p>\n<p>Der Kunde hat das Recht besch\u00e4digte Ware zu retournieren. Die Frist dieser R\u00fcckgabe endet binnen 14 Tagen nach Erhalt der Ware. Dieser muss die Besch\u00e4digung der Ware MNX innerhalb dieser Frist mitteilen.<\/p>\n<p>Sollte der Kunde einen Artikel aufgrund einer Besch\u00e4digung retournieren, erstattet MNX den gesamten Kaufpreis inklusive den Versandkosten an den Kunden oder tauscht den Artikel kostenlos innerhalb 30 Tagen aus.<\/p>\n<p>Der Kunde stimmt zu, dass MNX keine Verantwortung f\u00fcr Besch\u00e4digungen \u00fcbernimmt, welche vom Kunden selbst entstanden wurden, beispielsweise durch falsches Waschen der Ware.<\/p>\n<p>&nbsp;<\/p>\n<p><strong>5.2 R\u00dcCKGABE VON PRODUKTEN AUFGRUND ANDERER GR\u00dcNDE<\/strong><\/p>\n<p>Sollte das Produkt den Kunden nicht zufriedenstellen, hat er die M\u00f6glichkeit innerhalb 30 Tagen das Produkt ohne Angaben von Gr\u00fcnden zur\u00fcckzuschicken.<\/p>\n<p>Der Kunde kann die gekauften Artikel unter folgenden Kriterien retournieren:<\/p>\n<ul>\n<li>Das Produkt darf weder gewaschen noch anderswertig getragen werden (ausgenommen zum Probieren)<\/li>\n<li>Das Produkt weist keine Haare von Menschen oder Tieren vor<\/li>\n<li>Das Produkt ist vollst\u00e4ndig<\/li>\n<\/ul>\n<p>&nbsp;<\/p>\n<p><strong><span lang=\"EN-GB\">Das Widerrufsrecht wird durch diese frewillige R\u00fcckgabem\u00f6glichkeit nicht eingeschr\u00e4nkt, da die nachfolgenden Bedingungen erst nach Ablauf der gesetzlichen Widerrufsfrist gelten. <\/span>Siehe Seite Widerrufsrecht.<br \/>\n<\/strong><\/p>\n<p>&nbsp;<\/p>\n<p>Das Produkt kann auf Kosten des Kunden retourniert werden. Diese m\u00fcssen das Etikett und die Originalverpackung aufweisen, sowie den Retourschein mit allen notwendigen R\u00fccksendeinformationen. Nach einer gr\u00fcndlichen Kontrolle der retournierten Ware, erstattet MNX den gesamten Kaufpreis zur\u00fcck, die R\u00fccksendekosten werden vom Kunden \u00fcbernommen.<\/p>\n<p>Das Geld wird von MNX erst dann zur\u00fcckerstattet, wenn die Ware angekommen ist und gr\u00fcndlich \u00fcberpr\u00fcft wurde. Nach diesem Ablauf erhaltet der Kunde binnen 30 Tagen das Geld refundiert.<\/p>\n<p>Damit der Kunde auf der sicheren Seite ist, empfehlen wir immer eine versicherte R\u00fccksendung anzuwenden, sodass diese via einer Trackingnummer nachverfolgt werden kann.<\/p>\n<p>Alle R\u00fccksendungen werden an folgende Adresse geschickt:<\/p>\n<p>Unternehmensname:<strong> Arbos d.o.o.<br \/>\n<\/strong>Adresse:<strong> BATUJE 1F<br \/>\n<\/strong>Postleitzahl:<strong> 5262 \u010cRNI\u010cE<br \/>\n<\/strong>Land:<strong> SLOVENIA,\u00a0 EUROPE<\/strong><\/p>\n<p>&nbsp;<\/p>\n<ol start=\"6\">\n<li><strong> BESTELLUNG PERSONALISIERTER PRODUKTE<\/strong><\/li>\n<\/ol>\n<p><strong>\u00a0<\/strong><\/p>\n<p>Personalisierte Produkte werden sofort nach der Best\u00e4tigung des Kunden bearbeitet. Aus diesem Grund ist es wichtig, dass der Kunde die Rechtschreibung und das gew\u00fcnschte Design gr\u00fcndlich kontrolliert, bevor er den Kauf t\u00e4tigt, da es im Nachhinein nicht mehr m\u00f6glich ist \u00c4nderungen durchzuf\u00fchren.<\/p>\n<p>MNX produziert keine personalisierten Produkte, welche Hassreden, schreibgesch\u00fctzte Inhalte oder obsz\u00f6ne Worte enthalten. Der Kunde wird vorab darauf hingewiesen, sollte es zu diesem Fall kommen. Wird dies nicht ber\u00fccksichtigt, produziert MNX diese Artikel nicht.<\/p>\n<p><strong>6.1 R\u00dcCKGABE PERSONALISIERTER PRODUKTE<\/strong><\/p>\n<p>Das Widerrufsrecht besteht, soweit die Parteien nichts anderes vereinbart haben, nicht bei folgenden Vertr\u00e4gen: Vertr\u00e4ge zur Lieferung von Waren, die nicht vorgefertigt sind und f\u00fcr deren Herstellung eine individuelle Auswahl oder Bestimmung durch de Verbraucher ma\u00dfgeblich ist oder die eindeutig auf die pers\u00f6nlichen Bed\u00fcrfnisse des Verbrauchers zugeschnitten sind. Sollte der Kunde Produktionsfehler auffinden, ersuchen wir die Kontaktaufnahme mit MNX via Mail auf <a href=\"mailto:info@mnxsportswear.com\">info@mnxsportswear.com<\/a> binnen 14 Tagen. Fehlerhafte Ware muss in einem unbenutzen Zustand retourniert werden. MNX kann eine neue Ware produzieren oder den Kaufpreis zur\u00fcckerstatten.<\/p>\n<p>&nbsp;<\/p>\n<ol start=\"7\">\n<li><strong> WASCH- UND PFLEGEHINWEISE VON MNX APPAREL<\/strong><\/li>\n<\/ol>\n<p>Bitte achten Sie auf die Hinweise auf jedem einzelnen Produkt. Viele unserer Artikel d\u00fcrfen nicht in den Trockner gegeben werden. Allgemein gilt, mit 30\u00b0 waschen und b\u00fcgeln Sie ihre MNX Kleidung so dass die Schrift und die Grafiken nach innen zeigen. Einige unserer personalisierten Produkte d\u00fcrfen ausschlie\u00dflich mit der Hand gewaschen werden (Produkte mit goldenem oder silbernem Schriftzug).<\/p>\n<p>&nbsp;<\/p>\n<ol start=\"8\">\n<li><strong> AKTIONSGUTSCHEINE <\/strong><\/li>\n<\/ol>\n<p>Gutscheine, die vom Verk\u00e4ufer im Rahmen von Werbeaktionen mit einer bestimmten G\u00fcltigkeitsdauer unentgeltlich ausgegeben werden und die vom Kunden nicht k\u00e4uflich erworben werden k\u00f6nnen (nachfolgend Aktionsgutscheine), k\u00f6nnen nur im Online-Shop des Verk\u00e4ufers und nur im angegebenen Zeitraum eingel\u00f6st werden.<\/p>\n<p>Einzelne Produkte k\u00f6nnen von der Gutscheinaktion ausgeschlossen sein, sofern sich eine entsprechende Einschr\u00e4nkung aus dem Inhalt des Aktionsgutscheins ergibt.<\/p>\n<p>MNX behaltet sich das Recht vor, Aktionsgutscheine nicht anzunehmen, sollte der Verdacht auf Missbrauch bestehen.<\/p>\n<p>&nbsp;<\/p>\n<ol start=\"9\">\n<li><strong> SCHUTZ PERS\u00d6NLICHER DATEN<\/strong><\/li>\n<\/ol>\n<p>Die Informationen \u00fcber die pers\u00f6nlichen Daten k\u00f6nenn Sie im folgenden Link entnehmen:<\/p>\n<p><strong>\u00a0<\/strong><\/p>\n<ol start=\"10\">\n<li><strong> ANWENDBARES RECHT<\/strong><\/li>\n<\/ol>\n<p>F\u00fcr s\u00e4mtliche Rechtsbeziehungen der Parteien gilt das Recht des slowenischen Staates unter Ausschluss der Gesetze \u00fcber den internationalen Kauf beweglicher Waren. Bei Verbrauchern gilt diese Rechtswahl nur insoweit, als nicht der gew\u00e4hrte Schutz durch zwingende Bestimmungen des Rechts des Staates, in dem der Verbraucher seinen gew\u00f6hnlichen Aufenthalt hat, entzogen wird.<\/p>\n<p>&nbsp;<\/p>\n<ol start=\"11\">\n<li><strong> KONTAKT<\/strong><\/li>\n<\/ol>\n<p>F\u00fcr Fragen oder andere Anliegen k\u00f6nnen Sie MNX kontaktieren:<\/p>\n<ul>\n<li>Per E-Mail eine Nachricht an <a href=\"mailto:info@mnxsportswear.com\">info@mnxsportswear.com<\/a>,<\/li>\n<li>Durch die Anwendung unseres Kontaktformulars<\/li>\n<li>Oder telefonisch unter +38651899599 von Montag bis Freitag (ausgenommen Feiertage) von 9:00 bis 14:00<\/li>\n<\/ul>\n","protected":false},"excerpt":{"rendered":"<p>GELTUNGSBEREICH Diese Allgemeinen Gesch\u00e4ftsbedingungen (nachfolgend AGB) Arbos d.o.o. (nachfolgend Verk\u00e4ufer), gelten f\u00fcr alle Vertr\u00e4ge \u00fcber die Lieferung von Waren, die ein Verbraucher oder Unternehmer (nachfolgend \u201eKunde\u201c) mit dem Verk\u00e4ufer hinsichtlich der vom Verk\u00e4ufer in seinem Online-Shop dargestellten Waren abschlie\u00dft. Hiermit wird der Einbeziehung von eigenen Bedingungen des Kunden widersprochen, es sei denn, es ist etwas [&hellip;]<\/p>\n","protected":false},"author":1,"featured_media":0,"parent":0,"menu_order":0,"comment_status":"closed","ping_status":"closed","template":"","meta":{"footnotes":""},"class_list":["post-257806","page","type-page","status-publish","hentry"],"_links":{"self":[{"href":"https:\/\/mnxsportswear.com\/de\/wp-json\/wp\/v2\/pages\/257806","targetHints":{"allow":["GET"]}}],"collection":[{"href":"https:\/\/mnxsportswear.com\/de\/wp-json\/wp\/v2\/pages"}],"about":[{"href":"https:\/\/mnxsportswear.com\/de\/wp-json\/wp\/v2\/types\/page"}],"author":[{"embeddable":true,"href":"https:\/\/mnxsportswear.com\/de\/wp-json\/wp\/v2\/users\/1"}],"replies":[{"embeddable":true,"href":"https:\/\/mnxsportswear.com\/de\/wp-json\/wp\/v2\/comments?post=257806"}],"version-history":[{"count":1,"href":"https:\/\/mnxsportswear.com\/de\/wp-json\/wp\/v2\/pages\/257806\/revisions"}],"predecessor-version":[{"id":406060,"href":"https:\/\/mnxsportswear.com\/de\/wp-json\/wp\/v2\/pages\/257806\/revisions\/406060"}],"wp:attachment":[{"href":"https:\/\/mnxsportswear.com\/de\/wp-json\/wp\/v2\/media?parent=257806"}],"curies":[{"name":"wp","href":"https:\/\/api.w.org\/{rel}","templated":true}]}}