{"id":257808,"date":"2019-10-06T00:25:04","date_gmt":"2019-10-05T22:25:04","guid":{"rendered":"https:\/\/mnxsportswear.com\/customer-help\/"},"modified":"2022-12-14T01:00:13","modified_gmt":"2022-12-14T00:00:13","slug":"hilfe-kontakt","status":"publish","type":"page","link":"https:\/\/mnxsportswear.com\/de\/hilfe-kontakt\/","title":{"rendered":"Hilfe &#038; Kontakt"},"content":{"rendered":"\t\t<div data-elementor-type=\"wp-page\" data-elementor-id=\"257808\" class=\"elementor elementor-257808 elementor-211226\">\n\t\t\t\t\t\t<section class=\"elementor-section elementor-top-section elementor-element elementor-element-4f75869f elementor-section-boxed elementor-section-height-default elementor-section-height-default\" data-id=\"4f75869f\" data-element_type=\"section\" data-e-type=\"section\">\n\t\t\t\t\t\t<div class=\"elementor-container elementor-column-gap-default\">\n\t\t\t\t\t<div class=\"elementor-column elementor-col-100 elementor-top-column elementor-element elementor-element-50747c13\" data-id=\"50747c13\" data-element_type=\"column\" data-e-type=\"column\">\n\t\t\t<div class=\"elementor-widget-wrap elementor-element-populated\">\n\t\t\t\t\t\t<div class=\"elementor-element elementor-element-1246a1e0 elementor-widget elementor-widget-text-editor\" data-id=\"1246a1e0\" data-element_type=\"widget\" data-e-type=\"widget\" data-widget_type=\"text-editor.default\">\n\t\t\t\t<div class=\"elementor-widget-container\">\n\t\t\t\t\t\t\t\t\t\t\t\t<div class=\"yith-faqs\">\n\t\t\t\t\t\t\t\t\t<div class=\"yith-faqs-search\">\n\t\t\t\t\t\t<div class=\"yith-faqs-search-container\">\n\t\t\t\t\t\t\t<div class=\"yith-faqs-search-input\">\n\t\t\t\t\t\t\t\t<label class=\"screen-reader-text\">Search FAQ<\/label>\n\t\t\t\t\t\t\t\t<input type=\"text\" value=\"\" name=\"search\" placeholder=\"Search FAQ\"\/>\n\t\t\t\t\t\t\t<\/div>\n\t\t\t\t\t\t\t<div class=\"yith-faqs-search-button\">\n\t\t\t\t\t\t\t\t<button type=\"submit\"><i class=\"yfwp-search\"><\/i><\/button>\n\t\t\t\t\t\t\t<\/div>\n\t\t\t\t\t\t<\/div>\n\t\t\t\t\t\t<div class=\"yith-faqs-reset-container\">\n\t\t\t\t\t\t\t<a class=\"yith-faqs-reset\" href=\"https:\/\/mnxsportswear.com\/de\/hilfe-kontakt\/\">Reset<\/a>\n\t\t\t\t\t\t<\/div>\n\t\t\t\t\t<\/div>\n\t\t\t\t\t\t\t\t\t<div id=\"yith-faqs-container\" class=\"yith-faqs-container yith-faq-type-accordion minimal yith-faqs-paged  default-loader\" style=\"--ywfp-icon-font-size: 14px;\">\n\n\t\t\t\t\t\n\t\t\t\t\t\n\t\t\t\t\t\t\t\t\t\t\t\t<div id=\"faq-257844\" class=\"yith-faqs-item icon-right\">\n\t\t\t\t\t\t\t<div class=\"yith-faqs-title\">\n\t\t\t\t\t\t\t\t\t\t\t\t\t\t\t\t\t<div class=\"icon yfwp-plus\"><\/div>\n\t\t\t\t\t\t\t\t\t\t\t\t\t\t\t\t<b>WIE GEBE ICH EINE BESTELLUNG AUF?<\/b>\n\t\t\t\t\t\t\t<\/div>\n\t\t\t\t\t\t\t<div class=\"yith-faqs-content-wrapper\">\n\t\t\t\t\t\t\t\t<div class=\"yith-faqs-content\">\n\t\t\t\t\t\t\t\t\t<p>Ein Bestellvorgang ist wie folgt aufgebaut:<\/p>\n<ol>\n<li>W\u00e4hlen Sie das gew\u00fcnschte Produkt aus und f\u00fcgen Sie es ihrem Warenkorb hinzu,<\/li>\n<li>Gehen Sie zur Kasse,<\/li>\n<li>F\u00fcgen Sie die richtigen Rechnungs- und Lieferinformationen hinzu,<\/li>\n<li>Akzeptieren Sie unsere Nutzungsbedingungen<\/li>\n<li>W\u00e4hlen Sie eine Zahlungsmethode aus und dr\u00fccken Sie auf ,,Bestellung abgeben\u201d,<\/li>\n<li>F\u00fchren Sie die Zahlung aus<\/li>\n<li>Wenn die Zahlung authorisiert wurde, erhalten Sie Best\u00e4tigung ihrer Bestellung.<\/li>\n<\/ol>\n\t\t\t\t\t\t\t\t<\/div>\n\t\t\t\t\t\t\t\t\t\t\t\t\t\t\t\t\t<div class=\"yith-faqs-link\">\n\t\t\t\t\t\t\t\t\t\t<a class=\"yith-faqs-copy\" href=\"#\" data-faq=\"https:\/\/mnxsportswear.com\/de\/hilfe-kontakt\/#faq-257844\">\n\t\t\t\t\t\t\t\t\t\t\t<span class=\"hover-text\">Copy link<\/span>\n\t\t\t\t\t\t\t\t\t\t\t<span class=\"success-text\">Copied!<\/span>\n\t\t\t\t\t\t\t\t\t\t<\/a>\n\t\t\t\t\t\t\t\t\t<\/div>\n\t\t\t\t\t\t\t\t\t\t\t\t\t\t\t<\/div>\n\t\t\t\t\t\t<\/div>\n\n\t\t\t\t\t\n\t\t\t\t\t\t\t\t\t\t\t\t<div id=\"faq-257842\" class=\"yith-faqs-item icon-right\">\n\t\t\t\t\t\t\t<div class=\"yith-faqs-title\">\n\t\t\t\t\t\t\t\t\t\t\t\t\t\t\t\t\t<div class=\"icon yfwp-plus\"><\/div>\n\t\t\t\t\t\t\t\t\t\t\t\t\t\t\t\t<b>MUSS ICH MICH REGISTRIEREN UM EINE BESTELLUNG AUFGEBEN ZU K\u00d6NNEN?<\/b>\n\t\t\t\t\t\t\t<\/div>\n\t\t\t\t\t\t\t<div class=\"yith-faqs-content-wrapper\">\n\t\t\t\t\t\t\t\t<div class=\"yith-faqs-content\">\n\t\t\t\t\t\t\t\t\t<p>Sie m\u00fcssen sich nicht auf der Homepage registrieren um eine Bestellung aufgeben zu k\u00f6nnen. Sollten Sie sich jedoch als VIP-Kunde registrieren wollen, erhalten Sie einen Gutscheincode.<\/p>\n\t\t\t\t\t\t\t\t<\/div>\n\t\t\t\t\t\t\t\t\t\t\t\t\t\t\t\t\t<div class=\"yith-faqs-link\">\n\t\t\t\t\t\t\t\t\t\t<a class=\"yith-faqs-copy\" href=\"#\" data-faq=\"https:\/\/mnxsportswear.com\/de\/hilfe-kontakt\/#faq-257842\">\n\t\t\t\t\t\t\t\t\t\t\t<span class=\"hover-text\">Copy link<\/span>\n\t\t\t\t\t\t\t\t\t\t\t<span class=\"success-text\">Copied!<\/span>\n\t\t\t\t\t\t\t\t\t\t<\/a>\n\t\t\t\t\t\t\t\t\t<\/div>\n\t\t\t\t\t\t\t\t\t\t\t\t\t\t\t<\/div>\n\t\t\t\t\t\t<\/div>\n\n\t\t\t\t\t\n\t\t\t\t\t\t\t\t\t\t\t\t<div id=\"faq-257841\" class=\"yith-faqs-item icon-right\">\n\t\t\t\t\t\t\t<div class=\"yith-faqs-title\">\n\t\t\t\t\t\t\t\t\t\t\t\t\t\t\t\t\t<div class=\"icon yfwp-plus\"><\/div>\n\t\t\t\t\t\t\t\t\t\t\t\t\t\t\t\t<b>WIE FINDE ICH F\u00dcR MICH DIE PASSENDE GR\u00d6\u00dfE HERAUS?<\/b>\n\t\t\t\t\t\t\t<\/div>\n\t\t\t\t\t\t\t<div class=\"yith-faqs-content-wrapper\">\n\t\t\t\t\t\t\t\t<div class=\"yith-faqs-content\">\n\t\t\t\t\t\t\t\t\t<p>Klicken Sie auf unsere Gr\u00f6\u00dfentabelle unter dem jeweiligen Produkt und dort finden Sie die wichtigsten Informationen dar\u00fcber, wie Sie die richtige Gr\u00f6\u00dfe f\u00fcr sich finden. Sollten Sie weiterhin unsicher sein, k\u00f6nenn Sie uns gerne kontaktieren.<\/p>\n\t\t\t\t\t\t\t\t<\/div>\n\t\t\t\t\t\t\t\t\t\t\t\t\t\t\t\t\t<div class=\"yith-faqs-link\">\n\t\t\t\t\t\t\t\t\t\t<a class=\"yith-faqs-copy\" href=\"#\" data-faq=\"https:\/\/mnxsportswear.com\/de\/hilfe-kontakt\/#faq-257841\">\n\t\t\t\t\t\t\t\t\t\t\t<span class=\"hover-text\">Copy link<\/span>\n\t\t\t\t\t\t\t\t\t\t\t<span class=\"success-text\">Copied!<\/span>\n\t\t\t\t\t\t\t\t\t\t<\/a>\n\t\t\t\t\t\t\t\t\t<\/div>\n\t\t\t\t\t\t\t\t\t\t\t\t\t\t\t<\/div>\n\t\t\t\t\t\t<\/div>\n\n\t\t\t\t\t\n\t\t\t\t\t\t\t\t\t\t\t\t<div id=\"faq-257840\" class=\"yith-faqs-item icon-right\">\n\t\t\t\t\t\t\t<div class=\"yith-faqs-title\">\n\t\t\t\t\t\t\t\t\t\t\t\t\t\t\t\t\t<div class=\"icon yfwp-plus\"><\/div>\n\t\t\t\t\t\t\t\t\t\t\t\t\t\t\t\t<b>WIE ZAHLE ICH F\u00dcR MEINE BESTELLUNG?<\/b>\n\t\t\t\t\t\t\t<\/div>\n\t\t\t\t\t\t\t<div class=\"yith-faqs-content-wrapper\">\n\t\t\t\t\t\t\t\t<div class=\"yith-faqs-content\">\n\t\t\t\t\t\t\t\t\t<p>MNX Sportswear Online Shop bietet folgende Zahlungsmethoden an:<\/p>\n<ul>\n<li>Kredit\/Debitkarten Zahlung<\/li>\n<li>Paypal<\/li>\n<li>Bank\u00fcberweisung<\/li>\n<li>Per Nachnahme (Slowenien und Italien)<\/li>\n<\/ul>\n\t\t\t\t\t\t\t\t<\/div>\n\t\t\t\t\t\t\t\t\t\t\t\t\t\t\t\t\t<div class=\"yith-faqs-link\">\n\t\t\t\t\t\t\t\t\t\t<a class=\"yith-faqs-copy\" href=\"#\" data-faq=\"https:\/\/mnxsportswear.com\/de\/hilfe-kontakt\/#faq-257840\">\n\t\t\t\t\t\t\t\t\t\t\t<span class=\"hover-text\">Copy link<\/span>\n\t\t\t\t\t\t\t\t\t\t\t<span class=\"success-text\">Copied!<\/span>\n\t\t\t\t\t\t\t\t\t\t<\/a>\n\t\t\t\t\t\t\t\t\t<\/div>\n\t\t\t\t\t\t\t\t\t\t\t\t\t\t\t<\/div>\n\t\t\t\t\t\t<\/div>\n\n\t\t\t\t\t\n\t\t\t\t\t\t\t\t\t\t\t\t<div id=\"faq-257837\" class=\"yith-faqs-item icon-right\">\n\t\t\t\t\t\t\t<div class=\"yith-faqs-title\">\n\t\t\t\t\t\t\t\t\t\t\t\t\t\t\t\t\t<div class=\"icon yfwp-plus\"><\/div>\n\t\t\t\t\t\t\t\t\t\t\t\t\t\t\t\t<b>WO GEBE ICH EINEN GUTSCHEINCODE EIN?<\/b>\n\t\t\t\t\t\t\t<\/div>\n\t\t\t\t\t\t\t<div class=\"yith-faqs-content-wrapper\">\n\t\t\t\t\t\t\t\t<div class=\"yith-faqs-content\">\n\t\t\t\t\t\t\t\t\t<p>Ihren Gutscheincode k\u00f6nnen Sie direkt im Warenkorb eingeben.<\/p>\n\t\t\t\t\t\t\t\t<\/div>\n\t\t\t\t\t\t\t\t\t\t\t\t\t\t\t\t\t<div class=\"yith-faqs-link\">\n\t\t\t\t\t\t\t\t\t\t<a class=\"yith-faqs-copy\" href=\"#\" data-faq=\"https:\/\/mnxsportswear.com\/de\/hilfe-kontakt\/#faq-257837\">\n\t\t\t\t\t\t\t\t\t\t\t<span class=\"hover-text\">Copy link<\/span>\n\t\t\t\t\t\t\t\t\t\t\t<span class=\"success-text\">Copied!<\/span>\n\t\t\t\t\t\t\t\t\t\t<\/a>\n\t\t\t\t\t\t\t\t\t<\/div>\n\t\t\t\t\t\t\t\t\t\t\t\t\t\t\t<\/div>\n\t\t\t\t\t\t<\/div>\n\n\t\t\t\t\t\n\t\t\t\t\t\t\t\t\t\t\t\t<div id=\"faq-257836\" class=\"yith-faqs-item icon-right\">\n\t\t\t\t\t\t\t<div class=\"yith-faqs-title\">\n\t\t\t\t\t\t\t\t\t\t\t\t\t\t\t\t\t<div class=\"icon yfwp-plus\"><\/div>\n\t\t\t\t\t\t\t\t\t\t\t\t\t\t\t\t<b>WIE HOCH IST DER MINDESTBESTELLWERT?<\/b>\n\t\t\t\t\t\t\t<\/div>\n\t\t\t\t\t\t\t<div class=\"yith-faqs-content-wrapper\">\n\t\t\t\t\t\t\t\t<div class=\"yith-faqs-content\">\n\t\t\t\t\t\t\t\t\t<p>Es gibt keinen Mindestbestellwert.<\/p>\n\t\t\t\t\t\t\t\t<\/div>\n\t\t\t\t\t\t\t\t\t\t\t\t\t\t\t\t\t<div class=\"yith-faqs-link\">\n\t\t\t\t\t\t\t\t\t\t<a class=\"yith-faqs-copy\" href=\"#\" data-faq=\"https:\/\/mnxsportswear.com\/de\/hilfe-kontakt\/#faq-257836\">\n\t\t\t\t\t\t\t\t\t\t\t<span class=\"hover-text\">Copy link<\/span>\n\t\t\t\t\t\t\t\t\t\t\t<span class=\"success-text\">Copied!<\/span>\n\t\t\t\t\t\t\t\t\t\t<\/a>\n\t\t\t\t\t\t\t\t\t<\/div>\n\t\t\t\t\t\t\t\t\t\t\t\t\t\t\t<\/div>\n\t\t\t\t\t\t<\/div>\n\n\t\t\t\t\t\n\t\t\t\t\t\t\t\t\t\t\t\t<div id=\"faq-257835\" class=\"yith-faqs-item icon-right\">\n\t\t\t\t\t\t\t<div class=\"yith-faqs-title\">\n\t\t\t\t\t\t\t\t\t\t\t\t\t\t\t\t\t<div class=\"icon yfwp-plus\"><\/div>\n\t\t\t\t\t\t\t\t\t\t\t\t\t\t\t\t<b>WIE HOCH SIND DIE VERSANDKOSTEN?<\/b>\n\t\t\t\t\t\t\t<\/div>\n\t\t\t\t\t\t\t<div class=\"yith-faqs-content-wrapper\">\n\t\t\t\t\t\t\t\t<div class=\"yith-faqs-content\">\n\t\t\t\t\t\t\t\t\t<p>Wir bieten einen normalen Standardversand an. Die Versandkosten innerhalb der EU belaufen sich auf 4,50\u20ac. F\u00fcr alle anderen L\u00e4ndern betragen die Versandkosten 9,00\u20ac.<\/p>\n\t\t\t\t\t\t\t\t<\/div>\n\t\t\t\t\t\t\t\t\t\t\t\t\t\t\t\t\t<div class=\"yith-faqs-link\">\n\t\t\t\t\t\t\t\t\t\t<a class=\"yith-faqs-copy\" href=\"#\" data-faq=\"https:\/\/mnxsportswear.com\/de\/hilfe-kontakt\/#faq-257835\">\n\t\t\t\t\t\t\t\t\t\t\t<span class=\"hover-text\">Copy link<\/span>\n\t\t\t\t\t\t\t\t\t\t\t<span class=\"success-text\">Copied!<\/span>\n\t\t\t\t\t\t\t\t\t\t<\/a>\n\t\t\t\t\t\t\t\t\t<\/div>\n\t\t\t\t\t\t\t\t\t\t\t\t\t\t\t<\/div>\n\t\t\t\t\t\t<\/div>\n\n\t\t\t\t\t\n\t\t\t\t\t\t\t\t\t\t\t\t<div id=\"faq-257833\" class=\"yith-faqs-item icon-right\">\n\t\t\t\t\t\t\t<div class=\"yith-faqs-title\">\n\t\t\t\t\t\t\t\t\t\t\t\t\t\t\t\t\t<div class=\"icon yfwp-plus\"><\/div>\n\t\t\t\t\t\t\t\t\t\t\t\t\t\t\t\t<b>AN WELCHE L\u00c4NDER LIEFERT MNX?<\/b>\n\t\t\t\t\t\t\t<\/div>\n\t\t\t\t\t\t\t<div class=\"yith-faqs-content-wrapper\">\n\t\t\t\t\t\t\t\t<div class=\"yith-faqs-content\">\n\t\t\t\t\t\t\t\t\t<p>Wir liefern MNX weltweit.<\/p>\n\t\t\t\t\t\t\t\t<\/div>\n\t\t\t\t\t\t\t\t\t\t\t\t\t\t\t\t\t<div class=\"yith-faqs-link\">\n\t\t\t\t\t\t\t\t\t\t<a class=\"yith-faqs-copy\" href=\"#\" data-faq=\"https:\/\/mnxsportswear.com\/de\/hilfe-kontakt\/#faq-257833\">\n\t\t\t\t\t\t\t\t\t\t\t<span class=\"hover-text\">Copy link<\/span>\n\t\t\t\t\t\t\t\t\t\t\t<span class=\"success-text\">Copied!<\/span>\n\t\t\t\t\t\t\t\t\t\t<\/a>\n\t\t\t\t\t\t\t\t\t<\/div>\n\t\t\t\t\t\t\t\t\t\t\t\t\t\t\t<\/div>\n\t\t\t\t\t\t<\/div>\n\n\t\t\t\t\t\n\t\t\t\t\t\t\t\t\t\t\t\t<div id=\"faq-257831\" class=\"yith-faqs-item icon-right\">\n\t\t\t\t\t\t\t<div class=\"yith-faqs-title\">\n\t\t\t\t\t\t\t\t\t\t\t\t\t\t\t\t\t<div class=\"icon yfwp-plus\"><\/div>\n\t\t\t\t\t\t\t\t\t\t\t\t\t\t\t\t<b>WIE KANN ICH MEINE BESTELLUNG NACHVERFOLGEN?<\/b>\n\t\t\t\t\t\t\t<\/div>\n\t\t\t\t\t\t\t<div class=\"yith-faqs-content-wrapper\">\n\t\t\t\t\t\t\t\t<div class=\"yith-faqs-content\">\n\t\t\t\t\t\t\t\t\t<p>Wenn wir Ihren Bestellung vervollst\u00e4ndigt haben, erhalten Sie eine Best\u00e4tigungsmail. F\u00fcr weitere Fragen betreffend Ihres Lieferstatus k\u00f6nnen Sie uns unter <a href=\"mailto:info@mnxsportswear.com\">info@mnxsportswear.com<\/a> kontaktieren.<\/p>\n\t\t\t\t\t\t\t\t<\/div>\n\t\t\t\t\t\t\t\t\t\t\t\t\t\t\t\t\t<div class=\"yith-faqs-link\">\n\t\t\t\t\t\t\t\t\t\t<a class=\"yith-faqs-copy\" href=\"#\" data-faq=\"https:\/\/mnxsportswear.com\/de\/hilfe-kontakt\/#faq-257831\">\n\t\t\t\t\t\t\t\t\t\t\t<span class=\"hover-text\">Copy link<\/span>\n\t\t\t\t\t\t\t\t\t\t\t<span class=\"success-text\">Copied!<\/span>\n\t\t\t\t\t\t\t\t\t\t<\/a>\n\t\t\t\t\t\t\t\t\t<\/div>\n\t\t\t\t\t\t\t\t\t\t\t\t\t\t\t<\/div>\n\t\t\t\t\t\t<\/div>\n\n\t\t\t\t\t\n\t\t\t\t\t\t\t\t\t\t\t\t<div id=\"faq-257830\" class=\"yith-faqs-item icon-right\">\n\t\t\t\t\t\t\t<div class=\"yith-faqs-title\">\n\t\t\t\t\t\t\t\t\t\t\t\t\t\t\t\t\t<div class=\"icon yfwp-plus\"><\/div>\n\t\t\t\t\t\t\t\t\t\t\t\t\t\t\t\t<b>WURDE MEINE BESTELLUNG ERFOLGREICH ANGENOMMEN?<\/b>\n\t\t\t\t\t\t\t<\/div>\n\t\t\t\t\t\t\t<div class=\"yith-faqs-content-wrapper\">\n\t\t\t\t\t\t\t\t<div class=\"yith-faqs-content\">\n\t\t\t\t\t\t\t\t\t<p>Sie erhalten immer eine Best\u00e4tigunsmail nach Vervollst\u00e4ndigung Ihrer Bestellung.<\/p>\n\t\t\t\t\t\t\t\t<\/div>\n\t\t\t\t\t\t\t\t\t\t\t\t\t\t\t\t\t<div class=\"yith-faqs-link\">\n\t\t\t\t\t\t\t\t\t\t<a class=\"yith-faqs-copy\" href=\"#\" data-faq=\"https:\/\/mnxsportswear.com\/de\/hilfe-kontakt\/#faq-257830\">\n\t\t\t\t\t\t\t\t\t\t\t<span class=\"hover-text\">Copy link<\/span>\n\t\t\t\t\t\t\t\t\t\t\t<span class=\"success-text\">Copied!<\/span>\n\t\t\t\t\t\t\t\t\t\t<\/a>\n\t\t\t\t\t\t\t\t\t<\/div>\n\t\t\t\t\t\t\t\t\t\t\t\t\t\t\t<\/div>\n\t\t\t\t\t\t<\/div>\n\n\t\t\t\t\t\n\t\t\t\t\t\t\t\t\t\t\t\t<div id=\"faq-257828\" class=\"yith-faqs-item icon-right\">\n\t\t\t\t\t\t\t<div class=\"yith-faqs-title\">\n\t\t\t\t\t\t\t\t\t\t\t\t\t\t\t\t\t<div class=\"icon yfwp-plus\"><\/div>\n\t\t\t\t\t\t\t\t\t\t\t\t\t\t\t\t<b>WARUM HABE ICH KEINE BEST\u00c4TIGUNGSMAIL NACH DEM KAUF ERHALTEN?<\/b>\n\t\t\t\t\t\t\t<\/div>\n\t\t\t\t\t\t\t<div class=\"yith-faqs-content-wrapper\">\n\t\t\t\t\t\t\t\t<div class=\"yith-faqs-content\">\n\t\t\t\t\t\t\t\t\t<p>Der Grund warum Sie keine Mail erhalten haben, kann ein interner Systemfehler sein. Die Mail kann auch automatisch von Ihrem Mail-Provider als Spam eingestuft worden sein. Ein anderer Grund kann auch die fehlerhafte Eingabe Ihrer Mail-Adresse sein, welche Sie in Ihrer Registrierung eingegeben haben. In jedem Fall kontaktieren Sie, damit wir Ihnen den Status Ihrer Bestellung mitteilen k\u00f6nnen.<\/p>\n\t\t\t\t\t\t\t\t<\/div>\n\t\t\t\t\t\t\t\t\t\t\t\t\t\t\t\t\t<div class=\"yith-faqs-link\">\n\t\t\t\t\t\t\t\t\t\t<a class=\"yith-faqs-copy\" href=\"#\" data-faq=\"https:\/\/mnxsportswear.com\/de\/hilfe-kontakt\/#faq-257828\">\n\t\t\t\t\t\t\t\t\t\t\t<span class=\"hover-text\">Copy link<\/span>\n\t\t\t\t\t\t\t\t\t\t\t<span class=\"success-text\">Copied!<\/span>\n\t\t\t\t\t\t\t\t\t\t<\/a>\n\t\t\t\t\t\t\t\t\t<\/div>\n\t\t\t\t\t\t\t\t\t\t\t\t\t\t\t<\/div>\n\t\t\t\t\t\t<\/div>\n\n\t\t\t\t\t\n\t\t\t\t\t\t\t\t\t\t\t\t<div id=\"faq-257827\" class=\"yith-faqs-item icon-right\">\n\t\t\t\t\t\t\t<div class=\"yith-faqs-title\">\n\t\t\t\t\t\t\t\t\t\t\t\t\t\t\t\t\t<div class=\"icon yfwp-plus\"><\/div>\n\t\t\t\t\t\t\t\t\t\t\t\t\t\t\t\t<b>KANN ICH MEINE BESTELLUNG \u00c4NDERN?<\/b>\n\t\t\t\t\t\t\t<\/div>\n\t\t\t\t\t\t\t<div class=\"yith-faqs-content-wrapper\">\n\t\t\t\t\t\t\t\t<div class=\"yith-faqs-content\">\n\t\t\t\t\t\t\t\t\t<p>Wenn Sie unabsichtlich einen falschen Artikel oder Gr\u00f6\u00dfe angegeben haben, kontaktieren Sie uns bitte so rasch wie m\u00f6glich. Wir k\u00f6nnen gerne \u00c4nderungen vornehmen, jedoch nur wenn Ihre Bestellung nicht vollst\u00e4ndig abgeschlossen ist. Nach der vollst\u00e4ndigen Bestellung verschicken wir Ihre Ware so schnell wie m\u00f6glich.<\/p>\n<p><strong>Hinweis:<\/strong> Wenn Sie ein personalisiertes Produkt, ist es sehr wichtig das sie uns sofort nach der Bestellung kontaktieren. Personalisierte Produkte k\u00f6nnen auch sehr schnell fertiggestellt werden und diese kann man nicht mehr \u00e4ndern.<\/p>\n\t\t\t\t\t\t\t\t<\/div>\n\t\t\t\t\t\t\t\t\t\t\t\t\t\t\t\t\t<div class=\"yith-faqs-link\">\n\t\t\t\t\t\t\t\t\t\t<a class=\"yith-faqs-copy\" href=\"#\" data-faq=\"https:\/\/mnxsportswear.com\/de\/hilfe-kontakt\/#faq-257827\">\n\t\t\t\t\t\t\t\t\t\t\t<span class=\"hover-text\">Copy link<\/span>\n\t\t\t\t\t\t\t\t\t\t\t<span class=\"success-text\">Copied!<\/span>\n\t\t\t\t\t\t\t\t\t\t<\/a>\n\t\t\t\t\t\t\t\t\t<\/div>\n\t\t\t\t\t\t\t\t\t\t\t\t\t\t\t<\/div>\n\t\t\t\t\t\t<\/div>\n\n\t\t\t\t\t\n\t\t\t\t\t\t\t\t\t\t\t\t<div id=\"faq-257826\" class=\"yith-faqs-item icon-right\">\n\t\t\t\t\t\t\t<div class=\"yith-faqs-title\">\n\t\t\t\t\t\t\t\t\t\t\t\t\t\t\t\t\t<div class=\"icon yfwp-plus\"><\/div>\n\t\t\t\t\t\t\t\t\t\t\t\t\t\t\t\t<b>KANN ICH MEINE BESTELLUNG STORNIEREN?<\/b>\n\t\t\t\t\t\t\t<\/div>\n\t\t\t\t\t\t\t<div class=\"yith-faqs-content-wrapper\">\n\t\t\t\t\t\t\t\t<div class=\"yith-faqs-content\">\n\t\t\t\t\t\t\t\t\t<p>Sie k\u00f6nnen Ihre Bestellung stornieren, aber nur wenn diese nicht vollst\u00e4ndig ist und bereits verschickt wurde. Bitte kontaktieren Sie uns auf <a href=\"mailto:info@mnxsportswear.com\">info@mnxsportswear.com<\/a> so schnell wie m\u00f6glich.<\/p>\n<p><strong>Hinweis:<\/strong> Wenn Sie ein personalisiertes Produkt, ist es sehr wichtig das sie uns sofort nach der Bestellung kontaktieren. Personalisierte Produkte k\u00f6nnen auch sehr schnell fertiggestellt werden und diese kann man nicht mehr \u00e4ndern.<\/p>\n\t\t\t\t\t\t\t\t<\/div>\n\t\t\t\t\t\t\t\t\t\t\t\t\t\t\t\t\t<div class=\"yith-faqs-link\">\n\t\t\t\t\t\t\t\t\t\t<a class=\"yith-faqs-copy\" href=\"#\" data-faq=\"https:\/\/mnxsportswear.com\/de\/hilfe-kontakt\/#faq-257826\">\n\t\t\t\t\t\t\t\t\t\t\t<span class=\"hover-text\">Copy link<\/span>\n\t\t\t\t\t\t\t\t\t\t\t<span class=\"success-text\">Copied!<\/span>\n\t\t\t\t\t\t\t\t\t\t<\/a>\n\t\t\t\t\t\t\t\t\t<\/div>\n\t\t\t\t\t\t\t\t\t\t\t\t\t\t\t<\/div>\n\t\t\t\t\t\t<\/div>\n\n\t\t\t\t\t\n\t\t\t\t\t\t\t\t\t\t\t\t<div id=\"faq-257824\" class=\"yith-faqs-item icon-right\">\n\t\t\t\t\t\t\t<div class=\"yith-faqs-title\">\n\t\t\t\t\t\t\t\t\t\t\t\t\t\t\t\t\t<div class=\"icon yfwp-plus\"><\/div>\n\t\t\t\t\t\t\t\t\t\t\t\t\t\t\t\t<b>WAS PASSIERT WENN EIN PRODUKT NICHT IN DER BESTELLTEN GR\u00d6\u00dfE ODER FARBE ERH\u00c4LTLICH IST?<\/b>\n\t\t\t\t\t\t\t<\/div>\n\t\t\t\t\t\t\t<div class=\"yith-faqs-content-wrapper\">\n\t\t\t\t\t\t\t\t<div class=\"yith-faqs-content\">\n\t\t\t\t\t\t\t\t\t<p>Wir veruschen den Lagerbestand st\u00e4ndig auf den neusten Stand zu bringen, aber manchmal kann es dennoch vorkommen, dass ein Produkt ausverkauft bleibt. Wir informieren Sie \u00fcber das Problem und teilen Ihnen auch mit, dass wir die Bestellung nicht annehmen k\u00f6nnen<\/p>\n\t\t\t\t\t\t\t\t<\/div>\n\t\t\t\t\t\t\t\t\t\t\t\t\t\t\t\t\t<div class=\"yith-faqs-link\">\n\t\t\t\t\t\t\t\t\t\t<a class=\"yith-faqs-copy\" href=\"#\" data-faq=\"https:\/\/mnxsportswear.com\/de\/hilfe-kontakt\/#faq-257824\">\n\t\t\t\t\t\t\t\t\t\t\t<span class=\"hover-text\">Copy link<\/span>\n\t\t\t\t\t\t\t\t\t\t\t<span class=\"success-text\">Copied!<\/span>\n\t\t\t\t\t\t\t\t\t\t<\/a>\n\t\t\t\t\t\t\t\t\t<\/div>\n\t\t\t\t\t\t\t\t\t\t\t\t\t\t\t<\/div>\n\t\t\t\t\t\t<\/div>\n\n\t\t\t\t\t\n\t\t\t\t\t\t\t\t\t\t\t\t<div id=\"faq-257823\" class=\"yith-faqs-item icon-right\">\n\t\t\t\t\t\t\t<div class=\"yith-faqs-title\">\n\t\t\t\t\t\t\t\t\t\t\t\t\t\t\t\t\t<div class=\"icon yfwp-plus\"><\/div>\n\t\t\t\t\t\t\t\t\t\t\t\t\t\t\t\t<b>WAS PASSIERT MIT MEINEM PAKET WENN ICH NICHT ZU HAUSE BIN?<\/b>\n\t\t\t\t\t\t\t<\/div>\n\t\t\t\t\t\t\t<div class=\"yith-faqs-content-wrapper\">\n\t\t\t\t\t\t\t\t<div class=\"yith-faqs-content\">\n\t\t\t\t\t\t\t\t\t<p>Wenn der Lieferdienst Sie nicht zu Hause antrifft, erhalten Sie eine Benachrichtigung \u00fcber einen zweiten Zustellversuch.<\/p>\n\t\t\t\t\t\t\t\t<\/div>\n\t\t\t\t\t\t\t\t\t\t\t\t\t\t\t\t\t<div class=\"yith-faqs-link\">\n\t\t\t\t\t\t\t\t\t\t<a class=\"yith-faqs-copy\" href=\"#\" data-faq=\"https:\/\/mnxsportswear.com\/de\/hilfe-kontakt\/#faq-257823\">\n\t\t\t\t\t\t\t\t\t\t\t<span class=\"hover-text\">Copy link<\/span>\n\t\t\t\t\t\t\t\t\t\t\t<span class=\"success-text\">Copied!<\/span>\n\t\t\t\t\t\t\t\t\t\t<\/a>\n\t\t\t\t\t\t\t\t\t<\/div>\n\t\t\t\t\t\t\t\t\t\t\t\t\t\t\t<\/div>\n\t\t\t\t\t\t<\/div>\n\n\t\t\t\t\t\n\t\t\t\t\t\t\t\t\t\t\t\t<div id=\"faq-257821\" class=\"yith-faqs-item icon-right\">\n\t\t\t\t\t\t\t<div class=\"yith-faqs-title\">\n\t\t\t\t\t\t\t\t\t\t\t\t\t\t\t\t\t<div class=\"icon yfwp-plus\"><\/div>\n\t\t\t\t\t\t\t\t\t\t\t\t\t\t\t\t<b>WIE WASCHE ICH MEINE MNX KLEIDUNG?<\/b>\n\t\t\t\t\t\t\t<\/div>\n\t\t\t\t\t\t\t<div class=\"yith-faqs-content-wrapper\">\n\t\t\t\t\t\t\t\t<div class=\"yith-faqs-content\">\n\t\t\t\t\t\t\t\t\t<p>Bitte achten Sie auf die Hinweise auf jedem einzelnen Produkt. Viele unserer Artikel d\u00fcrfen nicht in den Trockner gegeben werden. Allgemein gilt, mit 30\u00b0 waschen und b\u00fcgeln Sie ihre MNX Kleidung so dass die Schrift und die Grafiken nach innen zeigen. Einige unserer personalisierten Produkte d\u00fcrfen ausschlie\u00dflich mit der Hand gewaschen werden (Produkte mit goldenem oder silbernem Schriftzug).<\/p>\n\t\t\t\t\t\t\t\t<\/div>\n\t\t\t\t\t\t\t\t\t\t\t\t\t\t\t\t\t<div class=\"yith-faqs-link\">\n\t\t\t\t\t\t\t\t\t\t<a class=\"yith-faqs-copy\" href=\"#\" data-faq=\"https:\/\/mnxsportswear.com\/de\/hilfe-kontakt\/#faq-257821\">\n\t\t\t\t\t\t\t\t\t\t\t<span class=\"hover-text\">Copy link<\/span>\n\t\t\t\t\t\t\t\t\t\t\t<span class=\"success-text\">Copied!<\/span>\n\t\t\t\t\t\t\t\t\t\t<\/a>\n\t\t\t\t\t\t\t\t\t<\/div>\n\t\t\t\t\t\t\t\t\t\t\t\t\t\t\t<\/div>\n\t\t\t\t\t\t<\/div>\n\n\t\t\t\t\t\n\t\t\t\t\t\t\t\t\t\t\t\t<div id=\"faq-257819\" class=\"yith-faqs-item icon-right\">\n\t\t\t\t\t\t\t<div class=\"yith-faqs-title\">\n\t\t\t\t\t\t\t\t\t\t\t\t\t\t\t\t\t<div class=\"icon yfwp-plus\"><\/div>\n\t\t\t\t\t\t\t\t\t\t\t\t\t\t\t\t<b>WAS BEDEUTET DER BEGRIFF ,,PERSONALISIERTES PRODUKT&#8221;?<\/b>\n\t\t\t\t\t\t\t<\/div>\n\t\t\t\t\t\t\t<div class=\"yith-faqs-content-wrapper\">\n\t\t\t\t\t\t\t\t<div class=\"yith-faqs-content\">\n\t\t\t\t\t\t\t\t\t<p>Ein personalisiertes Produkt ist ein Produkt welches speziell f\u00fcr Sie hergestellt wurde. Sie k\u00f6nnen einen Namen, eine Nummer, eine Farbe, ein Logo und eine Schrift f\u00fcr Ihr Produkt ausw\u00e4hlen.<\/p>\n\t\t\t\t\t\t\t\t<\/div>\n\t\t\t\t\t\t\t\t\t\t\t\t\t\t\t\t\t<div class=\"yith-faqs-link\">\n\t\t\t\t\t\t\t\t\t\t<a class=\"yith-faqs-copy\" href=\"#\" data-faq=\"https:\/\/mnxsportswear.com\/de\/hilfe-kontakt\/#faq-257819\">\n\t\t\t\t\t\t\t\t\t\t\t<span class=\"hover-text\">Copy link<\/span>\n\t\t\t\t\t\t\t\t\t\t\t<span class=\"success-text\">Copied!<\/span>\n\t\t\t\t\t\t\t\t\t\t<\/a>\n\t\t\t\t\t\t\t\t\t<\/div>\n\t\t\t\t\t\t\t\t\t\t\t\t\t\t\t<\/div>\n\t\t\t\t\t\t<\/div>\n\n\t\t\t\t\t\n\t\t\t\t\t\t\t\t\t\t\t\t<div id=\"faq-257817\" class=\"yith-faqs-item icon-right\">\n\t\t\t\t\t\t\t<div class=\"yith-faqs-title\">\n\t\t\t\t\t\t\t\t\t\t\t\t\t\t\t\t\t<div class=\"icon yfwp-plus\"><\/div>\n\t\t\t\t\t\t\t\t\t\t\t\t\t\t\t\t<b>KANN ICH EIN MNX ARTIKEL RETOURNIEREN?<\/b>\n\t\t\t\t\t\t\t<\/div>\n\t\t\t\t\t\t\t<div class=\"yith-faqs-content-wrapper\">\n\t\t\t\t\t\t\t\t<div class=\"yith-faqs-content\">\n\t\t\t\t\t\t\t\t\t<p>Wenn Sie mit Ihrer Bestellung nicht zufrieden sind, haben Sie 30 Tage Zeit die Ware an uns zur\u00fcckzuschicken:<\/p>\n<p>Unternehmensname:<strong> ARBOS d.o.o.<br \/>\n<\/strong>Adresse:<strong> BATUJE 1F<br \/>\n<\/strong>Postleitzahl:<strong> 5262 \u010cRNI\u010cE<br \/>\n<\/strong>Land:<strong> SLOVENIA,\u00a0 EUROPE<\/strong><\/p>\n<p><strong>Das Widerrufsrecht wird durch diese frewillige R\u00fcckgabem\u00f6glichkeit nicht eingeschr\u00e4nkt, da die nachfolgenden Bedingungen erst nach Ablauf der gesetzlichen Widerrufsfrist gelten. Siehe Seite Widerrufsrecht.<\/strong><\/p>\n\t\t\t\t\t\t\t\t<\/div>\n\t\t\t\t\t\t\t\t\t\t\t\t\t\t\t\t\t<div class=\"yith-faqs-link\">\n\t\t\t\t\t\t\t\t\t\t<a class=\"yith-faqs-copy\" href=\"#\" data-faq=\"https:\/\/mnxsportswear.com\/de\/hilfe-kontakt\/#faq-257817\">\n\t\t\t\t\t\t\t\t\t\t\t<span class=\"hover-text\">Copy link<\/span>\n\t\t\t\t\t\t\t\t\t\t\t<span class=\"success-text\">Copied!<\/span>\n\t\t\t\t\t\t\t\t\t\t<\/a>\n\t\t\t\t\t\t\t\t\t<\/div>\n\t\t\t\t\t\t\t\t\t\t\t\t\t\t\t<\/div>\n\t\t\t\t\t\t<\/div>\n\n\t\t\t\t\t\n\t\t\t\t\t\t\t\t\t\t\t\t<div id=\"faq-257812\" class=\"yith-faqs-item icon-right\">\n\t\t\t\t\t\t\t<div class=\"yith-faqs-title\">\n\t\t\t\t\t\t\t\t\t\t\t\t\t\t\t\t\t<div class=\"icon yfwp-plus\"><\/div>\n\t\t\t\t\t\t\t\t\t\t\t\t\t\t\t\t<b>WIE KONTAKTIERE ICH DAS MNX SUPPORT TEAM?<\/b>\n\t\t\t\t\t\t\t<\/div>\n\t\t\t\t\t\t\t<div class=\"yith-faqs-content-wrapper\">\n\t\t\t\t\t\t\t\t<div class=\"yith-faqs-content\">\n\t\t\t\t\t\t\t\t\t<p>Kontaktieren Sie uns via Mail (<u>info@mnxsportswear.com<\/u>) oder rufen Sie uns einfach von Montag bis Freitag von 9 &#8211; 16 Uhr an (<u>+38651899599<\/u>).<\/p>\n\t\t\t\t\t\t\t\t<\/div>\n\t\t\t\t\t\t\t\t\t\t\t\t\t\t\t\t\t<div class=\"yith-faqs-link\">\n\t\t\t\t\t\t\t\t\t\t<a class=\"yith-faqs-copy\" href=\"#\" data-faq=\"https:\/\/mnxsportswear.com\/de\/hilfe-kontakt\/#faq-257812\">\n\t\t\t\t\t\t\t\t\t\t\t<span class=\"hover-text\">Copy link<\/span>\n\t\t\t\t\t\t\t\t\t\t\t<span class=\"success-text\">Copied!<\/span>\n\t\t\t\t\t\t\t\t\t\t<\/a>\n\t\t\t\t\t\t\t\t\t<\/div>\n\t\t\t\t\t\t\t\t\t\t\t\t\t\t\t<\/div>\n\t\t\t\t\t\t<\/div>\n\n\t\t\t\t\t\n\t\t\t\t<\/div>\n\t\t\t\t\t\t\t<\/div>\n\t\t\t\t\t\t\t\t\t\t\t<\/div>\n\t\t\t\t<\/div>\n\t\t\t\t\t<\/div>\n\t\t<\/div>\n\t\t\t\t\t<\/div>\n\t\t<\/section>\n\t\t\t\t<\/div>\n\t\t","protected":false},"excerpt":{"rendered":"","protected":false},"author":1,"featured_media":0,"parent":0,"menu_order":0,"comment_status":"closed","ping_status":"closed","template":"template-fullwidth.php","meta":{"footnotes":""},"class_list":["post-257808","page","type-page","status-publish","hentry"],"_links":{"self":[{"href":"https:\/\/mnxsportswear.com\/de\/wp-json\/wp\/v2\/pages\/257808","targetHints":{"allow":["GET"]}}],"collection":[{"href":"https:\/\/mnxsportswear.com\/de\/wp-json\/wp\/v2\/pages"}],"about":[{"href":"https:\/\/mnxsportswear.com\/de\/wp-json\/wp\/v2\/types\/page"}],"author":[{"embeddable":true,"href":"https:\/\/mnxsportswear.com\/de\/wp-json\/wp\/v2\/users\/1"}],"replies":[{"embeddable":true,"href":"https:\/\/mnxsportswear.com\/de\/wp-json\/wp\/v2\/comments?post=257808"}],"version-history":[{"count":0,"href":"https:\/\/mnxsportswear.com\/de\/wp-json\/wp\/v2\/pages\/257808\/revisions"}],"wp:attachment":[{"href":"https:\/\/mnxsportswear.com\/de\/wp-json\/wp\/v2\/media?parent=257808"}],"curies":[{"name":"wp","href":"https:\/\/api.w.org\/{rel}","templated":true}]}}