{"id":257875,"date":"2018-05-21T14:41:19","date_gmt":"2018-05-21T12:41:19","guid":{"rendered":"https:\/\/mnxsportswear.com\/privacy-policy\/"},"modified":"2025-12-03T22:10:31","modified_gmt":"2025-12-03T21:10:31","slug":"datenschutz","status":"publish","type":"page","link":"https:\/\/mnxsportswear.com\/de\/datenschutz\/","title":{"rendered":"Datenschutz"},"content":{"rendered":"<div class=\"row containerym\">\n<div class=\"breadym\">\n<div class=\"row\">\n<div class=\"col-lg-2 col-md-2 col-sm-1 col-xs-12\">\n<p><strong>Datenschutz und Cookies<\/strong><\/p>\n<p><strong>MNX SPORTSWEAR\u2019S DATENSCHUTZERKL\u00c4RUNG<\/strong><\/p>\n<p>Gem\u00e4\u00df der im Mai 2018 in Kraft tretenden Datenschutz-Grundverordnung, d\u00fcrfen wir Ihnen Informationen zum Umgang mit vertraulichen Daten und Sicherheit weiter geben.<\/p>\n<p>Nachfolgend eine \u00dcbersicht, welche pers\u00f6nlichen Daten wir von Ihnen erheben und wozu wir diese nutzen. Ferner teilen wir Ihnen mit, wie wir Ihre Daten sch\u00fctzen, an wen wir sie weitergeben und an wen Sie sich betreffend Berichtigung oder L\u00f6schung Ihrer pers\u00f6nlichen Daten wenden k\u00f6nnen.<\/p>\n<p>Mit der Zustimmung zu der nachfolgenden Datenschutzerkl\u00e4rung willigen Sie gegen\u00fcber der Firma Arbos d.o.o. die Erhebung, Verarbeitung und Nutzung unter Beachtung der Datenschutzgesetze und der nachfolgenden Bestimmungen ein. Die Einwilligung k\u00f6nnen Sie jederzeit mit Wirkung f\u00fcr die Zukunft widerrufen.<\/p>\n<p>.<\/p>\n<p>Wer wir sind<\/p>\n<p>Link direkt zu unserer Homepage:<br \/>\n<a href=\"https:\/\/www.mnxsportswear.com\/\" target=\"_blank\" rel=\"noopener noreferrer nofollow\">www.mnxsportswear.com\/de<\/a><\/p>\n<p><strong>Company information:<\/strong><\/p>\n<p>MNX d.o.o.<br \/>\nBatuje 1 f<br \/>\n5262 \u010crni\u010de<br \/>\nSlovenia<br \/>\nE-MAIL: info@mnxsportswear.com<br \/>\nVAT ID: SI73212130 \u2013\u00a0 valid VAT member<\/p>\n<p>Welche Daten wir erheben und weshalb?<\/p>\n<p>Lesen Sie hier nach: <a href=\"\/en?page_id=257156\">mnxsportswear.com\/de\/mein-konto<\/a><\/p>\n<p>Pers\u00f6nliche Daten sind all jene welche zum Kunden geh\u00f6ren und diesen auch identifizieren. MNX Sportswear limitiert die Anfrage pers\u00f6nlicher Daten aufs Minimum, diese sollte nur ausreichend sein um Ihnen den besten Service anbieten zu k\u00f6nnen. Der Gro\u00dfteil von Informationen welche wir sammeln ist notwendig um einen Kauf zu t\u00e4tigen oder eine R\u00fcckgabe entgegen zu nehmen.<\/p>\n<p>Beispiele dieser Informationen sind z.B. der Name, die Adresse, Telefonnummer, E-Mail, Kreditkarteninformationen oder die IP Adresse Ihres Computers.<\/p>\n<p>&nbsp;<\/p>\n<ol>\n<li><strong> E-MAIL ADRESSEN UND ANDERE DATEN<\/strong><\/li>\n<\/ol>\n<p>Wir sammeln die Mail-Adressen und andere pers\u00f6nliche Daten anhand der von Kunden eingegebenen Information w\u00e4hrend der Registrierung oder einem Abschluss einer Bestellung. F\u00fcr diese Art von Promotion verwenden wir den Mailchimp Service. Mailchimp Service speichert die IP-Adressen der Kunden um einen Missbrauch von Daten zu verhindert. Mailchimp speichert auch Click-Raten f\u00fcr statistische Zwecke. Diese Daten werden nicht f\u00fcr andere Zwecke verwendet. Kunden k\u00f6nnen jederzeit Ihre Mail-Adresse l\u00f6schen, mit Hilfe eines Links, welchen wir zu jeder Promotion-Mail beif\u00fcgen.<\/p>\n<p>Wenn Sie sich zu unserem Newsletter anmelden, verwenden wir die hierf\u00fcr erforderlichen oder gesondert von Ihnen mitgeteilten Daten, um Ihnen regelm\u00e4\u00dfig unseren E-Mail- Newsletter aufgrund Ihrer Einwilligung gem\u00e4\u00df Art. 6 Abs. 1 S. 1 lit. a DSGVO zuzusenden. Die Abmeldung vom Newsletter ist jederzeit m\u00f6glich und kann entweder durch eine Nachricht an die unten beschriebene Kontaktm\u00f6glichkeit oder \u00fcber einen daf\u00fcr vorgesehenen Link im Newsletter erfolgen. Nach Abmeldung l\u00f6schen wir Ihre E-Mail-Adresse, soweit Sienicht ausdr\u00fccklich in eine weitere Nutzung Ihrer Daten eingewilligt haben oder wir uns eine dar\u00fcber hinausgehende Datenverwendung vorbehalten, die gesetzlich erlaubt ist und \u00fcber die wir Sie in dieser Erkl\u00e4rung informieren.&#8221;<\/p>\n<ol start=\"2\">\n<li><strong> COOKIES UND STATISTIKEN<\/strong><\/li>\n<\/ol>\n<p>All unsere Erweiterungen und Add-Ons unserer Website, werden nur f\u00fcr unsere Zwecke verwendet und werden nicht an Dritte weitergegeben.<\/p>\n<p>Google Analytics: mnxsportswear.com verwendet Google Analytics um das Verhalten und den Verkehr auf unserer Website zu analysieren.<\/p>\n<p>Facebook Pixel: mnxsportswear.com verwendet FB Pixel um den Umsatz der Websitze zu tracken.<\/p>\n<p>WordPress gepeicherte cookies: Diese Cookies werden von WordPress verwendet um das Login der Besuche, Passwort-Authentifizierung und Benutzer-Authentifizierungen zu authentifizieren.<\/p>\n<p>WooCommerce cookies: diese beobachten das Kaufverhalten der Kunden.<\/p>\n<p>WooCommerce Umsatz tracking: dient zur Aufzeichnung von Login, Checkout und Registrierungserfolgs der Kunden.<\/p>\n<p>Kredit-Karten und PayPal plugin: Wenn der Kunde die Kreditkarte oder Paypal als Zahlungsmittel w\u00e4hlt, kann es passieren, dass wir pers\u00f6nliche Daten des Kunden verwenden um Missbrauch zu vermeiden. Aus diesem Grund kann es sein, dass wir pers\u00f6nliche Informationen des Kunden mit unserem Bankinstitut teilen. Das ist notwendig, damit wir nicht einem Missbrauch geltend gemacht werden k\u00f6nnen oder gar Missbrauch verhindern.<\/p>\n<p>3.<strong> SMS INFO<\/strong><\/p>\n<p>Der f\u00fcr die Verarbeitung Verantwortliche nutzt <b>Cartfox <\/b>f\u00fcr den Versand elektronischer Nachrichten an Einzelpersonen (SMS, Instant-Messaging-Apps, E-Mails). Die Cartfox-Datenschutzerkl\u00e4rung und Informationen \u00fcber den Cartfox-Anbieter finden Sie <a href=\"https:\/\/cartfox.io\/en\/privacy-policy\/\" target=\"_blank\" rel=\"noopener noreferrer nofollow\">hier<\/a>. Der f\u00fcr die Verarbeitung Verantwortliche verwaltet personenbezogene Daten gemeinsam mit dem Cartfox-Anbieter.<\/p>\n<p><b>Personenbezogene Daten <\/b>von Einzelpersonen, die innerhalb von Cartfox verarbeitet werden, umfassen:<\/p>\n<ul>\n<li aria-level=\"1\">E-Mail Adresse;<\/li>\n<li aria-level=\"1\">Telefonnummer;<\/li>\n<li aria-level=\"1\">Informationen \u00fcber die Website oder App, \u00fcber die die E-Mail-Adresse und\/oder Telefonnummer angegeben wurde;<\/li>\n<li aria-level=\"1\">Informationen \u00fcber den Versand der Nachrichten:<\/li>\n<li aria-level=\"1\">\u00a0\u00a0\u00a0 \u00a0\u00a0\u00a0 Art der Nachricht (SMS, Instant Messaging App (Art der App), \u00a0\u00a0\u00a0 \u00a0\u00a0\u00a0 \u00a0\u00a0\u00a0 E-Mail);<\/li>\n<li aria-level=\"1\">\u00a0\u00a0\u00a0 \u00a0\u00a0\u00a0 das Datum des Versands;<\/li>\n<li aria-level=\"1\">\u00a0\u00a0\u00a0 \u00a0\u00a0\u00a0 Uhrzeit des Versands;<\/li>\n<li aria-level=\"1\">\u00a0\u00a0\u00a0 \u00a0\u00a0\u00a0 Inhalt der gesendeten Nachricht (z. B. verlassener Warenkorb, \u00a0\u00a0\u00a0 \u00a0\u00a0\u00a0 \u00a0\u00a0\u00a0 Benachrichtigung \u00fcber einen Rabatt usw.);<\/li>\n<li aria-level=\"1\">Informationen \u00fcber eine nicht zugestellte Nachricht (Datum und Uhrzeit des Eingangs der Benachrichtigung \u00fcber die Unzustellbarkeit);<\/li>\n<li aria-level=\"1\">Informationen \u00fcber die durchgef\u00fchrte Aktion (z. B. Kauf eines Artikels im verlassenen Warenkorb, Kauf eines rabattierten Artikels usw.).<\/li>\n<\/ul>\n<p>Personenbezogene Daten (E-Mail, Telefonnummer) werden <b>automatisch<\/b> an den Anbieter Cartfox, \u00fcbermittelt, wenn eine Person diese Daten auf der Website oder in der App des f\u00fcr die Verarbeitung Verantwortlichen angibt.<\/p>\n<p><b>Die Rechtsgrundlage f\u00fcr die Verarbeitung<\/b> personenbezogener Daten bei der Nutzung des Cartfox-Dienstes ist:<\/p>\n<p>die Einwilligung der betroffenen Person (bei Empf\u00e4ngern, die in den Erhalt von Nachrichten eingewilligt haben);<\/p>\n<p>das berechtigte Interesse des f\u00fcr die Verarbeitung Verantwortlichen (bei Empf\u00e4ngern, die dem Erhalt von Nachrichten nicht zugestimmt haben).<\/p>\n<p>Jede erhaltene Nachricht enth\u00e4lt Anweisungen zur einfachen Abmeldung. Mit der Abmeldung meldet sich der Empf\u00e4nger lediglich vom Erhalt der Cartfox-Nachrichten ab. Wenn Sie sich von allen vom f\u00fcr die Verarbeitung Verantwortlichen versandten Nachrichten abmelden m\u00f6chten, k\u00f6nnen Sie uns unter <a href=\"mailto:sales@dfvu.org\">sales@dfvu.org<\/a> kontaktieren<\/p>\n<p><b>Der Zweck der Verarbeitung personenbezogener Daten <\/b>im Rahmen von Cartfox besteht darin, die Empf\u00e4nger zum Kauf von Produkten oder Dienstleistungen auf der Website oder in der App des f\u00fcr die Verarbeitung Verantwortlichen anzuregen oder ihre Bereitschaft zum Abschluss eines Vertrages zu \u00fcberpr\u00fcfen (z. B. im Falle von Nachrichten \u00fcber einen verlassenen Warenkorb).<\/p>\n<p>Personenbezogene Daten, die im Rahmen von Cartfox erhoben werden, werden <b>nicht an Dritte weitergegeben<\/b> (au\u00dfer an den Cartfox-Anbieter), und der f\u00fcr die Verarbeitung Verantwortliche hat <b>keinen Zugriff <\/b>auf sie. Innerhalb von Cartfox hat der f\u00fcr die Verarbeitung Verantwortliche lediglich Zugriff auf Berichte mit aggregierten und somit anonymisierten Daten (z. B. die Anzahl der versendeten Nachrichten, die Anzahl der K\u00e4ufe \u00fcber versendete Nachrichten usw.).<\/p>\n<p>Personenbezogene Daten, die innerhalb von Cartfox verarbeitet werden, werden <b>nicht an Drittl\u00e4nder oder internationale Organisationen \u00fcbermittelt<\/b>, d. h. sie werden nicht au\u00dferhalb des Hoheitsgebiets der EU-Mitgliedstaaten \u00fcbertragen oder exportiert.<\/p>\n<p>Informationen \u00fcber die <b>Aufbewahrungsfrist <\/b>der bei Cartfox verarbeiteten personenbezogenen Daten, \u00fcber den <b>Schutz <\/b>dieser personenbezogenen Daten und \u00fcber die <b>Rechte <\/b>des Betroffenen in Bezug auf seine personenbezogenen Daten finden Sie in der <a href=\"https:\/\/cartfox.io\/en\/privacy-policy\/\" target=\"_blank\" rel=\"noopener noreferrer nofollow\">Datenschutzerkl\u00e4rung von CARTFOX<\/a>. F\u00fcr weitere Informationen kontaktieren Sie uns unter <a href=\"mailto:sales@dfvu.org\">sales@dfvu.org<\/a> oder den Datenschutzbeauftragten JK Group d.o.o., Stegne 27, 1000 Ljubljana, <a href=\"mailto:dpo@jkgroup.si\">dpo@jkgroup.si<\/a>, + 386 (0)590 91 794.<\/p>\n<p>&nbsp;<\/p>\n<p><strong>Inhalte anderer Websiten<\/strong><\/p>\n<p>MNX Sportswear kann andere Websiten oder Inhalte in Promotionen beif\u00fcgen (zum Beispiel YouTube ).<\/p>\n<p>Diese Websiten k\u00f6nnen ihre Daten, ihre Cookies und andere Verhaltensweisen von Ihnen verwenden.<\/p>\n<p>Mit wem teilen wir Ihre Daten?<\/p>\n<p>Wir teilen Ihre Daten nicht mit Dritten. Wir respektieren ihre Privatsph\u00e4re und handeln auch dementsprechend. Wenn Sie auf unserer Homepage nicht registriert sind, gibt es sowieso keine Informationen die wir nutzen k\u00f6nnen.<\/p>\n<p>Wie lange speichern wir Ihre Daten?<\/p>\n<p>Wir speichern die Daten so lange wir diese ben\u00f6tigen um Ihre Anforderungen zu erf\u00fcllen oder solange bis Sie diese Daten selbst l\u00f6schen. Diese k\u00f6nnen Sie l\u00f6schen, indem Sie uns eine Anfrage auf <a href=\"mailto:info@mnxsportswear.com\">info@mnxsportswear.com<\/a> senden.<\/p>\n<p>Wie sch\u00fctzen wir ihre Daten?<\/p>\n<p>Wir verwenden eine Vielzahl von technischen und organisatorischen Sicherheitsma\u00dfnahmen, um Ihre pers\u00f6nliche Informationen zu sch\u00fctzen.<\/p>\n<p>Welche Rechte haben Sie \u00fcber Ihre Daten?<\/p>\n<p>Wenn Sie sich auf unserer Homepage registrieren, k\u00f6nnen Sie jederzeit eine exportierte Datei auf Anfrage anfordern. Diese beinhaltet alle gespeicherten Daten. Wir k\u00f6nnen alle Daten l\u00f6schen au\u00dfer die Grunddaten, welche notwendig waren um administrative Zwecke zu erf\u00fcllen.<\/p>\n<p>Als Betroffener haben Sie folgende Rechte:<\/p>\n<ul>\n<li>gem\u00e4\u00df Art. 15 DSGVO das Recht, in dem dort bezeichneten Umfang Auskunft \u00fcber Ihre von uns verarbeiteten personenbezoge-nen Daten zu verlangen;<\/li>\n<li>gem\u00e4\u00df Art. 16 DSGVO das Recht, un-verz\u00fcglich die Berichtigung unrichtiger oder Vervollst\u00e4ndigung Ihrer bei uns gespeicherten personenbezogenen Daten zu verlangen;<\/li>\n<li>gem\u00e4\u00df Art. 17 DSGVO das Recht, die L\u00f6schung Ihrer bei uns gespeicherten personenbezogenen Daten zu verlangen, soweit nicht die weitere Verarbeitung<br \/>\n&#8211; zur Aus\u00fcbung des Rechts auf freie Mei-nungs\u00e4u\u00dferung und Information;<br \/>\n&#8211; zur Erf\u00fcllung einer rechtlichen Verpflichtung;<br \/>\n&#8211; aus Gr\u00fcnden des \u00f6ffentlichen Interesses oder<br \/>\n&#8211; zur Geltendmachung, Aus\u00fcbung oder Verteidigung von Rechtsanspr\u00fcchen erforderlich ist;<\/li>\n<li>gem\u00e4\u00df Art. 18 DSGVO das Recht, die Einschr\u00e4nkung der Verarbeitung Ihrer personenbezogenen Daten zu verlangen, soweit<br \/>\n&#8211; die Richtigkeit der Daten von Ihnen bestritten wird;<br \/>\n&#8211; die Verarbeitung unrechtm\u00e4\u00dfig ist, Sie aber deren L\u00f6schung ablehnen;<br \/>\n&#8211; wir die Daten nicht mehr ben\u00f6tigen, Sie diese jedoch zur Geltendmachung, Aus\u00fcbung oder Verteidigung von Rechtsanspr\u00fcchen ben\u00f6tigen oder<br \/>\n&#8211; Sie gem\u00e4\u00df Art. 21 DSGVO Widerspruch gegen die Verarbeitung eingelegt haben;<\/li>\n<li>gem\u00e4\u00df Art. 20 DSGVO das Recht, Ihre personenbezogenen Daten, die Sie uns bereitgestellt haben, in einem strukturierten, g\u00e4ngigen und maschinenlesebaren Format zuerhalten oder die \u00dcbermittlung an einen anderen Verantwortlichen zu verlangen;<\/li>\n<li>gem\u00e4\u00df Art. 77 DSGVO das Recht, sich bei einer Aufsichtsbeh\u00f6rde zu beschweren. In der Regel k\u00f6nnen Sie sich hierf\u00fcr an die Aufsichtsbeh\u00f6rde Ihres \u00fcblichen Aufenthaltsortes oder Arbeitsplatzes oder unseres Unterneh-menssitzes wenden.&#8221;<\/li>\n<\/ul>\n<\/div>\n<\/div>\n<\/div>\n<\/div>\n","protected":false},"excerpt":{"rendered":"<p>Datenschutz und Cookies MNX SPORTSWEAR\u2019S DATENSCHUTZERKL\u00c4RUNG Gem\u00e4\u00df der im Mai 2018 in Kraft tretenden Datenschutz-Grundverordnung, d\u00fcrfen wir Ihnen Informationen zum Umgang mit vertraulichen Daten und Sicherheit weiter geben. Nachfolgend eine \u00dcbersicht, welche pers\u00f6nlichen Daten wir von Ihnen erheben und wozu wir diese nutzen. Ferner teilen wir Ihnen mit, wie wir Ihre Daten sch\u00fctzen, an wen [&hellip;]<\/p>\n","protected":false},"author":1,"featured_media":0,"parent":0,"menu_order":0,"comment_status":"closed","ping_status":"closed","template":"","meta":{"footnotes":""},"class_list":["post-257875","page","type-page","status-publish","hentry"],"_links":{"self":[{"href":"https:\/\/mnxsportswear.com\/de\/wp-json\/wp\/v2\/pages\/257875","targetHints":{"allow":["GET"]}}],"collection":[{"href":"https:\/\/mnxsportswear.com\/de\/wp-json\/wp\/v2\/pages"}],"about":[{"href":"https:\/\/mnxsportswear.com\/de\/wp-json\/wp\/v2\/types\/page"}],"author":[{"embeddable":true,"href":"https:\/\/mnxsportswear.com\/de\/wp-json\/wp\/v2\/users\/1"}],"replies":[{"embeddable":true,"href":"https:\/\/mnxsportswear.com\/de\/wp-json\/wp\/v2\/comments?post=257875"}],"version-history":[{"count":2,"href":"https:\/\/mnxsportswear.com\/de\/wp-json\/wp\/v2\/pages\/257875\/revisions"}],"predecessor-version":[{"id":404529,"href":"https:\/\/mnxsportswear.com\/de\/wp-json\/wp\/v2\/pages\/257875\/revisions\/404529"}],"wp:attachment":[{"href":"https:\/\/mnxsportswear.com\/de\/wp-json\/wp\/v2\/media?parent=257875"}],"curies":[{"name":"wp","href":"https:\/\/api.w.org\/{rel}","templated":true}]}}