{"id":258756,"date":"2020-02-13T13:52:31","date_gmt":"2020-02-13T12:52:31","guid":{"rendered":"https:\/\/mnxsportswear.com\/widerrufsrecht\/"},"modified":"2024-01-05T11:40:31","modified_gmt":"2024-01-05T10:40:31","slug":"widerrufsrecht","status":"publish","type":"page","link":"https:\/\/mnxsportswear.com\/de\/widerrufsrecht\/","title":{"rendered":"Widerrufsrecht"},"content":{"rendered":"\t\t<div data-elementor-type=\"wp-page\" data-elementor-id=\"258756\" class=\"elementor elementor-258756 elementor-258751\">\n\t\t\t\t\t\t<section class=\"elementor-section elementor-top-section elementor-element elementor-element-7c33749c elementor-section-boxed elementor-section-height-default elementor-section-height-default\" data-id=\"7c33749c\" data-element_type=\"section\" data-e-type=\"section\">\n\t\t\t\t\t\t<div class=\"elementor-container elementor-column-gap-default\">\n\t\t\t\t\t<div class=\"elementor-column elementor-col-100 elementor-top-column elementor-element elementor-element-3d8f2ac1\" data-id=\"3d8f2ac1\" data-element_type=\"column\" data-e-type=\"column\">\n\t\t\t<div class=\"elementor-widget-wrap elementor-element-populated\">\n\t\t\t\t\t\t<div class=\"elementor-element elementor-element-576d3b61 elementor-widget elementor-widget-text-editor\" data-id=\"576d3b61\" data-element_type=\"widget\" data-e-type=\"widget\" data-widget_type=\"text-editor.default\">\n\t\t\t\t<div class=\"elementor-widget-container\">\n\t\t\t\t\t\t\t\t\t<p><strong>Widerrufsrecht<\/strong><br \/><br \/>Sie haben das Recht, binnen 14 Tagen ohne Angabe von Gr\u00fcnden diesen Vertrag zu widerrufen.<br \/><br \/>Die Widerrufsfrist betr\u00e4gt 14 Tage ab dem Tag, an dem Sie oder ein von Ihnen benannter Dritter, der nicht der Bef\u00f6rderer ist, die letzte Ware in Besitz genommen haben.<br \/><br \/>Um Ihr Widerrufsrecht auszu\u00fcben, m\u00fcssen Sie uns (ARBOS d.o.o. BATUJE 1F 5262 \u010cRNI\u010cE SLOVENIA, EUROPE, info@mnxsportswear.com) mittels einer eindeutigen Erkl\u00e4rung (z. B. ein mit der Post versandter Brief, Telefax oder E-Mail) \u00fcber Ihren Entschluss, diesen Vertrag zu widerrufen, informieren -Mail). Zur Wahrung der Widerrufsfrist reicht es aus, dass Sie die Mitteilung \u00fcber die Aus\u00fcbung des Widerrufsrechts vor Ablauf der Widerrufsfrist absenden.<br \/><br \/><strong>Auswirkungen der Stornierung<\/strong><br \/><br \/><span class=\"HwtZe\" lang=\"de\"><span class=\"jCAhz ChMk0b\"><span class=\"ryNqvb\">Wenn Sie diesen Vertrag widerrufen, werden wir Ihnen die von Ihnen erhaltene Zahlung zur\u00fcckerstatten.<\/span><\/span> <span class=\"jCAhz ChMk0b\"><span class=\"ryNqvb\">Wir k\u00f6nnen den Wertverlust der gelieferten Waren von der Erstattung abziehen, wenn der Verlust das Ergebnis einer unn\u00f6tigen Handhabung durch Sie ist.<\/span><\/span> <span class=\"jCAhz ChMk0b\"><span class=\"ryNqvb\">Wir leisten die Erstattung unverz\u00fcglich, sp\u00e4testens jedoch \u2013<\/span><\/span><\/span><br \/><br \/>(a) 14 Tage nach dem Tag, an dem wir von Ihnen gelieferte Waren zur\u00fcckerhalten, oder<br \/><br \/>(b) (falls fr\u00fcher) 14 Tage nach dem Tag, an dem Sie den Nachweis erbringen, dass Sie die Waren zur\u00fcckgesandt haben, oder<br \/><br \/>(c) wenn keine Waren geliefert wurden, 14 Tage nach dem Tag, an dem wir \u00fcber Ihre Entscheidung, diesen Vertrag zu widerrufen, informiert wurden.<br \/><br \/>F\u00fcr diese R\u00fcckzahlung verwenden wir dasselbe Zahlungsmittel, das Sie bei der urspr\u00fcnglichen Transaktion eingesetzt haben, es sei denn, mit Ihnen wurde ausdr\u00fccklich etwas anderes vereinbart; in keinem Fall werden Ihnen wegen dieser R\u00fcckzahlung Entgelte berechnet.<br \/><br \/>Wir k\u00f6nnen die R\u00fcckzahlung verweigern, bis wir die Waren wieder zur\u00fcckerhalten haben oder Sie den Nachweis erbracht haben, dass Sie die Waren zur\u00fcckgesandt haben, je nachdem, welches der fr\u00fchere Zeitpunkt ist. Sie haben die Waren unverz\u00fcglich und in jedem Fall sp\u00e4testens binnen 14 Tagen ab dem Tag, an dem Sie uns \u00fcber Ihren Widerruf dieses Vertrags unterrichten, an uns zur\u00fcckzusenden oder zu \u00fcbergeben. Die Frist ist gewahrt, wenn Sie die Ware vor Ablauf der Frist von 14 Tagen zur\u00fccksenden.<br \/><br \/>Sie tragen die unmittelbaren Kosten der R\u00fccksendung der Waren.<br \/><br \/>Sie haften nur f\u00fcr einen etwaigen Wertverlust der Waren, der sich aus einer anderen als der zur Feststellung der Beschaffenheit, Eigenschaften und Funktionsweise der Waren erforderlichen Behandlung ergibt.<\/p><p>Batuje, 28.3.2023<\/p>\t\t\t\t\t\t\t\t<\/div>\n\t\t\t\t<\/div>\n\t\t\t\t\t<\/div>\n\t\t<\/div>\n\t\t\t\t\t<\/div>\n\t\t<\/section>\n\t\t\t\t<\/div>\n\t\t","protected":false},"excerpt":{"rendered":"<p>Widerrufsrecht Sie haben das Recht, binnen 14 Tagen ohne Angabe von Gr\u00fcnden diesen Vertrag zu widerrufen. Die Widerrufsfrist betr\u00e4gt 14 Tage ab dem Tag, an dem Sie oder ein von Ihnen benannter Dritter, der nicht der Bef\u00f6rderer ist, die letzte Ware in Besitz genommen haben. Um Ihr Widerrufsrecht auszu\u00fcben, m\u00fcssen Sie uns (MNX d.o.o. BATUJE [&hellip;]<\/p>\n","protected":false},"author":1,"featured_media":0,"parent":0,"menu_order":0,"comment_status":"closed","ping_status":"closed","template":"","meta":{"footnotes":""},"class_list":["post-258756","page","type-page","status-publish","hentry"],"_links":{"self":[{"href":"https:\/\/mnxsportswear.com\/de\/wp-json\/wp\/v2\/pages\/258756","targetHints":{"allow":["GET"]}}],"collection":[{"href":"https:\/\/mnxsportswear.com\/de\/wp-json\/wp\/v2\/pages"}],"about":[{"href":"https:\/\/mnxsportswear.com\/de\/wp-json\/wp\/v2\/types\/page"}],"author":[{"embeddable":true,"href":"https:\/\/mnxsportswear.com\/de\/wp-json\/wp\/v2\/users\/1"}],"replies":[{"embeddable":true,"href":"https:\/\/mnxsportswear.com\/de\/wp-json\/wp\/v2\/comments?post=258756"}],"version-history":[{"count":0,"href":"https:\/\/mnxsportswear.com\/de\/wp-json\/wp\/v2\/pages\/258756\/revisions"}],"wp:attachment":[{"href":"https:\/\/mnxsportswear.com\/de\/wp-json\/wp\/v2\/media?parent=258756"}],"curies":[{"name":"wp","href":"https:\/\/api.w.org\/{rel}","templated":true}]}}