{"id":317737,"date":"2014-01-16T07:28:36","date_gmt":"2014-01-16T06:28:36","guid":{"rendered":"https:\/\/mnxsportswear.com\/?page_id=317737"},"modified":"2024-10-28T00:06:54","modified_gmt":"2024-10-27T23:06:54","slug":"haendler-werden-b2b","status":"publish","type":"page","link":"https:\/\/mnxsportswear.com\/de\/haendler-werden-b2b\/","title":{"rendered":"H\u00e4ndler werden (B2B)"},"content":{"rendered":"\t\t<div data-elementor-type=\"wp-page\" data-elementor-id=\"317737\" class=\"elementor elementor-317737 elementor-416\">\n\t\t\t\t\t\t<section class=\"elementor-section elementor-top-section elementor-element elementor-element-9a88550 elementor-section-stretched elementor-section-boxed elementor-section-height-default elementor-section-height-default\" data-id=\"9a88550\" data-element_type=\"section\" data-e-type=\"section\" data-settings=\"{&quot;stretch_section&quot;:&quot;section-stretched&quot;}\">\n\t\t\t\t\t\t<div class=\"elementor-container elementor-column-gap-default\">\n\t\t\t\t\t<div class=\"elementor-column elementor-col-50 elementor-top-column elementor-element elementor-element-06a558d\" data-id=\"06a558d\" data-element_type=\"column\" data-e-type=\"column\">\n\t\t\t<div class=\"elementor-widget-wrap elementor-element-populated\">\n\t\t\t\t\t\t<div class=\"elementor-element elementor-element-1396252 elementor-widget elementor-widget-text-editor\" data-id=\"1396252\" data-element_type=\"widget\" data-e-type=\"widget\" data-widget_type=\"text-editor.default\">\n\t\t\t\t<div class=\"elementor-widget-container\">\n\t\t\t\t\t\t\t\t\t<h2>\u00dcber uns<\/h2><p><span style=\"color: #000000;\">Werden Sie Teil des <strong>MN<span style=\"color: #ff0000;\">X<\/span><\/strong>-Teams<\/span> und erhalten Sie unsere Produkte zu Sonderpreisen und anderen Angeboten.<\/p><p><strong>\u00dcBER MN<span style=\"color: #ff0000;\">X<\/span><\/strong><\/p><p><strong><span class=\"il\">MNX<\/span> Sportswear<\/strong> wurde Ende <strong>2013<\/strong> in Slowenien gegr\u00fcndet, um Kleidung und Zubeh\u00f6r f\u00fcr alle echten Bodybuilder und Liebhaber des Bodybuildings anzubieten. Von Anfang an haben wir <strong>Qualit\u00e4t<\/strong> und <strong>modische Produkte<\/strong> geliefert, die vor jeder Ver\u00f6ffentlichung in mehreren Fitnessstudios getestet wurden, um sicherzustellen, dass sie den hohen Standards des Bodybuildings entsprechen. Die Produkte von <span class=\"il\">MNX<\/span> Sportswear sehen sehr gut aus, da unsere Designer auf jedes Detail achten. Unsere Aufgabe ist es, nicht nur qualitativ hochwertige Kleidung anzubieten, sondern auch sehr modische Bekleidung f\u00fcr die Freizeit.<\/p><p>Wir arbeiten mit mehreren Teams und Erg\u00e4nzungsmarken zusammen.<\/p><p>Unser Motto ist <strong>\u201eStreben nach Exzellenz\u201c<\/strong>; nicht nur im Bodybuilding, sondern auch in jedem Aspekt des Lebens.<\/p>\t\t\t\t\t\t\t\t<\/div>\n\t\t\t\t<\/div>\n\t\t\t\t\t<\/div>\n\t\t<\/div>\n\t\t\t\t<div class=\"elementor-column elementor-col-50 elementor-top-column elementor-element elementor-element-1af21be\" data-id=\"1af21be\" data-element_type=\"column\" data-e-type=\"column\" data-settings=\"{&quot;background_background&quot;:&quot;classic&quot;}\">\n\t\t\t<div class=\"elementor-widget-wrap elementor-element-populated\">\n\t\t\t\t\t\t<div class=\"elementor-element elementor-element-5eab2ba elementor-widget elementor-widget-html\" data-id=\"5eab2ba\" data-element_type=\"widget\" data-e-type=\"widget\" data-widget_type=\"html.default\">\n\t\t\t\t<div class=\"elementor-widget-container\">\n\t\t\t\t\t\n<div class=\"wpcf7 no-js\" id=\"wpcf7-f384679-o1\" lang=\"de-DE\" dir=\"ltr\" data-wpcf7-id=\"384679\">\n<div class=\"screen-reader-response\"><p role=\"status\" aria-live=\"polite\" aria-atomic=\"true\"><\/p> <ul><\/ul><\/div>\n<form action=\"\/de\/wp-json\/wp\/v2\/pages\/317737#wpcf7-f384679-o1\" method=\"post\" class=\"wpcf7-form init\" aria-label=\"Kontaktformular\" novalidate=\"novalidate\" data-status=\"init\">\n<fieldset class=\"hidden-fields-container\"><input type=\"hidden\" name=\"_wpcf7\" value=\"384679\" \/><input type=\"hidden\" name=\"_wpcf7_version\" value=\"6.1.5\" \/><input type=\"hidden\" name=\"_wpcf7_locale\" value=\"de_DE\" \/><input type=\"hidden\" name=\"_wpcf7_unit_tag\" value=\"wpcf7-f384679-o1\" \/><input type=\"hidden\" name=\"_wpcf7_container_post\" value=\"0\" \/><input type=\"hidden\" name=\"_wpcf7_posted_data_hash\" value=\"\" \/>\n<\/fieldset>\n<p><strong>Trete uns bei<\/strong>\n<\/p>\n<div class=\"contact-form\">\n\t<div class=\"ui-input contact-form__field\">\n\t\t<p><label for=\"choose-type\">W\u00e4hlen<\/label>\n\t\t<\/p>\n\t\t<div class=\"select-field-js\">\n\t\t\t<p><span class=\"wpcf7-form-control-wrap\" data-name=\"choose-type\"><select class=\"wpcf7-form-control wpcf7-select wpcf7-validates-as-required\" aria-required=\"true\" aria-invalid=\"false\" name=\"choose-type\"><option value=\"\">&#8211; Bitte ausw\u00e4hlen &#8211;<\/option><option value=\"Vertriebspartner\">Vertriebspartner<\/option><option value=\"Wiederverk\u00e4ufer\">Wiederverk\u00e4ufer<\/option><\/select><\/span>\n\t\t\t<\/p>\n\t\t<\/div>\n\t<\/div>\n\t<div class=\"ui-input contact-form__field\">\n\t\t<p><label for=\"name1\">Ihr Name<\/label><br \/>\n<span class=\"wpcf7-form-control-wrap\" data-name=\"name1\"><input size=\"40\" maxlength=\"400\" class=\"wpcf7-form-control wpcf7-text wpcf7-validates-as-required\" aria-required=\"true\" aria-invalid=\"false\" value=\"\" type=\"text\" name=\"name1\" \/><\/span>\n\t\t<\/p>\n\t<\/div>\n\t<div class=\"ui-input contact-form__field\">\n\t\t<p><label for=\"company\">Unternehmen<\/label><br \/>\n<span class=\"wpcf7-form-control-wrap\" data-name=\"company\"><input size=\"40\" maxlength=\"400\" class=\"wpcf7-form-control wpcf7-text wpcf7-validates-as-required\" aria-required=\"true\" aria-invalid=\"false\" value=\"\" type=\"text\" name=\"company\" \/><\/span>\n\t\t<\/p>\n\t<\/div>\n\t<div class=\"ui-input contact-form__field\">\n\t\t<p><label for=\"email\">Ihre E-Mail<\/label><br \/>\n<span class=\"wpcf7-form-control-wrap\" data-name=\"email\"><input size=\"40\" maxlength=\"400\" class=\"wpcf7-form-control wpcf7-email wpcf7-validates-as-required wpcf7-text wpcf7-validates-as-email\" aria-required=\"true\" aria-invalid=\"false\" value=\"\" type=\"email\" name=\"email\" \/><\/span>\n\t\t<\/p>\n\t<\/div>\n\t<div class=\"ui-input contact-form__field\">\n\t\t<p><label for=\"phone\">Telefon<\/label><br \/>\n<span class=\"wpcf7-form-control-wrap\" data-name=\"phone\"><input size=\"40\" maxlength=\"400\" class=\"wpcf7-form-control wpcf7-tel wpcf7-validates-as-required wpcf7-text wpcf7-validates-as-tel\" aria-required=\"true\" aria-invalid=\"false\" value=\"\" type=\"tel\" name=\"phone\" \/><\/span>\n\t\t<\/p>\n\t<\/div>\n\t<div class=\"ui-input contact-form__field\">\n\t\t<p><label for=\"country\">Land<\/label><br \/>\n<span class=\"wpcf7-form-control-wrap\" data-name=\"country\"><input size=\"40\" maxlength=\"400\" class=\"wpcf7-form-control wpcf7-text wpcf7-validates-as-required\" aria-required=\"true\" aria-invalid=\"false\" value=\"\" type=\"text\" name=\"country\" \/><\/span>\n\t\t<\/p>\n\t<\/div>\n\t<div class=\"ui-input contact-form__field\">\n\t\t<p><label for=\"uname\">mnxsportswear.com Benutzername (<a target=\"_blank\" href=\"\/my-account\/\">Zuerst ein Konto erstellen<\/a>)<\/label><br \/>\n<span class=\"wpcf7-form-control-wrap\" data-name=\"uname\"><input size=\"40\" maxlength=\"400\" class=\"wpcf7-form-control wpcf7-text\" aria-invalid=\"false\" value=\"\" type=\"text\" name=\"uname\" \/><\/span>\n\t\t<\/p>\n\t<\/div>\n\t<div class=\"ui-input contact-form__field\">\n\t\t<p><label for=\"store-type\">W\u00e4hlen<\/label>\n\t\t<\/p>\n\t\t<div class=\"select-field-js\">\n\t\t\t<p><span class=\"wpcf7-form-control-wrap\" data-name=\"store-type\"><select class=\"wpcf7-form-control wpcf7-select wpcf7-validates-as-required\" aria-required=\"true\" aria-invalid=\"false\" name=\"store-type\"><option value=\"\">&#8211; Bitte ausw\u00e4hlen &#8211;<\/option><option value=\"physisches Gesch\u00e4ft\">physisches Gesch\u00e4ft<\/option><option value=\"Online-Shop\">Online-Shop<\/option><option value=\"Gro\u00dfhandel\">Gro\u00dfhandel<\/option><option value=\"Fitnessstudio\">Fitnessstudio<\/option><\/select><\/span>\n\t\t\t<\/p>\n\t\t<\/div>\n\t<\/div>\n\t<div class=\"ui-input contact-form__field\">\n\t\t<p><label for=\"message\">Anfrage<\/label><br \/>\n<span class=\"wpcf7-form-control-wrap\" data-name=\"message\"><textarea cols=\"40\" rows=\"10\" maxlength=\"2000\" class=\"wpcf7-form-control wpcf7-textarea wpcf7-validates-as-required\" aria-required=\"true\" aria-invalid=\"false\" name=\"message\"><\/textarea><\/span>\n\t\t<\/p>\n\t<\/div>\n\t<div class=\"ui-input contact-form__field\">\n\t\t<p><span class=\"wpcf7-form-control-wrap kc_captcha\" data-name=\"kc_captcha\"><span class=\"wpcf7-form-control wpcf7-radio\"><span class=\"captcha-image\" ><span class=\"cf7ic_instructions\">Bitte beweise, dass du kein Spambot bist und w\u00e4hle das Symbol<span> Haus<\/span>.<\/span><label><input aria-label=\"1\" type=\"radio\" name=\"kc_captcha\" value=\"kc_human\" \/><svg aria-hidden=\"true\" role=\"img\" xmlns=\"http:\/\/www.w3.org\/2000\/svg\" viewBox=\"0 0 576 512\"><path fill=\"currentColor\" d=\"M488 313v143c0 13-11 24-24 24H348c-7 0-12-5-12-12V356c0-7-5-12-12-12h-72c-7 0-12 5-12 12v112c0 7-5 12-12 12H112c-13 0-24-11-24-24V313c0-4 2-7 4-10l188-154c5-4 11-4 16 0l188 154c2 3 4 6 4 10zm84-61l-84-69V44c0-6-5-12-12-12h-56c-7 0-12 6-12 12v73l-89-74a48 48 0 00-61 0L4 252c-5 4-5 12-1 17l25 31c5 5 12 5 17 1l235-193c5-4 11-4 16 0l235 193c5 5 13 4 17-1l25-31c4-6 4-13-1-17z\"\/><\/svg><\/label><label><input aria-label=\"2\" type=\"radio\" name=\"kc_captcha\" value=\"bot\" \/><svg aria-hidden=\"true\" role=\"img\" xmlns=\"http:\/\/www.w3.org\/2000\/svg\" viewBox=\"0 0 576 512\"><path fill=\"currentColor\" d=\"M259 18l-65 132-146 22c-26 3-37 36-18 54l106 103-25 146c-5 26 23 46 46 33l131-68 131 68c23 13 51-7 46-33l-25-146 106-103c19-18 8-51-18-54l-146-22-65-132a32 32 0 00-58 0z\"\/><\/svg><\/label><label><input aria-label=\"3\" type=\"radio\" name=\"kc_captcha\" value=\"bot\" \/><svg aria-hidden=\"true\" role=\"img\" xmlns=\"http:\/\/www.w3.org\/2000\/svg\" viewBox=\"0 0 512 512\"><path fill=\"currentColor\" d=\"M500 168h-55l-8-21a127 127 0 00-120-83H195a127 127 0 00-120 83l-8 21H12c-8 0-14 8-11 16l8 24a12 12 0 0011 8h29a64 64 0 00-33 56v48c0 16 6 31 16 42v62c0 13 11 24 24 24h48c13 0 24-11 24-24v-40h256v40c0 13 11 24 24 24h48c13 0 24-11 24-24v-62c10-11 16-26 16-42v-48c0-24-13-45-33-56h29a12 12 0 0011-8l8-24c3-8-3-16-11-16zm-365 2c9-25 33-42 60-42h122c27 0 51 17 60 42l15 38H120l15-38zM88 328a32 32 0 010-64c18 0 48 30 48 48s-30 16-48 16zm336 0c-18 0-48 2-48-16s30-48 48-48 32 14 32 32-14 32-32 32z\"\/><\/svg><\/label>\r\n    <\/span>\r\n    <span style=\"display:none\">\r\n        <input type=\"text\" name=\"kc_honeypot\">\r\n    <\/span><\/span><\/span><!-- Angenommen, dies ist ein Shortcode f\u00fcr ein Bild oder ein Captcha-Feld -->\n\t\t<\/p>\n\t<\/div>\n\t<div class=\"ui-input contact-form__field\">\n\t\t<p>Ich habe die <a href=\"https:\/\/mnxsportswear.com\/terms-conditions\/\">Nutzungsbedingungen<\/a> der Website gelesen und akzeptiere sie.\n\t\t<\/p>\n\t<\/div>\n\t<p><div class=\"cf7-cf-turnstile\" style=\"margin-top: 0px; margin-bottom: -15px;\"> <div id=\"cf-turnstile-cf7-330166192\" class=\"cf-turnstile\" data-sitekey=\"0x4AAAAAAAzUZin4QOPQKeWZ\" data-theme=\"light\" data-language=\"auto\" data-size=\"normal\" data-retry=\"auto\" data-retry-interval=\"1000\" data-refresh-expired=\"auto\" data-action=\"contact-form-7\" data-appearance=\"always\"><\/div> <script>document.addEventListener(\"DOMContentLoaded\", function() { setTimeout(function(){ var e=document.getElementById(\"cf-turnstile-cf7-330166192\"); e&&!e.innerHTML.trim()&&(turnstile.remove(\"#cf-turnstile-cf7-330166192\"), turnstile.render(\"#cf-turnstile-cf7-330166192\", {sitekey:\"0x4AAAAAAAzUZin4QOPQKeWZ\"})); }, 100); });<\/script> <br class=\"cf-turnstile-br cf-turnstile-br-cf7-330166192\"> <style>#cf-turnstile-cf7-330166192 { margin-left: -15px; }<\/style> <script>document.addEventListener(\"DOMContentLoaded\",function(){document.querySelectorAll('.wpcf7-form').forEach(function(e){e.addEventListener('submit',function(){if(document.getElementById('cf-turnstile-cf7-330166192')){setTimeout(function(){turnstile.reset('#cf-turnstile-cf7-330166192');},1000)}})})});<\/script> <\/div><br\/><input class=\"wpcf7-form-control wpcf7-submit has-spinner\" type=\"submit\" value=\"Nachricht senden\" \/>\n\t<\/p>\n<\/div><div class=\"wpcf7-response-output\" aria-hidden=\"true\"><\/div>\n<\/form>\n<\/div>\n\t\t\t\t<\/div>\n\t\t\t\t<\/div>\n\t\t\t\t\t<\/div>\n\t\t<\/div>\n\t\t\t\t\t<\/div>\n\t\t<\/section>\n\t\t\t\t<\/div>\n\t\t","protected":false},"excerpt":{"rendered":"<p>\u00dcber uns Werden Sie Teil des MNX-Teams und erhalten Sie unsere Produkte zu Sonderpreisen und anderen Angeboten. \u00dcBER MNX MNX Sportswear wurde Ende 2013 in Slowenien gegr\u00fcndet, um Kleidung und Zubeh\u00f6r f\u00fcr alle echten Bodybuilder und Liebhaber des Bodybuildings anzubieten. Von Anfang an haben wir Qualit\u00e4t und modische Produkte geliefert, die vor jeder Ver\u00f6ffentlichung in [&hellip;]<\/p>\n","protected":false},"author":1,"featured_media":0,"parent":0,"menu_order":0,"comment_status":"closed","ping_status":"closed","template":"","meta":{"footnotes":""},"class_list":["post-317737","page","type-page","status-publish","hentry"],"_links":{"self":[{"href":"https:\/\/mnxsportswear.com\/de\/wp-json\/wp\/v2\/pages\/317737","targetHints":{"allow":["GET"]}}],"collection":[{"href":"https:\/\/mnxsportswear.com\/de\/wp-json\/wp\/v2\/pages"}],"about":[{"href":"https:\/\/mnxsportswear.com\/de\/wp-json\/wp\/v2\/types\/page"}],"author":[{"embeddable":true,"href":"https:\/\/mnxsportswear.com\/de\/wp-json\/wp\/v2\/users\/1"}],"replies":[{"embeddable":true,"href":"https:\/\/mnxsportswear.com\/de\/wp-json\/wp\/v2\/comments?post=317737"}],"version-history":[{"count":0,"href":"https:\/\/mnxsportswear.com\/de\/wp-json\/wp\/v2\/pages\/317737\/revisions"}],"wp:attachment":[{"href":"https:\/\/mnxsportswear.com\/de\/wp-json\/wp\/v2\/media?parent=317737"}],"curies":[{"name":"wp","href":"https:\/\/api.w.org\/{rel}","templated":true}]}}