{"id":252550,"date":"2022-11-30T11:46:54","date_gmt":"2022-11-30T10:46:54","guid":{"rendered":"https:\/\/mnxsportswear.com\/product\/mnx-hoodie-revolution-black\/"},"modified":"2026-03-01T22:36:59","modified_gmt":"2026-03-01T21:36:59","slug":"mnx-hoodie-revolution-schwarz","status":"publish","type":"product","link":"https:\/\/mnxsportswear.com\/de\/product\/mnx-hoodie-revolution-schwarz\/","title":{"rendered":"MNX Hoodie Revolution, schwarz"},"content":{"rendered":"<p>MNX baumwoll h<span class=\"tlid-translation translation\" lang=\"de\"><span class=\"\" title=\"\">oodie mit einzigartigem design.<\/span><\/span><\/p>\n<ul>\n<li>aus weicher Baumwollmischung f\u00fcr maximalen Komfort,<\/li>\n<li>mit Mesh-Abschnitten<\/li>\n<li>Seitentaschen,<\/li>\n<li>Kapuze mit Kordelzug f\u00fcr eine verstellbare Passform,<\/li>\n<li>einzigartiges Design,<\/li>\n<li>gummierte und gestickte Logos.<\/li>\n<\/ul>\n<p><strong>Material: <\/strong>100% Baumwolle; Maschenabschnitte 100% Polyester<br \/>\n<strong>Farbe:<\/strong> wie abgebildet<br \/>\n<strong>Stil \/ Modell:<\/strong> klassisch<br \/>\n<strong>Gr\u00f6\u00dfen:<\/strong> S, M, L, XL, 2XL, 3XL<\/p>\n<p><em>Das Model auf dem Foto tr\u00e4gt Gr\u00f6\u00dfe XL (185 cm \/ 115 kg)<\/em><\/p>\n<p><strong><span class=\"HwtZe\" lang=\"de\"><span class=\"jCAhz ChMk0b\"><span class=\"ryNqvb\">GR\u00d6SSENTABELLE (Ma\u00dfe in cm):<\/span><\/span><\/span><\/strong><\/p>\n<table border=\"0\" cellspacing=\"0\">\n<colgroup width=\"174\"><\/colgroup>\n<colgroup span=\"6\" width=\"85\"><\/colgroup>\n<tbody>\n<tr>\n<td align=\"left\" height=\"20\"><\/td>\n<td align=\"right\"><b>S<\/b><\/td>\n<td align=\"right\"><b>M<\/b><\/td>\n<td align=\"right\"><b>L<\/b><\/td>\n<td align=\"right\"><strong>XL<\/strong><\/td>\n<td align=\"right\"><strong>XXL<\/strong><\/td>\n<td align=\"right\"><strong>3XL<\/strong><\/td>\n<\/tr>\n<tr>\n<td align=\"left\" height=\"23\"><span class=\"HwtZe\" lang=\"de\"><span class=\"jCAhz ChMk0b\"><span class=\"ryNqvb\">L\u00c4NGE<\/span><\/span><\/span><\/td>\n<td align=\"right\">96<\/td>\n<td align=\"right\">98<\/td>\n<td align=\"right\">102<\/td>\n<td align=\"right\">106<\/td>\n<td align=\"right\">111<\/td>\n<td align=\"right\">117<\/td>\n<\/tr>\n<tr>\n<td align=\"left\" height=\"24\"><span class=\"HwtZe\" lang=\"de\"><span class=\"jCAhz ChMk0b\"><span class=\"ryNqvb\">HALBBRUST<\/span><\/span><\/span><\/td>\n<td align=\"right\">57<\/td>\n<td align=\"right\">59<\/td>\n<td align=\"right\">61<\/td>\n<td align=\"right\">63<\/td>\n<td align=\"right\">65<\/td>\n<td align=\"right\">67<\/td>\n<\/tr>\n<tr>\n<td align=\"left\" height=\"21\"><span class=\"HwtZe\" lang=\"de\"><span class=\"jCAhz ChMk0b\"><span class=\"ryNqvb\">ARML\u00c4NGE<\/span><\/span><\/span><\/td>\n<td align=\"right\">61<\/td>\n<td align=\"right\">63<\/td>\n<td align=\"right\">65<\/td>\n<td align=\"right\">67<\/td>\n<td align=\"right\">69<\/td>\n<td align=\"right\">71<\/td>\n<\/tr>\n<\/tbody>\n<\/table>\n<p>&nbsp;<\/p>\n<p><em><span class=\"tlid-translation translation\" lang=\"en\"><span class=\"\" title=\"\"><strong>Pflegehinweise:<\/strong><br \/>\nWaschen bei 30\u00b0C, Normalwaschgang. Nicht bleichen. Nicht im W\u00e4schetrockner trocknen. Nicht hei\u00df b\u00fcgeln. Vorsicht beim B\u00fcgeln mit Dampf. Nicht trockenreinigen<\/span><\/span><\/em><\/p>\n","protected":false},"excerpt":{"rendered":"<p>MNX\u00a0 Hoodie <em>Revolution<\/em> aus <strong>weicher und warmer Baumwolle<\/strong>. Mit <strong>Teilen aus Netzstoff f\u00fcr speziellen optischen Effekt.<\/strong> Gesticktes &#8220;X&#8221; auf beiden \u00c4rmeln und Gummi-MNX-Logo auf der Vorderseite und linkem \u00c4rmel. Gedrucktes MNX-Logo auf beiden \u00c4rmeln und metallischer MNX-Rei\u00dfverschluss. Der regulierbare Kordelzug kommt mit den neu gestalteten MNX-Kunststoffspitzen. Erh\u00e4ltlich in verschiedenen Farbkombinationen.<\/p>\n","protected":false},"featured_media":362038,"comment_status":"open","ping_status":"closed","template":"","meta":[],"product_brand":[],"product_cat":[2405,3069,2406],"product_tag":[],"class_list":{"0":"post-252550","1":"product","2":"type-product","3":"status-publish","4":"has-post-thumbnail","6":"product_cat-herren","7":"product_cat-hoodies-de","8":"product_cat-hoodies-jackets-de","9":"yith_product_brand-mnx-de","11":"first","12":"instock","13":"sale","14":"featured","15":"taxable","16":"shipping-taxable","17":"purchasable","18":"product-type-variable"},"exclude_global_add_ons":[],"addons":[],"_links":{"self":[{"href":"https:\/\/mnxsportswear.com\/de\/wp-json\/wp\/v2\/product\/252550","targetHints":{"allow":["GET"]}}],"collection":[{"href":"https:\/\/mnxsportswear.com\/de\/wp-json\/wp\/v2\/product"}],"about":[{"href":"https:\/\/mnxsportswear.com\/de\/wp-json\/wp\/v2\/types\/product"}],"replies":[{"embeddable":true,"href":"https:\/\/mnxsportswear.com\/de\/wp-json\/wp\/v2\/comments?post=252550"}],"version-history":[{"count":1,"href":"https:\/\/mnxsportswear.com\/de\/wp-json\/wp\/v2\/product\/252550\/revisions"}],"predecessor-version":[{"id":406804,"href":"https:\/\/mnxsportswear.com\/de\/wp-json\/wp\/v2\/product\/252550\/revisions\/406804"}],"wp:featuredmedia":[{"embeddable":true,"href":"https:\/\/mnxsportswear.com\/de\/wp-json\/wp\/v2\/media\/362038"}],"wp:attachment":[{"href":"https:\/\/mnxsportswear.com\/de\/wp-json\/wp\/v2\/media?parent=252550"}],"wp:term":[{"taxonomy":"product_brand","embeddable":true,"href":"https:\/\/mnxsportswear.com\/de\/wp-json\/wp\/v2\/product_brand?post=252550"},{"taxonomy":"product_cat","embeddable":true,"href":"https:\/\/mnxsportswear.com\/de\/wp-json\/wp\/v2\/product_cat?post=252550"},{"taxonomy":"product_tag","embeddable":true,"href":"https:\/\/mnxsportswear.com\/de\/wp-json\/wp\/v2\/product_tag?post=252550"}],"curies":[{"name":"wp","href":"https:\/\/api.w.org\/{rel}","templated":true}]}}