{"id":252553,"date":"2019-11-08T10:39:47","date_gmt":"2019-11-08T09:39:47","guid":{"rendered":"https:\/\/mnxsportswear.com\/product\/mnx-hoodie-revolution-grey\/"},"modified":"2026-03-01T18:29:26","modified_gmt":"2026-03-01T17:29:26","slug":"mnx-hoodie-revolution-grey","status":"publish","type":"product","link":"https:\/\/mnxsportswear.com\/de\/product\/mnx-hoodie-revolution-grey\/","title":{"rendered":"MNX Hoodie Revolution, grau"},"content":{"rendered":"<p>MNX baumwoll h<span class=\"tlid-translation translation\" lang=\"de\"><span class=\"\" title=\"\">oodie mit einzigartigem design.<\/span><\/span><\/p>\n<ul>\n<li>aus weicher Baumwollmischung f\u00fcr maximalen Komfort,<\/li>\n<li>mit Mesh-Abschnitten<\/li>\n<li>Seitentaschen,<\/li>\n<li>Kapuze mit Kordelzug f\u00fcr eine verstellbare Passform,<\/li>\n<li>einzigartiges Design,<\/li>\n<li>gummierte und gestickte Logos.<\/li>\n<\/ul>\n<p><strong>Material: <\/strong>100% Baumwolle; Maschenabschnitte 100% Polyester<br \/>\n<strong>Farbe:<\/strong> wie abgebildet<br \/>\n<strong>Stil \/ Modell:<\/strong> klassisch<br \/>\n<strong>Gr\u00f6\u00dfen:<\/strong> S, M, L, XL, 2XL, 3XL<\/p>\n","protected":false},"excerpt":{"rendered":"<p>MNX\u00a0 Hoodie <em>Revolution<\/em> aus <strong>weicher und warmer Baumwolle<\/strong>. Mit <strong>Teilen aus Netzstoff f\u00fcr speziellen optischen Effekt.<\/strong> Gesticktes &#8220;X&#8221; auf beiden \u00c4rmeln und Gummi-MNX-Logo auf der Vorderseite und linkem \u00c4rmel. Gedrucktes MNX-Logo auf beiden \u00c4rmeln und metallischer MNX-Rei\u00dfverschluss. Der regulierbare Kordelzug kommt mit den neu gestalteten MNX-Kunststoffspitzen. Erh\u00e4ltlich in verschiedenen Farbkombinationen.<\/p>\n","protected":false},"featured_media":329198,"comment_status":"open","ping_status":"closed","template":"","meta":[],"product_brand":[],"product_cat":[2405,3069,2406],"product_tag":[],"class_list":{"0":"post-252553","1":"product","2":"type-product","3":"status-publish","4":"has-post-thumbnail","6":"product_cat-herren","7":"product_cat-hoodies-de","8":"product_cat-hoodies-jackets-de","9":"yith_product_brand-mnx-de","11":"first","12":"instock","13":"sale","14":"featured","15":"taxable","16":"shipping-taxable","17":"purchasable","18":"product-type-variable"},"exclude_global_add_ons":[],"addons":[],"_links":{"self":[{"href":"https:\/\/mnxsportswear.com\/de\/wp-json\/wp\/v2\/product\/252553","targetHints":{"allow":["GET"]}}],"collection":[{"href":"https:\/\/mnxsportswear.com\/de\/wp-json\/wp\/v2\/product"}],"about":[{"href":"https:\/\/mnxsportswear.com\/de\/wp-json\/wp\/v2\/types\/product"}],"replies":[{"embeddable":true,"href":"https:\/\/mnxsportswear.com\/de\/wp-json\/wp\/v2\/comments?post=252553"}],"version-history":[{"count":1,"href":"https:\/\/mnxsportswear.com\/de\/wp-json\/wp\/v2\/product\/252553\/revisions"}],"predecessor-version":[{"id":406808,"href":"https:\/\/mnxsportswear.com\/de\/wp-json\/wp\/v2\/product\/252553\/revisions\/406808"}],"wp:featuredmedia":[{"embeddable":true,"href":"https:\/\/mnxsportswear.com\/de\/wp-json\/wp\/v2\/media\/329198"}],"wp:attachment":[{"href":"https:\/\/mnxsportswear.com\/de\/wp-json\/wp\/v2\/media?parent=252553"}],"wp:term":[{"taxonomy":"product_brand","embeddable":true,"href":"https:\/\/mnxsportswear.com\/de\/wp-json\/wp\/v2\/product_brand?post=252553"},{"taxonomy":"product_cat","embeddable":true,"href":"https:\/\/mnxsportswear.com\/de\/wp-json\/wp\/v2\/product_cat?post=252553"},{"taxonomy":"product_tag","embeddable":true,"href":"https:\/\/mnxsportswear.com\/de\/wp-json\/wp\/v2\/product_tag?post=252553"}],"curies":[{"name":"wp","href":"https:\/\/api.w.org\/{rel}","templated":true}]}}