{"id":252766,"date":"2017-04-28T14:09:15","date_gmt":"2017-04-28T12:09:15","guid":{"rendered":"https:\/\/mnxsportswear.com\/product\/football-tee-mnx-white\/"},"modified":"2026-03-01T18:09:00","modified_gmt":"2026-03-01T17:09:00","slug":"football-tee-mnx-weiss","status":"publish","type":"product","link":"https:\/\/mnxsportswear.com\/de\/product\/football-tee-mnx-weiss\/","title":{"rendered":"Football Tee MNX, Wei\u00df"},"content":{"rendered":"<div class=\"wpb_column column_container col-sm-12\">\n<div class=\"vc_column-inner\">\n<div class=\"wpb_wrapper\">\n<div class=\"wpb_text_column wpb_content_element \">\n<div class=\"wpb_wrapper\">\n<p><strong>Material: <\/strong>100% Polyester<br \/>\n<strong>Farbe:<\/strong> wie abgebildet<br \/>\n<strong>Stil \/ Modell:<\/strong> \u00fcbergro\u00df (weit geschnitten)<br \/>\n<strong>Gr\u00f6\u00dfen:<\/strong> S, M, L, XL, 2XL, 3XL, 4XL, 5XL<\/p>\n<\/div>\n<\/div>\n<\/div>\n<\/div>\n<\/div>\n","protected":false},"excerpt":{"rendered":"<p>Schauen Sie sich dieses Trainings-T-Shirt im American-Football-Stil an. Es besteht aus atmungsaktivem Micro-Netzmaterial in der Farbe wei\u00df. Mit schwarzen N\u00e4hten und einem Aufn\u00e4her vorne. Perfekt f\u00fcr Training oder Freizeit.<\/p>\n","protected":false},"featured_media":338328,"comment_status":"open","ping_status":"closed","template":"","meta":[],"product_brand":[],"product_cat":[2405,2408],"product_tag":[],"class_list":{"0":"post-252766","1":"product","2":"type-product","3":"status-publish","4":"has-post-thumbnail","6":"product_cat-herren","7":"product_cat-trikots-jerseys","8":"yith_product_brand-mnx-de","10":"first","11":"outofstock","12":"sale","13":"taxable","14":"shipping-taxable","15":"purchasable","16":"product-type-variable"},"exclude_global_add_ons":[],"addons":[],"_links":{"self":[{"href":"https:\/\/mnxsportswear.com\/de\/wp-json\/wp\/v2\/product\/252766","targetHints":{"allow":["GET"]}}],"collection":[{"href":"https:\/\/mnxsportswear.com\/de\/wp-json\/wp\/v2\/product"}],"about":[{"href":"https:\/\/mnxsportswear.com\/de\/wp-json\/wp\/v2\/types\/product"}],"replies":[{"embeddable":true,"href":"https:\/\/mnxsportswear.com\/de\/wp-json\/wp\/v2\/comments?post=252766"}],"version-history":[{"count":0,"href":"https:\/\/mnxsportswear.com\/de\/wp-json\/wp\/v2\/product\/252766\/revisions"}],"wp:featuredmedia":[{"embeddable":true,"href":"https:\/\/mnxsportswear.com\/de\/wp-json\/wp\/v2\/media\/338328"}],"wp:attachment":[{"href":"https:\/\/mnxsportswear.com\/de\/wp-json\/wp\/v2\/media?parent=252766"}],"wp:term":[{"taxonomy":"product_brand","embeddable":true,"href":"https:\/\/mnxsportswear.com\/de\/wp-json\/wp\/v2\/product_brand?post=252766"},{"taxonomy":"product_cat","embeddable":true,"href":"https:\/\/mnxsportswear.com\/de\/wp-json\/wp\/v2\/product_cat?post=252766"},{"taxonomy":"product_tag","embeddable":true,"href":"https:\/\/mnxsportswear.com\/de\/wp-json\/wp\/v2\/product_tag?post=252766"}],"curies":[{"name":"wp","href":"https:\/\/api.w.org\/{rel}","templated":true}]}}