{"id":252840,"date":"2022-11-30T11:46:51","date_gmt":"2022-11-30T10:46:51","guid":{"rendered":"https:\/\/mnxsportswear.com\/product\/cotton-football-jersey-black\/"},"modified":"2026-03-01T18:28:46","modified_gmt":"2026-03-01T17:28:46","slug":"baumwoll-football-jersey-schwarz","status":"publish","type":"product","link":"https:\/\/mnxsportswear.com\/de\/product\/baumwoll-football-jersey-schwarz\/","title":{"rendered":"Baumwoll football jersey, schwarz"},"content":{"rendered":"<p><strong>Material:<\/strong> 100% <span class=\"tlid-translation translation\" lang=\"de\"><span class=\"\" title=\"\">Baumwolle<\/span><\/span> (<span class=\"tlid-translation translation\" lang=\"de\"><span class=\"\" title=\"\">K\u00f6rperteil<\/span><\/span>); <span class=\"tlid-translation translation\" lang=\"de\"><span class=\"\" title=\"\">\u00c4rmel und Schultern aus 100% Polyester<\/span><\/span><br \/>\n<strong>Farbe:<\/strong> wie abgebildet<br \/>\n<strong>Stil \/ Modell:<\/strong> \u00fcbergro\u00df (weit geschnitten)<br \/>\n<strong>Gr\u00f6\u00dfen:<\/strong> S, M, L, XL, 2XL, 3XL, 4XL, 5XL<\/p>\n<p><em>Das Model auf dem Foto tr\u00e4gt Gr\u00f6\u00dfe XXL (185 cm \/ 115 kg)<\/em><\/p>\n<p><strong>Pflegehinweise:<\/strong><br \/>\nWaschen bei 30\u00b0C, Normalwaschgang, Nicht bleichen, Nicht im W\u00e4schetrockner trocknen, Nicht hei\u00df b\u00fcgeln, Nicht trockenreinigen, Vorsicht beim B\u00fcgeln mit Dampf.<\/p>\n","protected":false},"excerpt":{"rendered":"<p>Sehen Sie sich diese neue Edition des Fu\u00dfballtrikots aus Baumwolle an. Mit atmungsaktiven Netzstoffabschnitten an beiden Seiten und an den \u00c4rmeln. Spezielle gestickte MNX-Aufn\u00e4her. Perfekt f\u00fcr Training oder Freizeit.<\/p>\n","protected":false},"featured_media":362231,"comment_status":"open","ping_status":"closed","template":"","meta":[],"product_brand":[],"product_cat":[2405,2408],"product_tag":[],"class_list":{"0":"post-252840","1":"product","2":"type-product","3":"status-publish","4":"has-post-thumbnail","6":"product_cat-herren","7":"product_cat-trikots-jerseys","8":"yith_product_brand-mnx-de","10":"first","11":"instock","12":"taxable","13":"shipping-taxable","14":"purchasable","15":"product-type-variable"},"exclude_global_add_ons":[],"addons":[],"_links":{"self":[{"href":"https:\/\/mnxsportswear.com\/de\/wp-json\/wp\/v2\/product\/252840","targetHints":{"allow":["GET"]}}],"collection":[{"href":"https:\/\/mnxsportswear.com\/de\/wp-json\/wp\/v2\/product"}],"about":[{"href":"https:\/\/mnxsportswear.com\/de\/wp-json\/wp\/v2\/types\/product"}],"replies":[{"embeddable":true,"href":"https:\/\/mnxsportswear.com\/de\/wp-json\/wp\/v2\/comments?post=252840"}],"version-history":[{"count":0,"href":"https:\/\/mnxsportswear.com\/de\/wp-json\/wp\/v2\/product\/252840\/revisions"}],"wp:featuredmedia":[{"embeddable":true,"href":"https:\/\/mnxsportswear.com\/de\/wp-json\/wp\/v2\/media\/362231"}],"wp:attachment":[{"href":"https:\/\/mnxsportswear.com\/de\/wp-json\/wp\/v2\/media?parent=252840"}],"wp:term":[{"taxonomy":"product_brand","embeddable":true,"href":"https:\/\/mnxsportswear.com\/de\/wp-json\/wp\/v2\/product_brand?post=252840"},{"taxonomy":"product_cat","embeddable":true,"href":"https:\/\/mnxsportswear.com\/de\/wp-json\/wp\/v2\/product_cat?post=252840"},{"taxonomy":"product_tag","embeddable":true,"href":"https:\/\/mnxsportswear.com\/de\/wp-json\/wp\/v2\/product_tag?post=252840"}],"curies":[{"name":"wp","href":"https:\/\/api.w.org\/{rel}","templated":true}]}}