{"id":253031,"date":"2019-05-28T15:02:19","date_gmt":"2019-05-28T13:02:19","guid":{"rendered":"https:\/\/mnxsportswear.com\/product\/mnx-mesh-shorts-black-gumijasti\/"},"modified":"2026-03-01T18:10:19","modified_gmt":"2026-03-01T17:10:19","slug":"mnx-mesh-shorts-double-schwarz","status":"publish","type":"product","link":"https:\/\/mnxsportswear.com\/de\/product\/mnx-mesh-shorts-double-schwarz\/","title":{"rendered":"MNX Mesh shorts Double schwarz"},"content":{"rendered":"<p>MNX-Mesh-Shorts.<\/p>\n<ul>\n<li>aus atmungsaktivem Mesh-Gewebe,<\/li>\n<li>lockere Passform f\u00fcr mehr Tragekomfort,<\/li>\n<li>Elastischer Bund,<\/li>\n<li>Rei\u00dfverschlusstaschen.<\/li>\n<\/ul>\n<p><strong>Material: <\/strong>100% Polyester<br \/>\n<strong>Farbe:<\/strong> wie abgebildet<br \/>\n<strong>Stil \/ Modell:<\/strong> \u00fcbergro\u00df (weit geschnitten)<br \/>\n<strong>Gr\u00f6\u00dfen:<\/strong> S, M, L, XL, 2XL, 3XL, 4XL<\/p>\n<p><em>Das Model auf dem Foto tr\u00e4gt Gr\u00f6\u00dfe XXL (185 cm \/ 115 kg)<\/em><\/p>\n","protected":false},"excerpt":{"rendered":"<p>MNX-Shorts aus atmungsaktivem Netzmaterial f\u00fcr ein besonders weiches Tragegef\u00fchl. Loose fit Form f\u00fcr mehr Tragekomfort. Elastischer Bund mit innerem Kordelzug f\u00fcr einen regulierbaren Sitz. Mit Rei\u00dfverschlusstaschen auf beiden Seiten und Gummi-MNX-Logos. Erh\u00e4ltlich in den Gr\u00f6\u00dfen S-3XL.<\/p>\n","protected":false},"featured_media":363254,"comment_status":"open","ping_status":"closed","template":"","meta":[],"product_brand":[],"product_cat":[2405,2419],"product_tag":[],"class_list":{"0":"post-253031","1":"product","2":"type-product","3":"status-publish","4":"has-post-thumbnail","6":"product_cat-herren","7":"product_cat-shorts-de","8":"yith_product_brand-mnx-de","10":"first","11":"outofstock","12":"sale","13":"taxable","14":"shipping-taxable","15":"purchasable","16":"product-type-variable"},"exclude_global_add_ons":[],"addons":[],"_links":{"self":[{"href":"https:\/\/mnxsportswear.com\/de\/wp-json\/wp\/v2\/product\/253031","targetHints":{"allow":["GET"]}}],"collection":[{"href":"https:\/\/mnxsportswear.com\/de\/wp-json\/wp\/v2\/product"}],"about":[{"href":"https:\/\/mnxsportswear.com\/de\/wp-json\/wp\/v2\/types\/product"}],"replies":[{"embeddable":true,"href":"https:\/\/mnxsportswear.com\/de\/wp-json\/wp\/v2\/comments?post=253031"}],"version-history":[{"count":0,"href":"https:\/\/mnxsportswear.com\/de\/wp-json\/wp\/v2\/product\/253031\/revisions"}],"wp:featuredmedia":[{"embeddable":true,"href":"https:\/\/mnxsportswear.com\/de\/wp-json\/wp\/v2\/media\/363254"}],"wp:attachment":[{"href":"https:\/\/mnxsportswear.com\/de\/wp-json\/wp\/v2\/media?parent=253031"}],"wp:term":[{"taxonomy":"product_brand","embeddable":true,"href":"https:\/\/mnxsportswear.com\/de\/wp-json\/wp\/v2\/product_brand?post=253031"},{"taxonomy":"product_cat","embeddable":true,"href":"https:\/\/mnxsportswear.com\/de\/wp-json\/wp\/v2\/product_cat?post=253031"},{"taxonomy":"product_tag","embeddable":true,"href":"https:\/\/mnxsportswear.com\/de\/wp-json\/wp\/v2\/product_tag?post=253031"}],"curies":[{"name":"wp","href":"https:\/\/api.w.org\/{rel}","templated":true}]}}