{"id":253285,"date":"2019-08-08T15:57:42","date_gmt":"2019-08-08T13:57:42","guid":{"rendered":"https:\/\/mnxsportswear.com\/product\/mnx-classic-stringer-tank-top-white\/"},"modified":"2026-03-01T18:03:50","modified_gmt":"2026-03-01T17:03:50","slug":"mnx-classic-stringer-tank-top-weiss","status":"publish","type":"product","link":"https:\/\/mnxsportswear.com\/de\/product\/mnx-classic-stringer-tank-top-weiss\/","title":{"rendered":"MNX Classic stringer tank top, Wei\u00df"},"content":{"rendered":"<p><strong>MNX <span class=\"tlid-translation translation\" lang=\"de\"><span class=\"\" title=\"\">Muskelshirt<\/span><\/span><\/strong> <span class=\"tlid-translation translation\" lang=\"de\"><span class=\"\" title=\"\">aus 100% baumwolle.<\/span><\/span><\/p>\n<p><strong>Material: <\/strong><span class=\"tlid-translation translation\" lang=\"de\"><span class=\"\" title=\"\">100% baumwolle<\/span><\/span><br \/>\n<strong>Farbe:<\/strong> wie abgebildet<br \/>\n<strong>Stil \/ Modell:<\/strong> regular fit (normale Passform)<br \/>\n<strong>Gr\u00f6\u00dfen:<\/strong> S, M, L, XL, 2XL, 3XL<br \/>\n<span class=\"tlid-translation translation\" lang=\"de\"><span title=\"\"><strong>Gewicht<\/strong> ca.<\/span> 170<span class=\"\" title=\"\"> Gramm<\/span><\/span><\/p>\n","protected":false},"excerpt":{"rendered":"<p>MNX klassisches Stringer Tanktop perfekt f\u00fcr das Training aus 100% weicher Baumwolle f\u00fcr maximalen Tragekomfort. Mit farblich abgesetztem Netzstoff an den Schultern f\u00fcr eine verbesserte Luftzirkulation. Reflektierende MNX-Elemente vorne und hinten f\u00fcr mehr Sicherheit bei schlechten Lichtverh\u00e4ltnissen.<\/p>\n","protected":false},"featured_media":361603,"comment_status":"open","ping_status":"closed","template":"","meta":[],"product_brand":[],"product_cat":[2405,3097,2421],"product_tag":[],"class_list":{"0":"post-253285","1":"product","2":"type-product","3":"status-publish","4":"has-post-thumbnail","6":"product_cat-herren","7":"product_cat-stringer-de","8":"product_cat-tanks-de","9":"yith_product_brand-mnx-de","11":"first","12":"instock","13":"taxable","14":"shipping-taxable","15":"purchasable","16":"product-type-variable"},"exclude_global_add_ons":[],"addons":[],"_links":{"self":[{"href":"https:\/\/mnxsportswear.com\/de\/wp-json\/wp\/v2\/product\/253285","targetHints":{"allow":["GET"]}}],"collection":[{"href":"https:\/\/mnxsportswear.com\/de\/wp-json\/wp\/v2\/product"}],"about":[{"href":"https:\/\/mnxsportswear.com\/de\/wp-json\/wp\/v2\/types\/product"}],"replies":[{"embeddable":true,"href":"https:\/\/mnxsportswear.com\/de\/wp-json\/wp\/v2\/comments?post=253285"}],"version-history":[{"count":1,"href":"https:\/\/mnxsportswear.com\/de\/wp-json\/wp\/v2\/product\/253285\/revisions"}],"predecessor-version":[{"id":407206,"href":"https:\/\/mnxsportswear.com\/de\/wp-json\/wp\/v2\/product\/253285\/revisions\/407206"}],"wp:featuredmedia":[{"embeddable":true,"href":"https:\/\/mnxsportswear.com\/de\/wp-json\/wp\/v2\/media\/361603"}],"wp:attachment":[{"href":"https:\/\/mnxsportswear.com\/de\/wp-json\/wp\/v2\/media?parent=253285"}],"wp:term":[{"taxonomy":"product_brand","embeddable":true,"href":"https:\/\/mnxsportswear.com\/de\/wp-json\/wp\/v2\/product_brand?post=253285"},{"taxonomy":"product_cat","embeddable":true,"href":"https:\/\/mnxsportswear.com\/de\/wp-json\/wp\/v2\/product_cat?post=253285"},{"taxonomy":"product_tag","embeddable":true,"href":"https:\/\/mnxsportswear.com\/de\/wp-json\/wp\/v2\/product_tag?post=253285"}],"curies":[{"name":"wp","href":"https:\/\/api.w.org\/{rel}","templated":true}]}}