{"id":253288,"date":"2019-08-08T14:47:39","date_gmt":"2019-08-08T12:47:39","guid":{"rendered":"https:\/\/mnxsportswear.com\/product\/mnx-classic-stringer-tank-top-black\/"},"modified":"2026-03-01T19:26:22","modified_gmt":"2026-03-01T18:26:22","slug":"mnx-classic-stringer-tank-top-schwarz","status":"publish","type":"product","link":"https:\/\/mnxsportswear.com\/de\/product\/mnx-classic-stringer-tank-top-schwarz\/","title":{"rendered":"MNX Classic stringer tank top, Schwarz"},"content":{"rendered":"<p><strong>MNX <span class=\"tlid-translation translation\" lang=\"de\"><span class=\"\" title=\"\">Muskelshirt<\/span><\/span><\/strong> <span class=\"tlid-translation translation\" lang=\"de\"><span class=\"\" title=\"\">aus 100% baumwolle.<\/span><\/span><\/p>\n<p><strong>Material: <\/strong><span class=\"tlid-translation translation\" lang=\"de\"><span class=\"\" title=\"\">100% baumwolle<\/span><\/span><br \/>\n<strong>Farbe:<\/strong> wie abgebildet<br \/>\n<strong>Stil \/ Modell:<\/strong> regular fit (normale Passform)<br \/>\n<strong>Gr\u00f6\u00dfen:<\/strong> S, M, L, XL, 2XL, 3XL<br \/>\n<span class=\"tlid-translation translation\" lang=\"de\"><span title=\"\"><strong>Gewicht<\/strong> ca.<\/span> 170<span class=\"\" title=\"\"> Gramm<\/span><\/span><\/p>\n","protected":false},"excerpt":{"rendered":"<p>MNX klassisches Stringer Tanktop perfekt f\u00fcr das Training aus 100% weicher Baumwolle f\u00fcr maximalen Tragekomfort. Mit farblich abgesetztem Netzstoff an den Schultern f\u00fcr eine verbesserte Luftzirkulation. Reflektierende MNX-Elemente vorne und hinten f\u00fcr mehr Sicherheit bei schlechten Lichtverh\u00e4ltnissen.<\/p>\n","protected":false},"featured_media":361608,"comment_status":"open","ping_status":"closed","template":"","meta":[],"product_brand":[],"product_cat":[2405,3097,2421],"product_tag":[],"class_list":{"0":"post-253288","1":"product","2":"type-product","3":"status-publish","4":"has-post-thumbnail","6":"product_cat-herren","7":"product_cat-stringer-de","8":"product_cat-tanks-de","9":"yith_product_brand-mnx-de","11":"first","12":"instock","13":"taxable","14":"shipping-taxable","15":"purchasable","16":"product-type-variable"},"exclude_global_add_ons":[],"addons":[],"_links":{"self":[{"href":"https:\/\/mnxsportswear.com\/de\/wp-json\/wp\/v2\/product\/253288","targetHints":{"allow":["GET"]}}],"collection":[{"href":"https:\/\/mnxsportswear.com\/de\/wp-json\/wp\/v2\/product"}],"about":[{"href":"https:\/\/mnxsportswear.com\/de\/wp-json\/wp\/v2\/types\/product"}],"replies":[{"embeddable":true,"href":"https:\/\/mnxsportswear.com\/de\/wp-json\/wp\/v2\/comments?post=253288"}],"version-history":[{"count":0,"href":"https:\/\/mnxsportswear.com\/de\/wp-json\/wp\/v2\/product\/253288\/revisions"}],"wp:featuredmedia":[{"embeddable":true,"href":"https:\/\/mnxsportswear.com\/de\/wp-json\/wp\/v2\/media\/361608"}],"wp:attachment":[{"href":"https:\/\/mnxsportswear.com\/de\/wp-json\/wp\/v2\/media?parent=253288"}],"wp:term":[{"taxonomy":"product_brand","embeddable":true,"href":"https:\/\/mnxsportswear.com\/de\/wp-json\/wp\/v2\/product_brand?post=253288"},{"taxonomy":"product_cat","embeddable":true,"href":"https:\/\/mnxsportswear.com\/de\/wp-json\/wp\/v2\/product_cat?post=253288"},{"taxonomy":"product_tag","embeddable":true,"href":"https:\/\/mnxsportswear.com\/de\/wp-json\/wp\/v2\/product_tag?post=253288"}],"curies":[{"name":"wp","href":"https:\/\/api.w.org\/{rel}","templated":true}]}}