{"id":253656,"date":"2019-12-17T15:39:57","date_gmt":"2019-12-17T14:39:57","guid":{"rendered":"https:\/\/mnxsportswear.com\/product\/mnx-cotton-socks-grey\/"},"modified":"2026-03-01T18:11:38","modified_gmt":"2026-03-01T17:11:38","slug":"mnx-baumwollsocken-grau","status":"publish","type":"product","link":"https:\/\/mnxsportswear.com\/de\/product\/mnx-baumwollsocken-grau\/","title":{"rendered":"MNX Baumwollsocken, grau"},"content":{"rendered":"<p><strong>MNX <\/strong> <strong>Baumwollsocken<\/strong> Made in Europe (Slovenia).<\/p>\n<p><strong>Material:<\/strong> <span class=\"tlid-translation translation\" lang=\"de\"><span class=\"\" title=\"\">95% Baumwolle, 4% Elastan, 1% Polyamid (Verk\u00fcrzung bis zu 3%.)<\/span><\/span><br \/>\n<strong>Farbe:<\/strong> wie abgebildet<br \/>\n<strong>Stil \/ Modell:<\/strong> regular fit (normale Passform)<br \/>\n<strong><span class=\"tlid-translation translation\" lang=\"de\"><span class=\"\" title=\"\">Gr\u00f6\u00dfen (EU Gr\u00f6\u00dfentabelle):<\/span><\/span><\/strong> 39-42; 43-46<\/p>\n<p><strong>Pflegehinweis<\/strong><span class=\"tlid-translation translation\" lang=\"de\"><strong><span class=\"\" title=\"\">:<\/span><\/strong><br \/>\n<span class=\"\" title=\"\">&#8211; Maschinenw\u00e4sche kalt.<\/span><br \/>\n<span title=\"\">&#8211; Nicht bleichen.<\/span><br \/>\n<span title=\"\">&#8211; Nicht im Trockner trocknen.<\/span><\/span><\/p>\n","protected":false},"excerpt":{"rendered":"<p>Mit diesen gro\u00dfartigen gestreiften MNX-Socken aus weicher und bequemer Baumwolle k\u00f6nnen Sie sehr modisch sein. Paket beinhaltet 1 Paar Socken. Hergestellt in Slowenien (EU).<\/p>\n","protected":false},"featured_media":402693,"comment_status":"open","ping_status":"closed","template":"","meta":[],"product_brand":[],"product_cat":[2424,2405,2423],"product_tag":[],"class_list":{"0":"post-253656","1":"product","2":"type-product","3":"status-publish","4":"has-post-thumbnail","6":"product_cat-accessories-de","7":"product_cat-herren","8":"product_cat-socken","9":"yith_product_brand-mnx-de","11":"first","12":"instock","13":"sale","14":"featured","15":"taxable","16":"shipping-taxable","17":"purchasable","18":"product-type-variable"},"exclude_global_add_ons":[],"addons":[],"_links":{"self":[{"href":"https:\/\/mnxsportswear.com\/de\/wp-json\/wp\/v2\/product\/253656","targetHints":{"allow":["GET"]}}],"collection":[{"href":"https:\/\/mnxsportswear.com\/de\/wp-json\/wp\/v2\/product"}],"about":[{"href":"https:\/\/mnxsportswear.com\/de\/wp-json\/wp\/v2\/types\/product"}],"replies":[{"embeddable":true,"href":"https:\/\/mnxsportswear.com\/de\/wp-json\/wp\/v2\/comments?post=253656"}],"version-history":[{"count":1,"href":"https:\/\/mnxsportswear.com\/de\/wp-json\/wp\/v2\/product\/253656\/revisions"}],"predecessor-version":[{"id":402695,"href":"https:\/\/mnxsportswear.com\/de\/wp-json\/wp\/v2\/product\/253656\/revisions\/402695"}],"wp:featuredmedia":[{"embeddable":true,"href":"https:\/\/mnxsportswear.com\/de\/wp-json\/wp\/v2\/media\/402693"}],"wp:attachment":[{"href":"https:\/\/mnxsportswear.com\/de\/wp-json\/wp\/v2\/media?parent=253656"}],"wp:term":[{"taxonomy":"product_brand","embeddable":true,"href":"https:\/\/mnxsportswear.com\/de\/wp-json\/wp\/v2\/product_brand?post=253656"},{"taxonomy":"product_cat","embeddable":true,"href":"https:\/\/mnxsportswear.com\/de\/wp-json\/wp\/v2\/product_cat?post=253656"},{"taxonomy":"product_tag","embeddable":true,"href":"https:\/\/mnxsportswear.com\/de\/wp-json\/wp\/v2\/product_tag?post=253656"}],"curies":[{"name":"wp","href":"https:\/\/api.w.org\/{rel}","templated":true}]}}