{"id":254405,"date":"2024-02-09T12:52:08","date_gmt":"2024-02-09T11:52:08","guid":{"rendered":"https:\/\/mnxsportswear.com\/product\/diy-personalized-classic-t-shirt\/"},"modified":"2026-03-01T21:21:54","modified_gmt":"2026-03-01T20:21:54","slug":"personalisiertes-motivierendes-klassisches-t-shirt","status":"publish","type":"product","link":"https:\/\/mnxsportswear.com\/de\/product\/personalisiertes-motivierendes-klassisches-t-shirt\/","title":{"rendered":"Personalisiertes motivierendes klassisches T-Shirt"},"content":{"rendered":"<p><strong>Material:<\/strong> 100 % Baumwolle<br \/>\n<strong>Farbe:<\/strong> wie abgebildet<br \/>\n<strong>Stil:<\/strong> klassisches T-Shirt<br \/>\n<strong>Gewicht:<\/strong> ca. 240 Gramm<br \/>\n<strong>Gr\u00f6\u00dfen:<\/strong> S, M, L, XL, 2XL, 3XL, 4XL<\/p>\n<p><strong>Schriftarten:<\/strong> Sie k\u00f6nnen zwischen 2 Schriftarten w\u00e4hlen.<\/p>\n<p><strong>Namens- und Nummernbreite:<\/strong> max. 28 cm<\/p>\n<p><strong>Pflegehinweise:<\/strong><br \/>\nWaschen bei 30 \u00b0C, Normalwaschgang, Nicht bleichen, Nicht im W\u00e4schetrockner trocknen, Bei niedriger Temperatur b\u00fcgeln, Nicht chemisch reinigen, Seien Sie vorsichtig beim B\u00fcgeln mit Dampf.<\/p>\n","protected":false},"excerpt":{"rendered":"<p>Gestalten Sie Ihr eigenes einzigartiges Baumwoll-T-Shirt mit einem explosiven Logo f\u00fcr maximale Motivation beim Training! Gestalten Sie Ihr eigenes T-Shirt, indem Sie das Logo, die Nummer, den Namen, die Druckfarbe, die T-Shirt-Farbe und den Schriftstil ausw\u00e4hlen. Das Logo wird auf die Vorderseite und Ihr Name auf die R\u00fcckseite gedruckt.<\/p>\n<p><em>Hinweis: Wir empfehlen Ihnen, kurze W\u00f6rter einzugeben. Je l\u00e4nger die W\u00f6rter, die Sie schreiben, desto kleiner werden die Zeichen, damit sie in die Breite des T-Shirts passen.<\/em><\/p>\n","protected":false},"featured_media":365843,"comment_status":"open","ping_status":"closed","template":"","meta":[],"product_brand":[],"product_cat":[2441,2405],"product_tag":[2453,2454,2455,2456],"class_list":{"0":"post-254405","1":"product","2":"type-product","3":"status-publish","4":"has-post-thumbnail","6":"product_cat-diy-de","7":"product_cat-herren","8":"product_tag-cotton-de","9":"product_tag-diy-de","10":"product_tag-personalized-de","11":"product_tag-t-shirt-de","12":"yith_product_brand-mnx-de","14":"first","15":"instock","16":"taxable","17":"shipping-taxable","18":"purchasable","19":"product-type-variable"},"exclude_global_add_ons":true,"addons":[{"name":"NUMMER","type":"custom_text","position":0,"required":false,"title_format":"label","default":"","description_enable":true,"description":"","placeholder_enable":false,"placeholder":"","display":"select","restrictions_type":"only_numbers","adjust_price":false,"price":"4","price_type":"quantity_based","restrictions":true,"min":"0","max":"2","options":[],"id":1707329950},{"name":"NAME","type":"custom_text","position":1,"required":false,"title_format":"label","default":"","description_enable":false,"description":"","placeholder_enable":false,"placeholder":"","display":"select","restrictions_type":"only_letters_numbers","adjust_price":false,"price":"2","price_type":"quantity_based","restrictions":true,"min":"0","max":"14","options":[],"id":1707329951}],"_links":{"self":[{"href":"https:\/\/mnxsportswear.com\/de\/wp-json\/wp\/v2\/product\/254405","targetHints":{"allow":["GET"]}}],"collection":[{"href":"https:\/\/mnxsportswear.com\/de\/wp-json\/wp\/v2\/product"}],"about":[{"href":"https:\/\/mnxsportswear.com\/de\/wp-json\/wp\/v2\/types\/product"}],"replies":[{"embeddable":true,"href":"https:\/\/mnxsportswear.com\/de\/wp-json\/wp\/v2\/comments?post=254405"}],"version-history":[{"count":0,"href":"https:\/\/mnxsportswear.com\/de\/wp-json\/wp\/v2\/product\/254405\/revisions"}],"wp:featuredmedia":[{"embeddable":true,"href":"https:\/\/mnxsportswear.com\/de\/wp-json\/wp\/v2\/media\/365843"}],"wp:attachment":[{"href":"https:\/\/mnxsportswear.com\/de\/wp-json\/wp\/v2\/media?parent=254405"}],"wp:term":[{"taxonomy":"product_brand","embeddable":true,"href":"https:\/\/mnxsportswear.com\/de\/wp-json\/wp\/v2\/product_brand?post=254405"},{"taxonomy":"product_cat","embeddable":true,"href":"https:\/\/mnxsportswear.com\/de\/wp-json\/wp\/v2\/product_cat?post=254405"},{"taxonomy":"product_tag","embeddable":true,"href":"https:\/\/mnxsportswear.com\/de\/wp-json\/wp\/v2\/product_tag?post=254405"}],"curies":[{"name":"wp","href":"https:\/\/api.w.org\/{rel}","templated":true}]}}