{"id":254418,"date":"2024-02-09T12:52:11","date_gmt":"2024-02-09T11:52:11","guid":{"rendered":"https:\/\/mnxsportswear.com\/product\/diy-personalized-v-neck-t-shirt\/"},"modified":"2026-03-01T18:21:36","modified_gmt":"2026-03-01T17:21:36","slug":"personalisiertes-t-shirt-mit-v-ausschnitt","status":"publish","type":"product","link":"https:\/\/mnxsportswear.com\/de\/product\/personalisiertes-t-shirt-mit-v-ausschnitt\/","title":{"rendered":"Personalisiertes T-Shirt mit V-Ausschnitt"},"content":{"rendered":"<p>Gestalten Sie Ihr eigenes T-Shirt mit V-Ausschnitt!<\/p>\n<p><strong>Material:<\/strong> 100 % Baumwolle<br \/>\n<strong>Farbe:<\/strong> wie abgebildet<br \/>\n<strong>Stil:<\/strong> klassisches T-Shirt<br \/>\n<strong>Ungef\u00e4hres Gewicht.<\/strong> 240 Gramm<br \/>\n<strong>Gr\u00f6\u00dfen:<\/strong> S, M, L, XL, 2XL, 3XL, 4XL<\/p>\n<p><strong>Schriftarten:<\/strong> Sie k\u00f6nnen zwischen 6 Schriftarten w\u00e4hlen.<\/p>\n<p><strong>Zahlengr\u00f6\u00dfe:<\/strong> ca. 30 x 20 cm (Breite x H\u00f6he)<\/p>\n<p><strong>Namensbreite:<\/strong> max. 30 cm<\/p>\n<p><strong>Pflegehinweise:<\/strong><br \/>\nWaschen bei 30\u00b0C, Normalwaschgang, Nicht bleichen, Nicht im Trockner trocknen, B\u00fcgeln bei niedriger Temperatur, Nicht chemisch reinigen, Vorsicht beim B\u00fcgeln mit Dampf.<\/p>\n<p>&nbsp;<\/p>\n<p>&nbsp;<\/p>\n","protected":false},"excerpt":{"rendered":"<p>Gestalten Sie in wenigen Schritten Ihr eigenes T-Shirt mit V-Ausschnitt! Kreieren Sie Ihr eigenes, einzigartiges T-Shirt, indem Sie die Nummer, den Namen, die Druckfarbe, die Trikotfarbe und den Schriftstil ausw\u00e4hlen. Ihre Nummer wird auf die Vorderseite und Ihr Name auf die R\u00fcckseite gedruckt. Wenn Sie einen zus\u00e4tzlichen Namen (Name 2) w\u00e4hlen, drucken wir diesen in der zweiten Zeile aus.<\/p>\n<p><strong>Hinweis: <\/strong><em>Wir empfehlen Ihnen, kurze W\u00f6rter einzugeben. Je l\u00e4nger die W\u00f6rter, die Sie schreiben, desto kleiner werden die Zeichen, damit sie in die Breite des T-Shirts passen.<\/em><\/p>\n<p><strong>Zahlengr\u00f6\u00dfe:<\/strong> ca. 30 x 20 cm (Breite x H\u00f6he)<br \/>\n<strong>Namensbreite:<\/strong> max. 30 cm<\/p>\n","protected":false},"featured_media":365863,"comment_status":"open","ping_status":"closed","template":"","meta":[],"product_brand":[],"product_cat":[2441,2405],"product_tag":[],"class_list":{"0":"post-254418","1":"product","2":"type-product","3":"status-publish","4":"has-post-thumbnail","6":"product_cat-diy-de","7":"product_cat-herren","8":"yith_product_brand-mnx-de","10":"first","11":"instock","12":"taxable","13":"shipping-taxable","14":"purchasable","15":"product-type-variable"},"exclude_global_add_ons":true,"addons":[{"name":"NUMMER (vorne)","type":"custom_text","position":0,"required":false,"title_format":"label","default":"","description_enable":false,"description":"","placeholder_enable":false,"placeholder":"","display":"select","restrictions_type":"only_numbers","adjust_price":false,"price":"4","price_type":"quantity_based","restrictions":true,"min":"0","max":"2","options":[],"id":1707329952},{"name":"NAME (auf der R\u00fcckseite)","type":"custom_text","position":1,"required":false,"title_format":"label","default":"","description_enable":false,"description":"","placeholder_enable":false,"placeholder":"","display":"select","restrictions_type":"only_letters_numbers","adjust_price":false,"price":"2","price_type":"quantity_based","restrictions":true,"min":"0","max":"12","options":[],"id":1707329953},{"name":"NAME 2 (optional) (2. Reihe auf der R\u00fcckseite)","type":"custom_text","position":2,"required":false,"title_format":"label","default":"","description_enable":false,"description":"","placeholder_enable":false,"placeholder":"","display":"select","restrictions_type":"only_letters_numbers","adjust_price":true,"price":"2","price_type":"flat_fee","restrictions":true,"min":"0","max":"12","options":[],"id":1707329954}],"_links":{"self":[{"href":"https:\/\/mnxsportswear.com\/de\/wp-json\/wp\/v2\/product\/254418","targetHints":{"allow":["GET"]}}],"collection":[{"href":"https:\/\/mnxsportswear.com\/de\/wp-json\/wp\/v2\/product"}],"about":[{"href":"https:\/\/mnxsportswear.com\/de\/wp-json\/wp\/v2\/types\/product"}],"replies":[{"embeddable":true,"href":"https:\/\/mnxsportswear.com\/de\/wp-json\/wp\/v2\/comments?post=254418"}],"version-history":[{"count":0,"href":"https:\/\/mnxsportswear.com\/de\/wp-json\/wp\/v2\/product\/254418\/revisions"}],"wp:featuredmedia":[{"embeddable":true,"href":"https:\/\/mnxsportswear.com\/de\/wp-json\/wp\/v2\/media\/365863"}],"wp:attachment":[{"href":"https:\/\/mnxsportswear.com\/de\/wp-json\/wp\/v2\/media?parent=254418"}],"wp:term":[{"taxonomy":"product_brand","embeddable":true,"href":"https:\/\/mnxsportswear.com\/de\/wp-json\/wp\/v2\/product_brand?post=254418"},{"taxonomy":"product_cat","embeddable":true,"href":"https:\/\/mnxsportswear.com\/de\/wp-json\/wp\/v2\/product_cat?post=254418"},{"taxonomy":"product_tag","embeddable":true,"href":"https:\/\/mnxsportswear.com\/de\/wp-json\/wp\/v2\/product_tag?post=254418"}],"curies":[{"name":"wp","href":"https:\/\/api.w.org\/{rel}","templated":true}]}}