{"id":254445,"date":"2024-02-09T12:52:13","date_gmt":"2024-02-09T11:52:13","guid":{"rendered":"https:\/\/mnxsportswear.com\/product\/diy-motivational-cotton-football-jersey\/"},"modified":"2026-03-01T18:08:33","modified_gmt":"2026-03-01T17:08:33","slug":"personalisiertes-motivations-fusballtrikot-aus-baumwolle","status":"publish","type":"product","link":"https:\/\/mnxsportswear.com\/de\/product\/personalisiertes-motivations-fusballtrikot-aus-baumwolle\/","title":{"rendered":"Personalisiertes Motivations-Fu\u00dfballtrikot aus Baumwolle"},"content":{"rendered":"<p>Das Fu\u00dfball-T-Shirt besteht aus atmungsaktivem und weichem Stoff.<\/p>\n<p><strong>Material:<\/strong> 100 % Baumwolle; \u00c4rmel und Schultern 100 % Polyester (5 % Schrumpfung)<br \/>\n<strong>Farbe:<\/strong> wie abgebildet<br \/>\n<strong>Stil:<\/strong> \u00fcbergro\u00df<br \/>\n<strong>Gr\u00f6\u00dfen:<\/strong> XS, S, M, L, XL, XXL, 3XL, 4XL, 5XL<\/p>\n<p><strong>Schriftarten:<\/strong> Sie k\u00f6nnen zwischen 2 Schriftarten w\u00e4hlen.<\/p>\n<p><strong>Nummern- und Namensgr\u00f6\u00dfe:<\/strong> max. 29 cm<\/p>\n<p><strong>Pflegehinweise:<\/strong><br \/>\nWaschen bei 30 \u00b0C, Normalwaschgang, Nicht bleichen, Nicht im W\u00e4schetrockner trocknen, Bei niedriger Temperatur b\u00fcgeln, Nicht chemisch reinigen, Seien Sie vorsichtig beim B\u00fcgeln mit Dampf.<\/p>\n","protected":false},"excerpt":{"rendered":"<p>Gestalten Sie Ihr eigenes, einzigartiges Baumwoll-Fu\u00dfballtrikot mit einem explosiven Logo f\u00fcr maximale Motivation beim Training! Erstellen Sie Ihr eigenes Trikot, indem Sie Logo, Nummer, Namen, Druckfarbe, Trikotfarbe und Schriftart ausw\u00e4hlen. Das Logo wird auf die Vorderseite und Ihr Name auf die R\u00fcckseite gedruckt.<\/p>\n<p><em>Hinweis: Wir empfehlen Ihnen, kurze W\u00f6rter einzugeben. Je l\u00e4nger die W\u00f6rter, die Sie schreiben, desto kleiner werden die Zeichen, damit sie in die Breite des T-Shirts passen.<\/em><\/p>\n","protected":false},"featured_media":365858,"comment_status":"open","ping_status":"closed","template":"","meta":[],"product_brand":[],"product_cat":[2441,2405],"product_tag":[],"class_list":{"0":"post-254445","1":"product","2":"type-product","3":"status-publish","4":"has-post-thumbnail","6":"product_cat-diy-de","7":"product_cat-herren","8":"yith_product_brand-mnx-de","10":"first","11":"instock","12":"taxable","13":"shipping-taxable","14":"purchasable","15":"product-type-variable"},"exclude_global_add_ons":true,"addons":[{"name":"NUMMER","type":"custom_text","position":0,"required":true,"title_format":"label","default":"","description_enable":false,"description":"","placeholder_enable":false,"placeholder":"","display":"select","restrictions_type":"only_numbers","adjust_price":false,"price":"4","price_type":"quantity_based","restrictions":true,"min":"0","max":"2","options":[],"id":1707329955},{"name":"NAME","type":"custom_text","position":1,"required":false,"title_format":"label","default":"","description_enable":false,"description":"","placeholder_enable":false,"placeholder":"","display":"select","restrictions_type":"only_letters_numbers","adjust_price":false,"price":"2","price_type":"quantity_based","restrictions":true,"min":"0","max":"14","options":[],"id":1707329956}],"_links":{"self":[{"href":"https:\/\/mnxsportswear.com\/de\/wp-json\/wp\/v2\/product\/254445","targetHints":{"allow":["GET"]}}],"collection":[{"href":"https:\/\/mnxsportswear.com\/de\/wp-json\/wp\/v2\/product"}],"about":[{"href":"https:\/\/mnxsportswear.com\/de\/wp-json\/wp\/v2\/types\/product"}],"replies":[{"embeddable":true,"href":"https:\/\/mnxsportswear.com\/de\/wp-json\/wp\/v2\/comments?post=254445"}],"version-history":[{"count":0,"href":"https:\/\/mnxsportswear.com\/de\/wp-json\/wp\/v2\/product\/254445\/revisions"}],"wp:featuredmedia":[{"embeddable":true,"href":"https:\/\/mnxsportswear.com\/de\/wp-json\/wp\/v2\/media\/365858"}],"wp:attachment":[{"href":"https:\/\/mnxsportswear.com\/de\/wp-json\/wp\/v2\/media?parent=254445"}],"wp:term":[{"taxonomy":"product_brand","embeddable":true,"href":"https:\/\/mnxsportswear.com\/de\/wp-json\/wp\/v2\/product_brand?post=254445"},{"taxonomy":"product_cat","embeddable":true,"href":"https:\/\/mnxsportswear.com\/de\/wp-json\/wp\/v2\/product_cat?post=254445"},{"taxonomy":"product_tag","embeddable":true,"href":"https:\/\/mnxsportswear.com\/de\/wp-json\/wp\/v2\/product_tag?post=254445"}],"curies":[{"name":"wp","href":"https:\/\/api.w.org\/{rel}","templated":true}]}}