{"id":254476,"date":"2024-02-09T12:52:20","date_gmt":"2024-02-09T11:52:20","guid":{"rendered":"https:\/\/mnxsportswear.com\/product\/design-mnx-football-jersey\/"},"modified":"2026-03-05T08:14:33","modified_gmt":"2026-03-05T07:14:33","slug":"personalisiertes-fusballtrikot","status":"publish","type":"product","link":"https:\/\/mnxsportswear.com\/de\/product\/personalisiertes-fusballtrikot\/","title":{"rendered":"Personalisiertes Fu\u00dfballtrikot"},"content":{"rendered":"<p><strong>Entwerfen Sie Ihr eigenes Fu\u00dfball-T-Shirt!<\/strong> Jersey besteht aus atmungsaktivem Micro-Mesh-Gewebe.<\/p>\n<p><strong>Material:<\/strong> 100 % Polyester (5 % Schrumpfung)<br \/>\n<strong>Farbe:<\/strong> wie abgebildet<br \/>\n<strong>Stil:<\/strong> \u00fcbergro\u00df<br \/>\n<strong>Gr\u00f6\u00dfen:<\/strong> XS, S, M, L, XL, XXL, 3XL, 4XL, 5XL, 6XL<\/p>\n<p><strong>Schriftarten:<\/strong> Sie k\u00f6nnen zwischen 6 Schriftarten w\u00e4hlen.<\/p>\n<p><strong>Zahlengr\u00f6\u00dfe:<\/strong> ca. 30 x 20 cm (Breite x H\u00f6he)<\/p>\n<p><strong>Namensbreite:<\/strong> max. 33 cm<\/p>\n<p><strong>Pflegehinweise:<\/strong><br \/>\nWaschen bei 30 \u00b0C, Normalwaschgang, Nicht bleichen, Nicht im W\u00e4schetrockner trocknen, Bei niedriger Temperatur b\u00fcgeln, Nicht chemisch reinigen, Seien Sie vorsichtig beim B\u00fcgeln mit Dampf.<\/p>\n<p>&nbsp;<\/p>\n<p><span class=\"tlid-translation translation\" lang=\"de\"><span title=\"\">\u00a0<\/span><\/span><\/p>\n<p>&nbsp;<\/p>\n","protected":false},"excerpt":{"rendered":"<p>Gestalten Sie Ihr eigenes Fu\u00dfballtrikot in nur wenigen Schritten! Kreieren Sie Ihr eigenes, einzigartiges Trikot, indem Sie Nummer, Name, Druckfarbe, Trikotfarbe und Schriftart ausw\u00e4hlen. Ihre Nummer wird auf die Vorderseite und Ihr Name auf die R\u00fcckseite gedruckt. Wenn Sie einen zus\u00e4tzlichen Namen (Name 2) w\u00e4hlen, drucken wir diesen in der zweiten Zeile aus.<\/p>\n<p><strong>Hinweis: <\/strong><em>Wir empfehlen Ihnen, kurze W\u00f6rter einzugeben. Je l\u00e4nger die W\u00f6rter, die Sie schreiben, desto kleiner werden die Zeichen, damit sie in die Breite des T-Shirts passen.<\/em><\/p>\n<p><strong>Zahlengr\u00f6\u00dfe:<\/strong> ca. 30 x 20 cm (Breite x H\u00f6he)<br \/>\n<strong>Namensbreite:<\/strong> max. 33 cm<\/p>\n","protected":false},"featured_media":365831,"comment_status":"open","ping_status":"closed","template":"","meta":[],"product_brand":[],"product_cat":[2441,2405],"product_tag":[],"class_list":{"0":"post-254476","1":"product","2":"type-product","3":"status-publish","4":"has-post-thumbnail","6":"product_cat-diy-de","7":"product_cat-herren","8":"yith_product_brand-mnx-de","10":"first","11":"instock","12":"taxable","13":"shipping-taxable","14":"purchasable","15":"product-type-variable"},"exclude_global_add_ons":true,"addons":[{"name":"NUMMER (auf der Vorderseite)","type":"custom_text","position":0,"required":false,"title_format":"label","default":"","description_enable":false,"description":"","placeholder_enable":false,"placeholder":"","display":"select","restrictions_type":"only_numbers","adjust_price":false,"price":"4","price_type":"quantity_based","restrictions":true,"min":"0","max":"2","options":[],"id":1707329961},{"name":"NAME (auf der R\u00fcckseite)","type":"custom_text","position":1,"required":false,"title_format":"label","default":"","description_enable":false,"description":"","placeholder_enable":false,"placeholder":"","display":"select","restrictions_type":"only_letters_numbers","adjust_price":false,"price":"2","price_type":"quantity_based","restrictions":true,"min":"0","max":"14","options":[],"id":1707329962},{"name":"NAME 2 (optional) (2. Reihe auf der R\u00fcckseite)","type":"custom_text","position":2,"required":false,"title_format":"label","default":"","description_enable":false,"description":"","placeholder_enable":false,"placeholder":"","display":"select","restrictions_type":"only_letters_numbers","adjust_price":true,"price":"2","price_type":"flat_fee","restrictions":true,"min":"0","max":"14","options":[],"id":1707329963}],"_links":{"self":[{"href":"https:\/\/mnxsportswear.com\/de\/wp-json\/wp\/v2\/product\/254476","targetHints":{"allow":["GET"]}}],"collection":[{"href":"https:\/\/mnxsportswear.com\/de\/wp-json\/wp\/v2\/product"}],"about":[{"href":"https:\/\/mnxsportswear.com\/de\/wp-json\/wp\/v2\/types\/product"}],"replies":[{"embeddable":true,"href":"https:\/\/mnxsportswear.com\/de\/wp-json\/wp\/v2\/comments?post=254476"}],"version-history":[{"count":0,"href":"https:\/\/mnxsportswear.com\/de\/wp-json\/wp\/v2\/product\/254476\/revisions"}],"wp:featuredmedia":[{"embeddable":true,"href":"https:\/\/mnxsportswear.com\/de\/wp-json\/wp\/v2\/media\/365831"}],"wp:attachment":[{"href":"https:\/\/mnxsportswear.com\/de\/wp-json\/wp\/v2\/media?parent=254476"}],"wp:term":[{"taxonomy":"product_brand","embeddable":true,"href":"https:\/\/mnxsportswear.com\/de\/wp-json\/wp\/v2\/product_brand?post=254476"},{"taxonomy":"product_cat","embeddable":true,"href":"https:\/\/mnxsportswear.com\/de\/wp-json\/wp\/v2\/product_cat?post=254476"},{"taxonomy":"product_tag","embeddable":true,"href":"https:\/\/mnxsportswear.com\/de\/wp-json\/wp\/v2\/product_tag?post=254476"}],"curies":[{"name":"wp","href":"https:\/\/api.w.org\/{rel}","templated":true}]}}