{"id":267579,"date":"2020-07-22T13:27:31","date_gmt":"2020-07-22T11:27:31","guid":{"rendered":"https:\/\/mnxsportswear.com\/?post_type=product&#038;p=267579"},"modified":"2026-03-21T08:52:23","modified_gmt":"2026-03-21T07:52:23","slug":"mnx-ribbed-kurze-hosen-hammer-schwarz","status":"publish","type":"product","link":"https:\/\/mnxsportswear.com\/de\/product\/mnx-ribbed-kurze-hosen-hammer-schwarz\/","title":{"rendered":"MNX Ribbed kurze hosen Hammer, schwarz"},"content":{"rendered":"<p>Bequeme Hosen MNX Hammer.<\/p>\n<p><strong>Material: <\/strong><span class=\"tlid-translation translation\" lang=\"de\"><span class=\"\" title=\"\">65% Baumwolle, 35% Polyester<\/span><\/span><br \/>\n<strong>Farbe:<\/strong> wie abgebildet<br \/>\n<strong>Stil \/ Modell:<\/strong> regular fit -normale passform<br \/>\n<strong>Gr\u00f6\u00dfen:<\/strong> S, M, L, XL, 2XL, 3XL, 4XL<\/p>\n<p><em>Das Model auf dem Foto tr\u00e4gt Gr\u00f6\u00dfe XXL (185 cm \/ 115 kg)<\/em><\/p>\n<p><strong>Pflegehinweise:<br \/>\n<\/strong>Waschen bei 30\u00b0C, Normalwaschgang. Nicht bleichen. Nicht trockenreinige. Nicht im W\u00e4schetrockner trocknen,. Nicht hei\u00df b\u00fcgeln (110\u00b0C). Vorsicht beim B\u00fcgeln mit Dampf.<\/p>\n","protected":false},"excerpt":{"rendered":"<p class=\"western\" lang=\"en-US\">Komfortable Hosen, gefertigt aus den besten Materialien f\u00fcr ihren perfekten Look. Mit Hosentaschen und Zippverschl\u00fcsse, einem elastischen Bund und Schn\u00fcren und einem speziellen mnx Patch. Einem V-Schnitt mit einem Kordelzug f\u00fcr einen Special Look. Kombinieren sie dieses Top mit den Hammer Pants und Hammer Shorts und kreieren sie das perfekte Outfit.<\/p>\n","protected":false},"featured_media":335090,"comment_status":"open","ping_status":"closed","template":"","meta":[],"product_brand":[],"product_cat":[3590,3160,2405,2419],"product_tag":[],"class_list":{"0":"post-267579","1":"product","2":"type-product","3":"status-publish","4":"has-post-thumbnail","6":"product_cat-auffullen","7":"product_cat-hammer-de","8":"product_cat-herren","9":"product_cat-shorts-de","10":"yith_product_brand-hammer-de","11":"yith_product_brand-mnx-de","13":"first","14":"instock","15":"sale","16":"taxable","17":"shipping-taxable","18":"purchasable","19":"product-type-variable"},"exclude_global_add_ons":[],"addons":[],"_links":{"self":[{"href":"https:\/\/mnxsportswear.com\/de\/wp-json\/wp\/v2\/product\/267579","targetHints":{"allow":["GET"]}}],"collection":[{"href":"https:\/\/mnxsportswear.com\/de\/wp-json\/wp\/v2\/product"}],"about":[{"href":"https:\/\/mnxsportswear.com\/de\/wp-json\/wp\/v2\/types\/product"}],"replies":[{"embeddable":true,"href":"https:\/\/mnxsportswear.com\/de\/wp-json\/wp\/v2\/comments?post=267579"}],"version-history":[{"count":1,"href":"https:\/\/mnxsportswear.com\/de\/wp-json\/wp\/v2\/product\/267579\/revisions"}],"predecessor-version":[{"id":406798,"href":"https:\/\/mnxsportswear.com\/de\/wp-json\/wp\/v2\/product\/267579\/revisions\/406798"}],"wp:featuredmedia":[{"embeddable":true,"href":"https:\/\/mnxsportswear.com\/de\/wp-json\/wp\/v2\/media\/335090"}],"wp:attachment":[{"href":"https:\/\/mnxsportswear.com\/de\/wp-json\/wp\/v2\/media?parent=267579"}],"wp:term":[{"taxonomy":"product_brand","embeddable":true,"href":"https:\/\/mnxsportswear.com\/de\/wp-json\/wp\/v2\/product_brand?post=267579"},{"taxonomy":"product_cat","embeddable":true,"href":"https:\/\/mnxsportswear.com\/de\/wp-json\/wp\/v2\/product_cat?post=267579"},{"taxonomy":"product_tag","embeddable":true,"href":"https:\/\/mnxsportswear.com\/de\/wp-json\/wp\/v2\/product_tag?post=267579"}],"curies":[{"name":"wp","href":"https:\/\/api.w.org\/{rel}","templated":true}]}}