{"id":268427,"date":"2020-07-23T11:57:14","date_gmt":"2020-07-23T09:57:14","guid":{"rendered":"https:\/\/mnxsportswear.com\/?post_type=product&#038;p=268427"},"modified":"2026-03-01T21:34:44","modified_gmt":"2026-03-01T20:34:44","slug":"mnx-bodybuilding-classic-hose-camo","status":"publish","type":"product","link":"https:\/\/mnxsportswear.com\/de\/product\/mnx-bodybuilding-classic-hose-camo\/","title":{"rendered":"MNX Bodybuilding Classic Hose, camo"},"content":{"rendered":"<p><strong>Material:<\/strong> 100% <span class=\"tlid-translation translation\" lang=\"de\"><span class=\"\" title=\"\">Baumwolle<\/span><\/span><br \/>\n<strong>Farbe:<\/strong> wie abgebildet<br \/>\n<strong>Stil \/ Modell:<\/strong> \u00fcbergro\u00df (weit geschnitten)<br \/>\n<strong>Gr\u00f6\u00dfen:<\/strong> S, M, L, XL, 2XL, 3XL<\/p>\n<p><em>Das Model auf dem Foto tr\u00e4gt Gr\u00f6\u00dfe L (180 cm \/ 90 kg)<\/em><\/p>\n<p><strong>Pflegehinweise:<br \/>\n<\/strong>Waschen bei 30\u00b0C, Normalwaschgang. Nicht bleichen. Nicht trockenreinige. Nicht im W\u00e4schetrockner trocknen,. Nicht hei\u00df b\u00fcgeln (110\u00b0C). Vorsicht beim B\u00fcgeln mit Dampf.<\/p>\n","protected":false},"excerpt":{"rendered":"<p>MNX Bodybuilding Trainingshose aus 100% leichter Baumwolle. Mit gesticktem \u201eX\u201c vorne und hinten und gro\u00dfem MNX-Gummi-Logo. Klassische Taschen an beiden Seiten und elastischer Bund mit regulierbarem Kordelzug, der mit neu gestalteten MNX-Kunststoffspitzen endet. Diese Hose bietet maximalen Komfort dank ihres weichen Stoffs.<\/p>\n<p>&nbsp;<\/p>\n","protected":false},"featured_media":404011,"comment_status":"open","ping_status":"closed","template":"","meta":[],"product_brand":[],"product_cat":[2405,2430,3078],"product_tag":[],"class_list":{"0":"post-268427","1":"product","2":"type-product","3":"status-publish","4":"has-post-thumbnail","6":"product_cat-herren","7":"product_cat-hosen","8":"product_cat-lockere-passform","9":"yith_product_brand-mnx-de","11":"first","12":"outofstock","13":"sale","14":"taxable","15":"shipping-taxable","16":"purchasable","17":"product-type-variable"},"exclude_global_add_ons":[],"addons":[],"_links":{"self":[{"href":"https:\/\/mnxsportswear.com\/de\/wp-json\/wp\/v2\/product\/268427","targetHints":{"allow":["GET"]}}],"collection":[{"href":"https:\/\/mnxsportswear.com\/de\/wp-json\/wp\/v2\/product"}],"about":[{"href":"https:\/\/mnxsportswear.com\/de\/wp-json\/wp\/v2\/types\/product"}],"replies":[{"embeddable":true,"href":"https:\/\/mnxsportswear.com\/de\/wp-json\/wp\/v2\/comments?post=268427"}],"version-history":[{"count":2,"href":"https:\/\/mnxsportswear.com\/de\/wp-json\/wp\/v2\/product\/268427\/revisions"}],"predecessor-version":[{"id":404014,"href":"https:\/\/mnxsportswear.com\/de\/wp-json\/wp\/v2\/product\/268427\/revisions\/404014"}],"wp:featuredmedia":[{"embeddable":true,"href":"https:\/\/mnxsportswear.com\/de\/wp-json\/wp\/v2\/media\/404011"}],"wp:attachment":[{"href":"https:\/\/mnxsportswear.com\/de\/wp-json\/wp\/v2\/media?parent=268427"}],"wp:term":[{"taxonomy":"product_brand","embeddable":true,"href":"https:\/\/mnxsportswear.com\/de\/wp-json\/wp\/v2\/product_brand?post=268427"},{"taxonomy":"product_cat","embeddable":true,"href":"https:\/\/mnxsportswear.com\/de\/wp-json\/wp\/v2\/product_cat?post=268427"},{"taxonomy":"product_tag","embeddable":true,"href":"https:\/\/mnxsportswear.com\/de\/wp-json\/wp\/v2\/product_tag?post=268427"}],"curies":[{"name":"wp","href":"https:\/\/api.w.org\/{rel}","templated":true}]}}