{"id":269204,"date":"2020-08-04T15:37:13","date_gmt":"2020-08-04T13:37:13","guid":{"rendered":"https:\/\/mnxsportswear.com\/?post_type=product&#038;p=269204"},"modified":"2026-03-01T18:11:38","modified_gmt":"2026-03-01T17:11:38","slug":"mnx-knee-wraps-grau","status":"publish","type":"product","link":"https:\/\/mnxsportswear.com\/de\/product\/mnx-knee-wraps-grau\/","title":{"rendered":"MNX Knee wraps Grau"},"content":{"rendered":"<p><strong>Material: <\/strong>100% Elastane<br \/>\n<strong>Farbe:<\/strong> wie abgebildet<br \/>\n<strong>Gr\u00f6\u00dfen:<\/strong> Einheitsgr\u00f6\u00dfe \/ One Size<br \/>\n<strong>Gr\u00f6\u00dfe:<\/strong> 2,0 m<\/p>\n<p><span class=\"tlid-translation translation\" lang=\"de\"><span title=\"\"><strong>WICHTIG:<\/strong> Nicht in der Waschmaschine waschen.<\/span> <span class=\"\" title=\"\">Nur an der Luft trocknen!<\/span><\/span><\/p>\n","protected":false},"excerpt":{"rendered":"<p>Starke MNX-Kniebandagen sind 2 Meter lang und bestehen aus extrem haltbarem, dickem Elasthan und Baumwolle. Kniebandagen bieten maximale Unterst\u00fctzung rund um das Kniegelenk w\u00e4hrend \u00dcbungen, wie tiefe Kniebeugen, Beinpressen, Ausfallschritte usw. Kniebandagen eignen sich hervorragend zur Vorbeugung von Verletzungen und eignen sich auch f\u00fcr Personen, die derzeit unter Knieschmerzen\/ Instabilit\u00e4t leiden und zus\u00e4tzliche Unterst\u00fctzung w\u00e4hrend des Trainings ben\u00f6tigen.<\/p>\n<p>&nbsp;<\/p>\n","protected":false},"featured_media":397040,"comment_status":"open","ping_status":"closed","template":"","meta":[],"product_brand":[],"product_cat":[2424,2439],"product_tag":[],"class_list":{"0":"post-269204","1":"product","2":"type-product","3":"status-publish","4":"has-post-thumbnail","6":"product_cat-accessories-de","7":"product_cat-wrist-wraps-and-straps-de","8":"yith_product_brand-mnx-de","10":"first","11":"instock","12":"sale","13":"taxable","14":"shipping-taxable","15":"purchasable","16":"product-type-simple"},"exclude_global_add_ons":[],"addons":[],"_links":{"self":[{"href":"https:\/\/mnxsportswear.com\/de\/wp-json\/wp\/v2\/product\/269204","targetHints":{"allow":["GET"]}}],"collection":[{"href":"https:\/\/mnxsportswear.com\/de\/wp-json\/wp\/v2\/product"}],"about":[{"href":"https:\/\/mnxsportswear.com\/de\/wp-json\/wp\/v2\/types\/product"}],"replies":[{"embeddable":true,"href":"https:\/\/mnxsportswear.com\/de\/wp-json\/wp\/v2\/comments?post=269204"}],"version-history":[{"count":1,"href":"https:\/\/mnxsportswear.com\/de\/wp-json\/wp\/v2\/product\/269204\/revisions"}],"predecessor-version":[{"id":397042,"href":"https:\/\/mnxsportswear.com\/de\/wp-json\/wp\/v2\/product\/269204\/revisions\/397042"}],"wp:featuredmedia":[{"embeddable":true,"href":"https:\/\/mnxsportswear.com\/de\/wp-json\/wp\/v2\/media\/397040"}],"wp:attachment":[{"href":"https:\/\/mnxsportswear.com\/de\/wp-json\/wp\/v2\/media?parent=269204"}],"wp:term":[{"taxonomy":"product_brand","embeddable":true,"href":"https:\/\/mnxsportswear.com\/de\/wp-json\/wp\/v2\/product_brand?post=269204"},{"taxonomy":"product_cat","embeddable":true,"href":"https:\/\/mnxsportswear.com\/de\/wp-json\/wp\/v2\/product_cat?post=269204"},{"taxonomy":"product_tag","embeddable":true,"href":"https:\/\/mnxsportswear.com\/de\/wp-json\/wp\/v2\/product_tag?post=269204"}],"curies":[{"name":"wp","href":"https:\/\/api.w.org\/{rel}","templated":true}]}}