{"id":276175,"date":"2021-07-21T15:47:09","date_gmt":"2021-07-21T13:47:09","guid":{"rendered":"https:\/\/mnxsportswear.com\/?post_type=product&#038;p=276175"},"modified":"2026-03-03T11:55:58","modified_gmt":"2026-03-03T10:55:58","slug":"mnx-herren-fitnessshorts-schwarz","status":"publish","type":"product","link":"https:\/\/mnxsportswear.com\/de\/product\/mnx-herren-fitnessshorts-schwarz\/","title":{"rendered":"MNX Herren Fitnessshorts, Schwarz"},"content":{"rendered":"<p><span class=\"HwtZe\" lang=\"de\"><span class=\"jCAhz ChMk0b\"><span class=\"ryNqvb\">MNX Herren-Fitness-Shorts.<\/span><\/span> <\/span><\/p>\n<ul>\n<li><span class=\"HwtZe\" lang=\"de\"><span class=\"jCAhz ChMk0b\"><span class=\"ryNqvb\">ergonomische Schnittlinien,<\/span><\/span> <\/span><\/li>\n<li><span class=\"HwtZe\" lang=\"de\"><span class=\"jCAhz ChMk0b\"><span class=\"ryNqvb\">atmungsaktives Mesh-Gewebe,<\/span><\/span> <\/span><\/li>\n<li><span class=\"HwtZe\" lang=\"de\"><span class=\"jCAhz ChMk0b\"><span class=\"ryNqvb\">seitliche Rei\u00dfverschlusstaschen,<\/span><\/span> <\/span><\/li>\n<li><span class=\"HwtZe\" lang=\"de\"><span class=\"jCAhz ChMk0b\"><span class=\"ryNqvb\">verstellbarer Bund.<\/span><\/span><\/span><\/li>\n<\/ul>\n<p><strong>Material: <\/strong>100 % Polyester (5% Schrumpfung)<br \/>\n<strong>Farbe:<\/strong> wie abgebildet<br \/>\n<strong>Stil \/ Modell:<\/strong> classic<br \/>\n<strong>Gr\u00f6\u00dfen:<\/strong> S, M, L, XL, XXL, 3XL<\/p>\n","protected":false},"excerpt":{"rendered":"<p class=\"western\" lang=\"en-US\"><span class=\"HwtZe\" lang=\"de\"><span class=\"jCAhz ChMk0b\"><span class=\"ryNqvb\">MNX-Shorts mit ergonomischen Schnittlinien f\u00fcr maximale Bewegungsfreiheit.<\/span><\/span> <span class=\"jCAhz ChMk0b\"><span class=\"ryNqvb\">Hergestellt aus atmungsaktivem Mesh-Gewebe, das Sie l\u00e4nger trocken h\u00e4lt.<\/span><\/span> <span class=\"jCAhz ChMk0b\"><span class=\"ryNqvb\">Mit seitlichen Rei\u00dfverschlusstaschen zur sicheren Aufbewahrung w\u00e4hrend des Trainings und verstellbarem Bund mit Tunnelzugkordel f\u00fcr eine individuelle Passform.<\/span><\/span> <span class=\"jCAhz ChMk0b\"><span class=\"ryNqvb\">Erh\u00e4ltlich in mehreren Farben.<\/span><\/span><\/span><\/p>\n","protected":false},"featured_media":338306,"comment_status":"open","ping_status":"closed","template":"","meta":[],"product_brand":[],"product_cat":[2405,2419],"product_tag":[],"class_list":{"0":"post-276175","1":"product","2":"type-product","3":"status-publish","4":"has-post-thumbnail","6":"product_cat-herren","7":"product_cat-shorts-de","8":"yith_product_brand-mnx-de","10":"first","11":"instock","12":"sale","13":"taxable","14":"shipping-taxable","15":"purchasable","16":"product-type-variable"},"exclude_global_add_ons":[],"addons":[],"_links":{"self":[{"href":"https:\/\/mnxsportswear.com\/de\/wp-json\/wp\/v2\/product\/276175","targetHints":{"allow":["GET"]}}],"collection":[{"href":"https:\/\/mnxsportswear.com\/de\/wp-json\/wp\/v2\/product"}],"about":[{"href":"https:\/\/mnxsportswear.com\/de\/wp-json\/wp\/v2\/types\/product"}],"replies":[{"embeddable":true,"href":"https:\/\/mnxsportswear.com\/de\/wp-json\/wp\/v2\/comments?post=276175"}],"version-history":[{"count":0,"href":"https:\/\/mnxsportswear.com\/de\/wp-json\/wp\/v2\/product\/276175\/revisions"}],"wp:featuredmedia":[{"embeddable":true,"href":"https:\/\/mnxsportswear.com\/de\/wp-json\/wp\/v2\/media\/338306"}],"wp:attachment":[{"href":"https:\/\/mnxsportswear.com\/de\/wp-json\/wp\/v2\/media?parent=276175"}],"wp:term":[{"taxonomy":"product_brand","embeddable":true,"href":"https:\/\/mnxsportswear.com\/de\/wp-json\/wp\/v2\/product_brand?post=276175"},{"taxonomy":"product_cat","embeddable":true,"href":"https:\/\/mnxsportswear.com\/de\/wp-json\/wp\/v2\/product_cat?post=276175"},{"taxonomy":"product_tag","embeddable":true,"href":"https:\/\/mnxsportswear.com\/de\/wp-json\/wp\/v2\/product_tag?post=276175"}],"curies":[{"name":"wp","href":"https:\/\/api.w.org\/{rel}","templated":true}]}}