{"id":285677,"date":"2021-10-12T13:58:23","date_gmt":"2021-10-12T11:58:23","guid":{"rendered":"https:\/\/mnxsportswear.com\/?post_type=product&#038;p=285677"},"modified":"2026-03-01T18:28:57","modified_gmt":"2026-03-01T17:28:57","slug":"mnx-wrist-wraps-heavy-soft-18-grey-black","status":"publish","type":"product","link":"https:\/\/mnxsportswear.com\/de\/product\/mnx-wrist-wraps-heavy-soft-18-grey-black\/","title":{"rendered":"MNX Wrist wraps Heavy soft 18&#8243;, Grey &#038; Black"},"content":{"rendered":"<p><strong>Material: <\/strong>100% Elasthan<br \/>\n<strong>Farbe:<\/strong> wie abgebildet<br \/>\n<strong>Gr\u00f6\u00dfen:<\/strong> Einheitsgr\u00f6\u00dfe \/ One Size<\/p>\n<p><span class=\"tlid-translation translation\" lang=\"de\"><span title=\"\"><strong>WICHTIG:<\/strong> Nicht in der Waschmaschine waschen.<\/span> <span class=\"\" title=\"\">Nur an der Luft trocknen!<\/span><\/span><\/p>\n","protected":false},"excerpt":{"rendered":"<p>MNX Handgelenk Handschuhe f\u00fcr Gewichtheber bestehen aus der st\u00e4rksten Mischung von Baumwolle und Elasthan f\u00fcr bessere Unterst\u00fctzung und lange Lebensdauer. Handgelenk Handschuhe bieten die dringend ben\u00f6tigte Unterst\u00fctzung und Stabilit\u00e4t bei Ihren schwersten Lifts. Sie sch\u00fctzen auch Ihr Handgelenk vor Verletzungen.<\/p>\n<p>&nbsp;<\/p>\n","protected":false},"featured_media":396787,"comment_status":"open","ping_status":"closed","template":"","meta":[],"product_brand":[],"product_cat":[2424,2439],"product_tag":[],"class_list":{"0":"post-285677","1":"product","2":"type-product","3":"status-publish","4":"has-post-thumbnail","6":"product_cat-accessories-de","7":"product_cat-wrist-wraps-and-straps-de","8":"yith_product_brand-mnx-de","10":"first","11":"instock","12":"sale","13":"taxable","14":"shipping-taxable","15":"purchasable","16":"product-type-simple"},"exclude_global_add_ons":[],"addons":[],"_links":{"self":[{"href":"https:\/\/mnxsportswear.com\/de\/wp-json\/wp\/v2\/product\/285677","targetHints":{"allow":["GET"]}}],"collection":[{"href":"https:\/\/mnxsportswear.com\/de\/wp-json\/wp\/v2\/product"}],"about":[{"href":"https:\/\/mnxsportswear.com\/de\/wp-json\/wp\/v2\/types\/product"}],"replies":[{"embeddable":true,"href":"https:\/\/mnxsportswear.com\/de\/wp-json\/wp\/v2\/comments?post=285677"}],"version-history":[{"count":1,"href":"https:\/\/mnxsportswear.com\/de\/wp-json\/wp\/v2\/product\/285677\/revisions"}],"predecessor-version":[{"id":396790,"href":"https:\/\/mnxsportswear.com\/de\/wp-json\/wp\/v2\/product\/285677\/revisions\/396790"}],"wp:featuredmedia":[{"embeddable":true,"href":"https:\/\/mnxsportswear.com\/de\/wp-json\/wp\/v2\/media\/396787"}],"wp:attachment":[{"href":"https:\/\/mnxsportswear.com\/de\/wp-json\/wp\/v2\/media?parent=285677"}],"wp:term":[{"taxonomy":"product_brand","embeddable":true,"href":"https:\/\/mnxsportswear.com\/de\/wp-json\/wp\/v2\/product_brand?post=285677"},{"taxonomy":"product_cat","embeddable":true,"href":"https:\/\/mnxsportswear.com\/de\/wp-json\/wp\/v2\/product_cat?post=285677"},{"taxonomy":"product_tag","embeddable":true,"href":"https:\/\/mnxsportswear.com\/de\/wp-json\/wp\/v2\/product_tag?post=285677"}],"curies":[{"name":"wp","href":"https:\/\/api.w.org\/{rel}","templated":true}]}}