{"id":285684,"date":"2021-10-12T14:08:42","date_gmt":"2021-10-12T12:08:42","guid":{"rendered":"https:\/\/mnxsportswear.com\/?post_type=product&#038;p=285684"},"modified":"2026-03-01T18:28:57","modified_gmt":"2026-03-01T17:28:57","slug":"mnx-baumwollsockenx-black","status":"publish","type":"product","link":"https:\/\/mnxsportswear.com\/de\/product\/mnx-baumwollsockenx-black\/","title":{"rendered":"MNX Baumwollsocken&#8221;X&#8221;, black"},"content":{"rendered":"<div id=\"tab-description\" class=\"woocommerce-Tabs-panel woocommerce-Tabs-panel--description panel entry-content wc-tab\" role=\"tabpanel\" aria-labelledby=\"tab-title-description\">\n<p><strong>MNX <\/strong> <strong>Baumwollsocken<\/strong> Made in Europe (Slovenia).<\/p>\n<p><strong>Material:<\/strong> <span class=\"tlid-translation translation\" lang=\"de\"><span class=\"\" title=\"\">95% Baumwolle, 4% Elastan, 1% Polyamid (Verk\u00fcrzung bis zu 3%.)<\/span><\/span><br \/>\n<strong>Farbe:<\/strong> wie abgebildet<br \/>\n<strong>Stil \/ Modell:<\/strong> regular fit (normale Passform)<br \/>\n<strong><span class=\"tlid-translation translation\" lang=\"de\"><span class=\"\" title=\"\">Gr\u00f6\u00dfen (EU Gr\u00f6\u00dfentabelle):<\/span><\/span><\/strong> 39-42; 43-46<\/p>\n<p><strong>Pflegehinweis<\/strong><span class=\"tlid-translation translation\" lang=\"de\"><strong><span class=\"\" title=\"\">:<\/span><\/strong><br \/>\n<span class=\"\" title=\"\">\u2013 Maschinenw\u00e4sche kalt.<\/span><br \/>\n<span title=\"\">\u2013 Nicht bleichen.<\/span><br \/>\n<span title=\"\">\u2013 Nicht im Trockner trocknen.<\/span><\/span><\/p>\n<\/div>\n<p>&nbsp;<\/p>\n<p>&nbsp;<\/p>\n","protected":false},"excerpt":{"rendered":"<p>Mit diesen gro\u00dfartigen gestreiften MNX-Socken aus weicher und bequemer Baumwolle k\u00f6nnen Sie sehr modisch sein. Paket beinhaltet <span style=\"color: #ff0000;\">1 Paar<\/span> Socken. <strong>Hergestellt in Slowenien (EU).<\/strong><\/p>\n","protected":false},"featured_media":339917,"comment_status":"open","ping_status":"closed","template":"","meta":[],"product_brand":[],"product_cat":[2424,2405,2423],"product_tag":[],"class_list":{"0":"post-285684","1":"product","2":"type-product","3":"status-publish","4":"has-post-thumbnail","6":"product_cat-accessories-de","7":"product_cat-herren","8":"product_cat-socken","9":"yith_product_brand-mnx-de","11":"first","12":"outofstock","13":"sale","14":"featured","15":"taxable","16":"shipping-taxable","17":"purchasable","18":"product-type-variable"},"exclude_global_add_ons":[],"addons":[],"_links":{"self":[{"href":"https:\/\/mnxsportswear.com\/de\/wp-json\/wp\/v2\/product\/285684","targetHints":{"allow":["GET"]}}],"collection":[{"href":"https:\/\/mnxsportswear.com\/de\/wp-json\/wp\/v2\/product"}],"about":[{"href":"https:\/\/mnxsportswear.com\/de\/wp-json\/wp\/v2\/types\/product"}],"replies":[{"embeddable":true,"href":"https:\/\/mnxsportswear.com\/de\/wp-json\/wp\/v2\/comments?post=285684"}],"version-history":[{"count":0,"href":"https:\/\/mnxsportswear.com\/de\/wp-json\/wp\/v2\/product\/285684\/revisions"}],"wp:featuredmedia":[{"embeddable":true,"href":"https:\/\/mnxsportswear.com\/de\/wp-json\/wp\/v2\/media\/339917"}],"wp:attachment":[{"href":"https:\/\/mnxsportswear.com\/de\/wp-json\/wp\/v2\/media?parent=285684"}],"wp:term":[{"taxonomy":"product_brand","embeddable":true,"href":"https:\/\/mnxsportswear.com\/de\/wp-json\/wp\/v2\/product_brand?post=285684"},{"taxonomy":"product_cat","embeddable":true,"href":"https:\/\/mnxsportswear.com\/de\/wp-json\/wp\/v2\/product_cat?post=285684"},{"taxonomy":"product_tag","embeddable":true,"href":"https:\/\/mnxsportswear.com\/de\/wp-json\/wp\/v2\/product_tag?post=285684"}],"curies":[{"name":"wp","href":"https:\/\/api.w.org\/{rel}","templated":true}]}}