{"id":286394,"date":"2021-10-12T14:56:57","date_gmt":"2021-10-12T12:56:57","guid":{"rendered":"https:\/\/mnxsportswear.com\/?post_type=product&#038;p=286394"},"modified":"2026-03-02T00:50:37","modified_gmt":"2026-03-01T23:50:37","slug":"mnx-classic-mutze-black","status":"publish","type":"product","link":"https:\/\/mnxsportswear.com\/de\/product\/mnx-classic-mutze-black\/","title":{"rendered":"MNX Classic M\u00fctze, black"},"content":{"rendered":"<p><span class=\"VIiyi\" lang=\"de\"><span class=\"JLqJ4b ChMk0b\" data-language-for-alternatives=\"de\" data-language-to-translate-into=\"en\" data-phrase-index=\"4\" data-number-of-phrases=\"23\"><strong>Material:<\/strong> 100% Baumwolle<\/span><br \/>\n<span class=\"JLqJ4b ChMk0b\" data-language-for-alternatives=\"de\" data-language-to-translate-into=\"en\" data-phrase-index=\"6\" data-number-of-phrases=\"23\"><strong>Farbe:<\/strong> wie abgebildet<\/span><br \/>\n<strong><span class=\"JLqJ4b ChMk0b\" data-language-for-alternatives=\"de\" data-language-to-translate-into=\"en\" data-phrase-index=\"8\" data-number-of-phrases=\"23\">Stil\/Modell: <\/span><\/strong><span class=\"JLqJ4b ChMk0b\" data-language-for-alternatives=\"de\" data-language-to-translate-into=\"en\" data-phrase-index=\"8\" data-number-of-phrases=\"23\">klassisch<\/span><br \/>\n<span class=\"JLqJ4b ChMk0b\" data-language-for-alternatives=\"de\" data-language-to-translate-into=\"en\" data-phrase-index=\"10\" data-number-of-phrases=\"23\"><strong>Gr\u00f6\u00dfen:<\/strong> Einheitsgr\u00f6\u00dfe<\/span><\/span><\/p>\n<p><strong><span class=\"JLqJ4b ChMk0b\" data-language-for-alternatives=\"de\" data-language-to-translate-into=\"en\" data-phrase-index=\"12\" data-number-of-phrases=\"23\">WASCHENPFLEGE:<\/span> <\/strong><br \/>\n<span class=\"JLqJ4b ChMk0b\" data-language-for-alternatives=\"de\" data-language-to-translate-into=\"en\" data-phrase-index=\"14\" data-number-of-phrases=\"23\">&#8211; Maschinenw\u00e4sche kalt.<\/span><br \/>\n<span class=\"JLqJ4b ChMk0b\" data-language-for-alternatives=\"de\" data-language-to-translate-into=\"en\" data-phrase-index=\"16\" data-number-of-phrases=\"23\">&#8211; Nicht bleichen.<\/span><br \/>\n<span class=\"JLqJ4b ChMk0b\" data-language-for-alternatives=\"de\" data-language-to-translate-into=\"en\" data-phrase-index=\"18\" data-number-of-phrases=\"23\">&#8211; Nicht im Trockner trocknen.<\/span><\/p>\n<p>&nbsp;<\/p>\n<p><span class=\"VIiyi\" lang=\"it\"><span class=\"JLqJ4b ChMk0b\" data-language-for-alternatives=\"it\" data-language-to-translate-into=\"en\" data-phrase-index=\"18\" data-number-of-phrases=\"22\">\u00a0<\/span><\/span><\/p>\n","protected":false},"excerpt":{"rendered":"<p><span class=\"VIiyi\" lang=\"it\"><span class=\"JLqJ4b ChMk0b\" data-language-for-alternatives=\"it\" data-language-to-translate-into=\"en\" data-phrase-index=\"22\" data-number-of-phrases=\"23\"><span class=\"VIiyi\" lang=\"de\">Sch\u00fctzen Sie Ihren Kopf mit dieser klassischen MNX Strickm\u00fctze ohne \u00c4rmel vor kaltem Wetter. Mit gesticktem MNX auf der Vorderseite. Erh\u00e4ltlich in mehreren Farben.<\/span> <\/span><\/span><\/p>\n","protected":false},"featured_media":339929,"comment_status":"open","ping_status":"closed","template":"","meta":[],"product_brand":[],"product_cat":[2424,2460,2405],"product_tag":[],"class_list":{"0":"post-286394","1":"product","2":"type-product","3":"status-publish","4":"has-post-thumbnail","6":"product_cat-accessories-de","7":"product_cat-caps-mutzen","8":"product_cat-herren","9":"yith_product_brand-mnx-de","11":"first","12":"outofstock","13":"sale","14":"featured","15":"taxable","16":"shipping-taxable","17":"purchasable","18":"product-type-simple"},"exclude_global_add_ons":[],"addons":[],"_links":{"self":[{"href":"https:\/\/mnxsportswear.com\/de\/wp-json\/wp\/v2\/product\/286394","targetHints":{"allow":["GET"]}}],"collection":[{"href":"https:\/\/mnxsportswear.com\/de\/wp-json\/wp\/v2\/product"}],"about":[{"href":"https:\/\/mnxsportswear.com\/de\/wp-json\/wp\/v2\/types\/product"}],"replies":[{"embeddable":true,"href":"https:\/\/mnxsportswear.com\/de\/wp-json\/wp\/v2\/comments?post=286394"}],"version-history":[{"count":1,"href":"https:\/\/mnxsportswear.com\/de\/wp-json\/wp\/v2\/product\/286394\/revisions"}],"predecessor-version":[{"id":396799,"href":"https:\/\/mnxsportswear.com\/de\/wp-json\/wp\/v2\/product\/286394\/revisions\/396799"}],"wp:featuredmedia":[{"embeddable":true,"href":"https:\/\/mnxsportswear.com\/de\/wp-json\/wp\/v2\/media\/339929"}],"wp:attachment":[{"href":"https:\/\/mnxsportswear.com\/de\/wp-json\/wp\/v2\/media?parent=286394"}],"wp:term":[{"taxonomy":"product_brand","embeddable":true,"href":"https:\/\/mnxsportswear.com\/de\/wp-json\/wp\/v2\/product_brand?post=286394"},{"taxonomy":"product_cat","embeddable":true,"href":"https:\/\/mnxsportswear.com\/de\/wp-json\/wp\/v2\/product_cat?post=286394"},{"taxonomy":"product_tag","embeddable":true,"href":"https:\/\/mnxsportswear.com\/de\/wp-json\/wp\/v2\/product_tag?post=286394"}],"curies":[{"name":"wp","href":"https:\/\/api.w.org\/{rel}","templated":true}]}}