{"id":295709,"date":"2022-01-20T15:42:38","date_gmt":"2022-01-20T14:42:38","guid":{"rendered":"https:\/\/mnxsportswear.com\/product\/mnx-maglia-da-football-2-0-powder\/"},"modified":"2026-03-01T23:15:35","modified_gmt":"2026-03-01T22:15:35","slug":"mnx-football-jersey-2-0-powder","status":"publish","type":"product","link":"https:\/\/mnxsportswear.com\/de\/product\/mnx-football-jersey-2-0-powder\/","title":{"rendered":"MNX Football Jersey 2.0, powder"},"content":{"rendered":"<p><span class=\"tlid-translation translation\" lang=\"de\"><span class=\"\" title=\"\">Das Football Tee Jersey besteht aus atmungsaktivem Micro-Mesh-Material.<\/span><\/span><\/p>\n<ul>\n<li>aus atmungsaktivem Micro-Mesh-Gewebe,<\/li>\n<li>atmungsaktive Tricot-Mesh-Eins\u00e4tze auf beiden Seiten,<\/li>\n<li>perfekt f\u00fcr Ihr Training oder Freizeitkleidung,<\/li>\n<li>Einzigartiges MNX-Design und Details.<\/li>\n<\/ul>\n<p><strong>Material: <\/strong>100% Polyester<br \/>\n<strong>Farbe:<\/strong> wie abgebildet<br \/>\n<strong>Stil \/ Modell:<\/strong> \u00fcbergro\u00df (weit geschnitten)<br \/>\n<strong>Gr\u00f6\u00dfen:<\/strong> S, M, L, XL, 2XL, 3XL, 4XL, 5XL<\/p>\n","protected":false},"excerpt":{"rendered":"<p>Trainiere mit diesem MNX-Fu\u00dfballtrikot wie dein Lieblingssportler. Mit <strong>seinem Mesh-Material<\/strong> und seinem stylischen Design ist dieses Trikot f\u00fcr alles bereit. MNX-Logos auf Vorder- und R\u00fcckseite runden den Look ab. Erh\u00e4ltlich in mehreren Farben.<\/p>\n","protected":false},"featured_media":338252,"comment_status":"open","ping_status":"closed","template":"","meta":[],"product_brand":[],"product_cat":[2405,2408],"product_tag":[],"class_list":{"0":"post-295709","1":"product","2":"type-product","3":"status-publish","4":"has-post-thumbnail","6":"product_cat-herren","7":"product_cat-trikots-jerseys","8":"yith_product_brand-mnx-de","10":"first","11":"instock","12":"sale","13":"taxable","14":"shipping-taxable","15":"purchasable","16":"product-type-variable"},"exclude_global_add_ons":[],"addons":[],"_links":{"self":[{"href":"https:\/\/mnxsportswear.com\/de\/wp-json\/wp\/v2\/product\/295709","targetHints":{"allow":["GET"]}}],"collection":[{"href":"https:\/\/mnxsportswear.com\/de\/wp-json\/wp\/v2\/product"}],"about":[{"href":"https:\/\/mnxsportswear.com\/de\/wp-json\/wp\/v2\/types\/product"}],"replies":[{"embeddable":true,"href":"https:\/\/mnxsportswear.com\/de\/wp-json\/wp\/v2\/comments?post=295709"}],"version-history":[{"count":0,"href":"https:\/\/mnxsportswear.com\/de\/wp-json\/wp\/v2\/product\/295709\/revisions"}],"wp:featuredmedia":[{"embeddable":true,"href":"https:\/\/mnxsportswear.com\/de\/wp-json\/wp\/v2\/media\/338252"}],"wp:attachment":[{"href":"https:\/\/mnxsportswear.com\/de\/wp-json\/wp\/v2\/media?parent=295709"}],"wp:term":[{"taxonomy":"product_brand","embeddable":true,"href":"https:\/\/mnxsportswear.com\/de\/wp-json\/wp\/v2\/product_brand?post=295709"},{"taxonomy":"product_cat","embeddable":true,"href":"https:\/\/mnxsportswear.com\/de\/wp-json\/wp\/v2\/product_cat?post=295709"},{"taxonomy":"product_tag","embeddable":true,"href":"https:\/\/mnxsportswear.com\/de\/wp-json\/wp\/v2\/product_tag?post=295709"}],"curies":[{"name":"wp","href":"https:\/\/api.w.org\/{rel}","templated":true}]}}