{"id":298416,"date":"2022-03-28T10:26:51","date_gmt":"2022-03-28T08:26:51","guid":{"rendered":"https:\/\/mnxsportswear.com\/?post_type=product&#038;p=298416"},"modified":"2026-03-05T08:14:32","modified_gmt":"2026-03-05T07:14:32","slug":"mnx-hoodie-ranger-camo","status":"publish","type":"product","link":"https:\/\/mnxsportswear.com\/de\/product\/mnx-hoodie-ranger-camo\/","title":{"rendered":"MNX Hoodie Ranger, camo"},"content":{"rendered":"<p>MNX Hoodie mit einzigartigem Design.<\/p>\n<ul>\n<li>aus weicher und warmer Baumwollmischung,<\/li>\n<li>Seitentaschen mit Rei\u00dfverschluss,<\/li>\n<li>Kapuze mit Kordelzug f\u00fcr individuelle Passform,<\/li>\n<li>einzigartige Details.<\/li>\n<\/ul>\n<p><strong>Material:<\/strong> 80 % Baumwolle, 20 % Polyester (5 % schrumpfen)<br \/>\n<strong>Farbe:<\/strong> wie abgebildet<br \/>\n<strong>Stil\/Modell:<\/strong> klassisch<br \/>\n<strong>Gr\u00f6\u00dfen:<\/strong> S, M, L, XL, 2XL, 3XL<\/p>\n","protected":false},"excerpt":{"rendered":"<p>MNX Sportswear Hoodie Ranger aus weicher und warmer Baumwollmischung. Mit einer bequemen, alltagstauglichen Passform wird es schnell zu Ihrer Wahl f\u00fcr Allzweck-Freizeitkleidung. Mit Seitentaschen mit Rei\u00dfverschluss, Kapuze mit Kordelzug f\u00fcr individuelle Passform und gerippten B\u00fcndchen und Saum. Kombiniere diesen Hoodie mit der Ranger Camo Hose und kreiere dir ein perfektes Outfit.<\/p>\n","protected":false},"featured_media":337151,"comment_status":"open","ping_status":"closed","template":"","meta":[],"product_brand":[],"product_cat":[2405,3069,2406,3177],"product_tag":[],"class_list":{"0":"post-298416","1":"product","2":"type-product","3":"status-publish","4":"has-post-thumbnail","6":"product_cat-herren","7":"product_cat-hoodies-de","8":"product_cat-hoodies-jackets-de","9":"product_cat-ranger-de","10":"yith_product_brand-mnx-de","12":"first","13":"instock","14":"sale","15":"featured","16":"taxable","17":"shipping-taxable","18":"purchasable","19":"product-type-variable"},"exclude_global_add_ons":[],"addons":[],"_links":{"self":[{"href":"https:\/\/mnxsportswear.com\/de\/wp-json\/wp\/v2\/product\/298416","targetHints":{"allow":["GET"]}}],"collection":[{"href":"https:\/\/mnxsportswear.com\/de\/wp-json\/wp\/v2\/product"}],"about":[{"href":"https:\/\/mnxsportswear.com\/de\/wp-json\/wp\/v2\/types\/product"}],"replies":[{"embeddable":true,"href":"https:\/\/mnxsportswear.com\/de\/wp-json\/wp\/v2\/comments?post=298416"}],"version-history":[{"count":0,"href":"https:\/\/mnxsportswear.com\/de\/wp-json\/wp\/v2\/product\/298416\/revisions"}],"wp:featuredmedia":[{"embeddable":true,"href":"https:\/\/mnxsportswear.com\/de\/wp-json\/wp\/v2\/media\/337151"}],"wp:attachment":[{"href":"https:\/\/mnxsportswear.com\/de\/wp-json\/wp\/v2\/media?parent=298416"}],"wp:term":[{"taxonomy":"product_brand","embeddable":true,"href":"https:\/\/mnxsportswear.com\/de\/wp-json\/wp\/v2\/product_brand?post=298416"},{"taxonomy":"product_cat","embeddable":true,"href":"https:\/\/mnxsportswear.com\/de\/wp-json\/wp\/v2\/product_cat?post=298416"},{"taxonomy":"product_tag","embeddable":true,"href":"https:\/\/mnxsportswear.com\/de\/wp-json\/wp\/v2\/product_tag?post=298416"}],"curies":[{"name":"wp","href":"https:\/\/api.w.org\/{rel}","templated":true}]}}