{"id":298561,"date":"2022-03-28T11:18:18","date_gmt":"2022-03-28T09:18:18","guid":{"rendered":"https:\/\/mnxsportswear.com\/?post_type=product&#038;p=298561"},"modified":"2026-03-01T18:09:26","modified_gmt":"2026-03-01T17:09:26","slug":"mnx-maennerhosen-joggers-ranger-black","status":"publish","type":"product","link":"https:\/\/mnxsportswear.com\/de\/product\/mnx-maennerhosen-joggers-ranger-black\/","title":{"rendered":"MNX M\u00e4nnerhosen joggers Ranger, black"},"content":{"rendered":"<p>MNX Jogginghose aus der Ranger-Kollektion.<\/p>\n<ul>\n<li>aus weicher und warmer Baumwollmischung,<\/li>\n<li>mit gefesselten Kn\u00f6cheln,<\/li>\n<li>elastischer Bund mit Kordelzug f\u00fcr eine verstellbare Passform,<\/li>\n<li>klassische seitliche Cargotaschen,<\/li>\n<li>einzigartiges Design und Details.<\/li>\n<\/ul>\n<p><strong>Material:<\/strong> 80 % Baumwolle, 20 % Polyester (5 % schrumpfen)<br \/>\n<strong>Farbe:<\/strong> wie abgebildet<br \/>\n<strong>Gr\u00f6\u00dfen:<\/strong> S, M, L, XL, XXL, 3XL<br \/>\n<strong>Stil:<\/strong> Slim &#8211; Passform<\/p>\n","protected":false},"excerpt":{"rendered":"<p>Seien Sie bereit f\u00fcr die Stra\u00dfen mit dieser Camo MNX Jogger Ranger aus weicher und warmer Baumwollmischung. Mit B\u00fcndchen an den Kn\u00f6cheln, elastischem Bund mit Kordelzug f\u00fcr eine verstellbare Passform und praktischen klassischen seitlichen Cargotaschen. Kombiniere diese Hose mit dem Ranger Hoodie und kreiere dir ein perfektes Outfit.<\/p>\n","protected":false},"featured_media":337107,"comment_status":"open","ping_status":"closed","template":"","meta":[],"product_brand":[],"product_cat":[2405,2430,3075,3177],"product_tag":[],"class_list":{"0":"post-298561","1":"product","2":"type-product","3":"status-publish","4":"has-post-thumbnail","6":"product_cat-herren","7":"product_cat-hosen","8":"product_cat-joggers-de","9":"product_cat-ranger-de","10":"yith_product_brand-mnx-de","12":"first","13":"instock","14":"sale","15":"taxable","16":"shipping-taxable","17":"purchasable","18":"product-type-variable"},"exclude_global_add_ons":[],"addons":[],"_links":{"self":[{"href":"https:\/\/mnxsportswear.com\/de\/wp-json\/wp\/v2\/product\/298561","targetHints":{"allow":["GET"]}}],"collection":[{"href":"https:\/\/mnxsportswear.com\/de\/wp-json\/wp\/v2\/product"}],"about":[{"href":"https:\/\/mnxsportswear.com\/de\/wp-json\/wp\/v2\/types\/product"}],"replies":[{"embeddable":true,"href":"https:\/\/mnxsportswear.com\/de\/wp-json\/wp\/v2\/comments?post=298561"}],"version-history":[{"count":0,"href":"https:\/\/mnxsportswear.com\/de\/wp-json\/wp\/v2\/product\/298561\/revisions"}],"wp:featuredmedia":[{"embeddable":true,"href":"https:\/\/mnxsportswear.com\/de\/wp-json\/wp\/v2\/media\/337107"}],"wp:attachment":[{"href":"https:\/\/mnxsportswear.com\/de\/wp-json\/wp\/v2\/media?parent=298561"}],"wp:term":[{"taxonomy":"product_brand","embeddable":true,"href":"https:\/\/mnxsportswear.com\/de\/wp-json\/wp\/v2\/product_brand?post=298561"},{"taxonomy":"product_cat","embeddable":true,"href":"https:\/\/mnxsportswear.com\/de\/wp-json\/wp\/v2\/product_cat?post=298561"},{"taxonomy":"product_tag","embeddable":true,"href":"https:\/\/mnxsportswear.com\/de\/wp-json\/wp\/v2\/product_tag?post=298561"}],"curies":[{"name":"wp","href":"https:\/\/api.w.org\/{rel}","templated":true}]}}