{"id":298612,"date":"2022-03-28T11:25:44","date_gmt":"2022-03-28T09:25:44","guid":{"rendered":"https:\/\/mnxsportswear.com\/?post_type=product&#038;p=298612"},"modified":"2026-03-01T19:33:16","modified_gmt":"2026-03-01T18:33:16","slug":"mnx-hoodie-original-black","status":"publish","type":"product","link":"https:\/\/mnxsportswear.com\/de\/product\/mnx-hoodie-original-black\/","title":{"rendered":"MNX Hoodie Original, black"},"content":{"rendered":"<p>MNX Hoodie mit einzigartigem Design.<\/p>\n<ul>\n<li>aus weicher Baumwollmischung f\u00fcr maximalen Komfort,<\/li>\n<li>Seitentaschen,<\/li>\n<li>Kapuze mit Kordelzug f\u00fcr eine verstellbare Passform,<\/li>\n<li>gesticktes MNX Logo auf dem linken \u00c4rmel,<\/li>\n<li>einzigartiges Design und Details.<\/li>\n<\/ul>\n<p><strong>Material:<\/strong> 80 % Baumwolle, 20 % Polyester (5 % schrumpfen)<br \/>\n<strong>Farbe:<\/strong> wie abgebildet<br \/>\n<strong>Stil\/Modell:<\/strong> klassisch<br \/>\n<strong>Gr\u00f6\u00dfen:<\/strong> S, M, L, XL, 2XL, 3XL<\/p>\n","protected":false},"excerpt":{"rendered":"<p>Mit diesem MNX-Hoodie aus weicher Baumwollmischung f\u00fcr maximalen Komfort kannst du stilvoll Sport treiben. Mit Seitentaschen, gesticktem MNX-Logo auf dem linken \u00c4rmel und Kapuze mit Kordelzug f\u00fcr eine verstellbare Passform. Erh\u00e4ltlich in mehreren Farben.<\/p>\n","protected":false},"featured_media":337067,"comment_status":"open","ping_status":"closed","template":"","meta":[],"product_brand":[],"product_cat":[3590,2405,3069,2406],"product_tag":[],"class_list":{"0":"post-298612","1":"product","2":"type-product","3":"status-publish","4":"has-post-thumbnail","6":"product_cat-auffullen","7":"product_cat-herren","8":"product_cat-hoodies-de","9":"product_cat-hoodies-jackets-de","10":"yith_product_brand-mnx-de","12":"first","13":"instock","14":"featured","15":"taxable","16":"shipping-taxable","17":"purchasable","18":"product-type-variable"},"exclude_global_add_ons":[],"addons":[],"_links":{"self":[{"href":"https:\/\/mnxsportswear.com\/de\/wp-json\/wp\/v2\/product\/298612","targetHints":{"allow":["GET"]}}],"collection":[{"href":"https:\/\/mnxsportswear.com\/de\/wp-json\/wp\/v2\/product"}],"about":[{"href":"https:\/\/mnxsportswear.com\/de\/wp-json\/wp\/v2\/types\/product"}],"replies":[{"embeddable":true,"href":"https:\/\/mnxsportswear.com\/de\/wp-json\/wp\/v2\/comments?post=298612"}],"version-history":[{"count":1,"href":"https:\/\/mnxsportswear.com\/de\/wp-json\/wp\/v2\/product\/298612\/revisions"}],"predecessor-version":[{"id":406803,"href":"https:\/\/mnxsportswear.com\/de\/wp-json\/wp\/v2\/product\/298612\/revisions\/406803"}],"wp:featuredmedia":[{"embeddable":true,"href":"https:\/\/mnxsportswear.com\/de\/wp-json\/wp\/v2\/media\/337067"}],"wp:attachment":[{"href":"https:\/\/mnxsportswear.com\/de\/wp-json\/wp\/v2\/media?parent=298612"}],"wp:term":[{"taxonomy":"product_brand","embeddable":true,"href":"https:\/\/mnxsportswear.com\/de\/wp-json\/wp\/v2\/product_brand?post=298612"},{"taxonomy":"product_cat","embeddable":true,"href":"https:\/\/mnxsportswear.com\/de\/wp-json\/wp\/v2\/product_cat?post=298612"},{"taxonomy":"product_tag","embeddable":true,"href":"https:\/\/mnxsportswear.com\/de\/wp-json\/wp\/v2\/product_tag?post=298612"}],"curies":[{"name":"wp","href":"https:\/\/api.w.org\/{rel}","templated":true}]}}