{"id":298791,"date":"2022-11-23T14:57:12","date_gmt":"2022-11-23T13:57:12","guid":{"rendered":"https:\/\/mnxsportswear.com\/?post_type=product&#038;p=298791"},"modified":"2026-03-01T19:47:25","modified_gmt":"2026-03-01T18:47:25","slug":"mnx-damen-hoodie-liberty-light-green","status":"publish","type":"product","link":"https:\/\/mnxsportswear.com\/de\/product\/mnx-damen-hoodie-liberty-light-green\/","title":{"rendered":"MNX Damen Hoodie Liberty, light green"},"content":{"rendered":"<p>MNX Baumwoll-Hoodie mit einzigartigem Design.<\/p>\n<ul>\n<li>Oversize-Hoodie,<\/li>\n<li>Kordelzug f\u00fcr verstellbare Passform.<\/li>\n<\/ul>\n<p><strong>Material:<\/strong> 100 % Baumwolle (5 % Schrumpfung)<br \/>\n<strong>Farbe:<\/strong> wie abgebildet<br \/>\n<strong>Stil\/Modell:<\/strong> klassisch<br \/>\n<strong>Gr\u00f6\u00dfen:<\/strong> S\/M, L\/XL<\/p>\n<p><em>Model auf dem Foto (175 cm, 69 kg) tr\u00e4gt Gr\u00f6\u00dfe S\/M.<\/em><\/p>\n","protected":false},"excerpt":{"rendered":"<p>Schalten Sie den Stil im \u00fcbergro\u00dfen MNX-Hoodie ein. Dieser gem\u00fctliche und schicke Hoodie verf\u00fcgt \u00fcber ein kleines MNX-Logo auf der Brust und Kapuze mit Kordelzug f\u00fcr eine verstellbare Passform. Erh\u00e4ltlich in mehreren Farben.<\/p>\n","protected":false},"featured_media":301019,"comment_status":"open","ping_status":"closed","template":"","meta":[],"product_brand":[],"product_cat":[2436,2750],"product_tag":[],"class_list":{"0":"post-298791","1":"product","2":"type-product","3":"status-publish","4":"has-post-thumbnail","6":"product_cat-damen","7":"product_cat-hoodies","8":"yith_product_brand-mnx-de","10":"first","11":"instock","12":"sale","13":"featured","14":"taxable","15":"shipping-taxable","16":"purchasable","17":"product-type-variable"},"exclude_global_add_ons":[],"addons":[],"_links":{"self":[{"href":"https:\/\/mnxsportswear.com\/de\/wp-json\/wp\/v2\/product\/298791","targetHints":{"allow":["GET"]}}],"collection":[{"href":"https:\/\/mnxsportswear.com\/de\/wp-json\/wp\/v2\/product"}],"about":[{"href":"https:\/\/mnxsportswear.com\/de\/wp-json\/wp\/v2\/types\/product"}],"replies":[{"embeddable":true,"href":"https:\/\/mnxsportswear.com\/de\/wp-json\/wp\/v2\/comments?post=298791"}],"version-history":[{"count":1,"href":"https:\/\/mnxsportswear.com\/de\/wp-json\/wp\/v2\/product\/298791\/revisions"}],"predecessor-version":[{"id":407192,"href":"https:\/\/mnxsportswear.com\/de\/wp-json\/wp\/v2\/product\/298791\/revisions\/407192"}],"wp:featuredmedia":[{"embeddable":true,"href":"https:\/\/mnxsportswear.com\/de\/wp-json\/wp\/v2\/media\/301019"}],"wp:attachment":[{"href":"https:\/\/mnxsportswear.com\/de\/wp-json\/wp\/v2\/media?parent=298791"}],"wp:term":[{"taxonomy":"product_brand","embeddable":true,"href":"https:\/\/mnxsportswear.com\/de\/wp-json\/wp\/v2\/product_brand?post=298791"},{"taxonomy":"product_cat","embeddable":true,"href":"https:\/\/mnxsportswear.com\/de\/wp-json\/wp\/v2\/product_cat?post=298791"},{"taxonomy":"product_tag","embeddable":true,"href":"https:\/\/mnxsportswear.com\/de\/wp-json\/wp\/v2\/product_tag?post=298791"}],"curies":[{"name":"wp","href":"https:\/\/api.w.org\/{rel}","templated":true}]}}