{"id":298882,"date":"2022-03-28T13:21:05","date_gmt":"2022-03-28T11:21:05","guid":{"rendered":"https:\/\/mnxsportswear.com\/?post_type=product&#038;p=298882"},"modified":"2026-03-01T18:34:19","modified_gmt":"2026-03-01T17:34:19","slug":"mnx-ripped-t-shirt-athletic-black","status":"publish","type":"product","link":"https:\/\/mnxsportswear.com\/de\/product\/mnx-ripped-t-shirt-athletic-black\/","title":{"rendered":"MNX Ripped T-shirt Athletic, schwarz"},"content":{"rendered":"<p>MNX T-Shirt Sportlich.<\/p>\n<ul>\n<li>aus Baumwolle f\u00fcr maximalen Komfort,<\/li>\n<li>zerrissene B\u00fcndchen f\u00fcr einen besonderen Look,<\/li>\n<li>weiter Kragen und k\u00fcrzere \u00c4rmel,<\/li>\n<li>mit kleinem gesticktem MNX-Patch am Kragen.<\/li>\n<\/ul>\n<p><strong>Material:<\/strong> 100 % Baumwolle (5 % Schrumpfung)<br \/>\n<strong>Farbe:<\/strong> wie abgebildet<br \/>\n<strong>Stil:<\/strong> zerrissenes T-Shirt<br \/>\n<strong>Ungef\u00e4hres Gewicht.<\/strong> 153 Gramm (M)<br \/>\n<strong>Gr\u00f6\u00dfen:<\/strong> S, M, L, XL, 2XL, 3XL, 4XL<\/p>\n","protected":false},"excerpt":{"rendered":"<p>Cooles und l\u00e4ssiges MNX T-Shirt Sportlich, aber einsatzbereit ist es perfekt f\u00fcr jede Aktivit\u00e4t in Ihrem Zeitplan. Mit kleinem gesticktem MNX-Patch und gerippten B\u00fcndchen f\u00fcr einen besonderen Look. Hergestellt aus <strong>100 % reiner Baumwolle f\u00fcr maximalen Komfort<\/strong>. Erh\u00e4ltlich in mehreren Farben.<\/p>\n<p><strong>\u00a0<\/strong><\/p>\n","protected":false},"featured_media":337174,"comment_status":"open","ping_status":"closed","template":"","meta":[],"product_brand":[],"product_cat":[3081,2405,2420],"product_tag":[],"class_list":{"0":"post-298882","1":"product","2":"type-product","3":"status-publish","4":"has-post-thumbnail","6":"product_cat-classic-de","7":"product_cat-herren","8":"product_cat-trikots","9":"yith_product_brand-mnx-de","11":"first","12":"outofstock","13":"sale","14":"taxable","15":"shipping-taxable","16":"purchasable","17":"product-type-variable"},"exclude_global_add_ons":[],"addons":[],"_links":{"self":[{"href":"https:\/\/mnxsportswear.com\/de\/wp-json\/wp\/v2\/product\/298882","targetHints":{"allow":["GET"]}}],"collection":[{"href":"https:\/\/mnxsportswear.com\/de\/wp-json\/wp\/v2\/product"}],"about":[{"href":"https:\/\/mnxsportswear.com\/de\/wp-json\/wp\/v2\/types\/product"}],"replies":[{"embeddable":true,"href":"https:\/\/mnxsportswear.com\/de\/wp-json\/wp\/v2\/comments?post=298882"}],"version-history":[{"count":0,"href":"https:\/\/mnxsportswear.com\/de\/wp-json\/wp\/v2\/product\/298882\/revisions"}],"wp:featuredmedia":[{"embeddable":true,"href":"https:\/\/mnxsportswear.com\/de\/wp-json\/wp\/v2\/media\/337174"}],"wp:attachment":[{"href":"https:\/\/mnxsportswear.com\/de\/wp-json\/wp\/v2\/media?parent=298882"}],"wp:term":[{"taxonomy":"product_brand","embeddable":true,"href":"https:\/\/mnxsportswear.com\/de\/wp-json\/wp\/v2\/product_brand?post=298882"},{"taxonomy":"product_cat","embeddable":true,"href":"https:\/\/mnxsportswear.com\/de\/wp-json\/wp\/v2\/product_cat?post=298882"},{"taxonomy":"product_tag","embeddable":true,"href":"https:\/\/mnxsportswear.com\/de\/wp-json\/wp\/v2\/product_tag?post=298882"}],"curies":[{"name":"wp","href":"https:\/\/api.w.org\/{rel}","templated":true}]}}