{"id":301111,"date":"2022-04-14T09:53:11","date_gmt":"2022-04-14T07:53:11","guid":{"rendered":"https:\/\/mnxsportswear.com\/?post_type=product&#038;p=301111"},"modified":"2026-03-01T23:51:56","modified_gmt":"2026-03-01T22:51:56","slug":"mnx-herren-leggings-ion-2-0-black","status":"publish","type":"product","link":"https:\/\/mnxsportswear.com\/de\/product\/mnx-herren-leggings-ion-2-0-black\/","title":{"rendered":"MNX Herren leggings ION 2.0, black"},"content":{"rendered":"<p>Herrenleggings f\u00fcrs Training.<\/p>\n<ul>\n<li>Perfekt f\u00fcr dein Training,<\/li>\n<li>mit Kn\u00f6chelreissverschluss,<\/li>\n<li>mit Mesh-Material unter den Knien f\u00fcr einen einzigartigen Look.<\/li>\n<\/ul>\n<p><strong>Material:<\/strong> 72 % Polyester, 28 % Elastan (5 % Schrumpfung)<br \/>\n<strong>Farbe:<\/strong> wie abgebildet<br \/>\n<strong>Gr\u00f6\u00dfen:<\/strong> S\/M, L\/XL, XXL\/3XL<\/p>\n","protected":false},"excerpt":{"rendered":"<p>Wenn Sie im Fitnessstudio echten Komfort und Leistung w\u00fcnschen, sind diese Leggings die perfekte Wahl f\u00fcr Sie. Die Leggings sind f\u00fcr eine bessere Bel\u00fcftung mit Mesh-Material unter den Knien kombiniert und verf\u00fcgen \u00fcber Kn\u00f6chelrei\u00dfverschl\u00fcsse. Erh\u00e4ltlich in schwarz, rot und wei\u00df.<\/p>\n<p>&nbsp;<\/p>\n","protected":false},"featured_media":337371,"comment_status":"open","ping_status":"closed","template":"","meta":[],"product_brand":[],"product_cat":[2405,2418],"product_tag":[],"class_list":{"0":"post-301111","1":"product","2":"type-product","3":"status-publish","4":"has-post-thumbnail","6":"product_cat-herren","7":"product_cat-leggings-de","8":"yith_product_brand-mnx-de","10":"first","11":"outofstock","12":"sale","13":"featured","14":"taxable","15":"shipping-taxable","16":"purchasable","17":"product-type-variable"},"exclude_global_add_ons":[],"addons":[],"_links":{"self":[{"href":"https:\/\/mnxsportswear.com\/de\/wp-json\/wp\/v2\/product\/301111","targetHints":{"allow":["GET"]}}],"collection":[{"href":"https:\/\/mnxsportswear.com\/de\/wp-json\/wp\/v2\/product"}],"about":[{"href":"https:\/\/mnxsportswear.com\/de\/wp-json\/wp\/v2\/types\/product"}],"replies":[{"embeddable":true,"href":"https:\/\/mnxsportswear.com\/de\/wp-json\/wp\/v2\/comments?post=301111"}],"version-history":[{"count":0,"href":"https:\/\/mnxsportswear.com\/de\/wp-json\/wp\/v2\/product\/301111\/revisions"}],"wp:featuredmedia":[{"embeddable":true,"href":"https:\/\/mnxsportswear.com\/de\/wp-json\/wp\/v2\/media\/337371"}],"wp:attachment":[{"href":"https:\/\/mnxsportswear.com\/de\/wp-json\/wp\/v2\/media?parent=301111"}],"wp:term":[{"taxonomy":"product_brand","embeddable":true,"href":"https:\/\/mnxsportswear.com\/de\/wp-json\/wp\/v2\/product_brand?post=301111"},{"taxonomy":"product_cat","embeddable":true,"href":"https:\/\/mnxsportswear.com\/de\/wp-json\/wp\/v2\/product_cat?post=301111"},{"taxonomy":"product_tag","embeddable":true,"href":"https:\/\/mnxsportswear.com\/de\/wp-json\/wp\/v2\/product_tag?post=301111"}],"curies":[{"name":"wp","href":"https:\/\/api.w.org\/{rel}","templated":true}]}}