{"id":301261,"date":"2022-04-14T10:45:55","date_gmt":"2022-04-14T08:45:55","guid":{"rendered":"https:\/\/mnxsportswear.com\/?post_type=product&#038;p=301261"},"modified":"2026-03-01T19:41:42","modified_gmt":"2026-03-01T18:41:42","slug":"mnx-sweatshirt-original-dark-grey","status":"publish","type":"product","link":"https:\/\/mnxsportswear.com\/de\/product\/mnx-sweatshirt-original-dark-grey\/","title":{"rendered":"MNX Sweatshirt Original, dark grey"},"content":{"rendered":"<p>Sweatshirt aus MNX-Baumwolle.<\/p>\n<ul>\n<li>dehnbares Material,<\/li>\n<li>gem\u00fctlicher normaler Schnitt und atmungsaktiver Baumwollstoff,<\/li>\n<li>minimalistisches Design mit kleinem 3D-Gummilogo.<\/li>\n<\/ul>\n<p><strong>Material:<\/strong> 92 % Baumwolle, 8 % Elastan (5 % schrumpfen)<br \/>\n<strong>Farbe:<\/strong> wie abgebildet<br \/>\n<strong>Stil\/Modell:<\/strong> klassisch<br \/>\n<strong>Gr\u00f6\u00dfen:<\/strong> S\/M, L\/XL, XXL\/3XL<\/p>\n","protected":false},"excerpt":{"rendered":"<p>R\u00fcsten Sie sich mit diesem MNX-Sweatshirt f\u00fcr den allt\u00e4glichen Streetstyle aus. Mit minimalistischem Design, gem\u00fctlicher regul\u00e4rer Passform und atmungsaktivem Baumwollmaterial. Erh\u00e4ltlich in mehreren Farben.<\/p>\n","protected":false},"featured_media":337290,"comment_status":"open","ping_status":"closed","template":"","meta":[],"product_brand":[],"product_cat":[2405,2406,3072],"product_tag":[],"class_list":{"0":"post-301261","1":"product","2":"type-product","3":"status-publish","4":"has-post-thumbnail","6":"product_cat-herren","7":"product_cat-hoodies-jackets-de","8":"product_cat-sweatshirts-de","9":"yith_product_brand-mnx-de","11":"first","12":"outofstock","13":"sale","14":"featured","15":"taxable","16":"shipping-taxable","17":"purchasable","18":"product-type-variable"},"exclude_global_add_ons":[],"addons":[],"_links":{"self":[{"href":"https:\/\/mnxsportswear.com\/de\/wp-json\/wp\/v2\/product\/301261","targetHints":{"allow":["GET"]}}],"collection":[{"href":"https:\/\/mnxsportswear.com\/de\/wp-json\/wp\/v2\/product"}],"about":[{"href":"https:\/\/mnxsportswear.com\/de\/wp-json\/wp\/v2\/types\/product"}],"replies":[{"embeddable":true,"href":"https:\/\/mnxsportswear.com\/de\/wp-json\/wp\/v2\/comments?post=301261"}],"version-history":[{"count":0,"href":"https:\/\/mnxsportswear.com\/de\/wp-json\/wp\/v2\/product\/301261\/revisions"}],"wp:featuredmedia":[{"embeddable":true,"href":"https:\/\/mnxsportswear.com\/de\/wp-json\/wp\/v2\/media\/337290"}],"wp:attachment":[{"href":"https:\/\/mnxsportswear.com\/de\/wp-json\/wp\/v2\/media?parent=301261"}],"wp:term":[{"taxonomy":"product_brand","embeddable":true,"href":"https:\/\/mnxsportswear.com\/de\/wp-json\/wp\/v2\/product_brand?post=301261"},{"taxonomy":"product_cat","embeddable":true,"href":"https:\/\/mnxsportswear.com\/de\/wp-json\/wp\/v2\/product_cat?post=301261"},{"taxonomy":"product_tag","embeddable":true,"href":"https:\/\/mnxsportswear.com\/de\/wp-json\/wp\/v2\/product_tag?post=301261"}],"curies":[{"name":"wp","href":"https:\/\/api.w.org\/{rel}","templated":true}]}}