{"id":303726,"date":"2022-06-10T10:37:41","date_gmt":"2022-06-10T08:37:41","guid":{"rendered":"https:\/\/mnxsportswear.com\/?post_type=product&#038;p=303726"},"modified":"2026-03-01T20:47:32","modified_gmt":"2026-03-01T19:47:32","slug":"mnx-classic-stringer-tank-top-02-black","status":"publish","type":"product","link":"https:\/\/mnxsportswear.com\/de\/product\/mnx-classic-stringer-tank-top-02-black\/","title":{"rendered":"MNX Classic stringer tank top 02, schwarz"},"content":{"rendered":"<p><span class=\"HwtZe\" lang=\"de\"> <span class=\"jCAhz ChMk0b\"><span class=\"ryNqvb\">MNX Stringer Tanktop.<\/span><\/span> <\/span><\/p>\n<ul>\n<li><span class=\"HwtZe\" lang=\"de\"><span class=\"jCAhz ChMk0b\"><span class=\"ryNqvb\">aus 100 % Baumwollmischung f\u00fcr maximalen Komfort,<\/span><\/span> <\/span><\/li>\n<li><span class=\"HwtZe\" lang=\"de\"><span class=\"jCAhz ChMk0b\"><span class=\"ryNqvb\">minimalistisches MNX-Branding,<\/span><\/span> <\/span><\/li>\n<li><span class=\"HwtZe\" lang=\"de\"><span class=\"jCAhz ChMk0b\"><span class=\"ryNqvb\">normale Passform und mit abgerundetem Saum.<\/span><\/span><\/span><\/li>\n<\/ul>\n<p><strong>Material: <\/strong><span class=\"tlid-translation translation\" lang=\"de\"><span class=\"\" title=\"\">100% baumwolle<\/span><\/span><br \/>\n<strong>Farbe:<\/strong> wie abgebildet<br \/>\n<strong>Stil \/ Modell:<\/strong> regular fit (normale Passform)<br \/>\n<strong>Gr\u00f6\u00dfen:<\/strong> S, M, L, XL, 2XL, 3XL<br \/>\n<span class=\"tlid-translation translation\" lang=\"de\"><span title=\"\"><strong>Gewicht<\/strong> ca.<\/span> 130<span class=\"\" title=\"\"> Gramm<\/span><\/span><\/p>\n","protected":false},"excerpt":{"rendered":"<p>Befreien Sie Ihre Arme in diesem stylischen MNX Stringer Tanktop. Hergestellt aus <strong>100 % Baumwollmischung<\/strong> f\u00fcr maximalen Komfort. Mit minimalistischem MNX-Branding, regul\u00e4rer Passform und abgerundetem Saum. Erh\u00e4ltlich in mehreren Farben.<\/p>\n","protected":false},"featured_media":328798,"comment_status":"open","ping_status":"closed","template":"","meta":[],"product_brand":[],"product_cat":[2405,3097,2421],"product_tag":[],"class_list":{"0":"post-303726","1":"product","2":"type-product","3":"status-publish","4":"has-post-thumbnail","6":"product_cat-herren","7":"product_cat-stringer-de","8":"product_cat-tanks-de","9":"yith_product_brand-mnx-de","11":"first","12":"instock","13":"taxable","14":"shipping-taxable","15":"purchasable","16":"product-type-variable"},"exclude_global_add_ons":[],"addons":[],"_links":{"self":[{"href":"https:\/\/mnxsportswear.com\/de\/wp-json\/wp\/v2\/product\/303726","targetHints":{"allow":["GET"]}}],"collection":[{"href":"https:\/\/mnxsportswear.com\/de\/wp-json\/wp\/v2\/product"}],"about":[{"href":"https:\/\/mnxsportswear.com\/de\/wp-json\/wp\/v2\/types\/product"}],"replies":[{"embeddable":true,"href":"https:\/\/mnxsportswear.com\/de\/wp-json\/wp\/v2\/comments?post=303726"}],"version-history":[{"count":0,"href":"https:\/\/mnxsportswear.com\/de\/wp-json\/wp\/v2\/product\/303726\/revisions"}],"wp:featuredmedia":[{"embeddable":true,"href":"https:\/\/mnxsportswear.com\/de\/wp-json\/wp\/v2\/media\/328798"}],"wp:attachment":[{"href":"https:\/\/mnxsportswear.com\/de\/wp-json\/wp\/v2\/media?parent=303726"}],"wp:term":[{"taxonomy":"product_brand","embeddable":true,"href":"https:\/\/mnxsportswear.com\/de\/wp-json\/wp\/v2\/product_brand?post=303726"},{"taxonomy":"product_cat","embeddable":true,"href":"https:\/\/mnxsportswear.com\/de\/wp-json\/wp\/v2\/product_cat?post=303726"},{"taxonomy":"product_tag","embeddable":true,"href":"https:\/\/mnxsportswear.com\/de\/wp-json\/wp\/v2\/product_tag?post=303726"}],"curies":[{"name":"wp","href":"https:\/\/api.w.org\/{rel}","templated":true}]}}