{"id":304051,"date":"2022-11-23T14:57:17","date_gmt":"2022-11-23T13:57:17","guid":{"rendered":"https:\/\/mnxsportswear.com\/?post_type=product&#038;p=304051"},"modified":"2026-03-01T19:06:56","modified_gmt":"2026-03-01T18:06:56","slug":"mnx-womens-sleeveless-top-black","status":"publish","type":"product","link":"https:\/\/mnxsportswear.com\/de\/product\/mnx-womens-sleeveless-top-black\/","title":{"rendered":"MNX \u00c4rmelloses Damenoberteil, black"},"content":{"rendered":"<p>\u00c4rmelloses MNX-Oberteil.<\/p>\n<ul>\n<li>aus vertikal geripptem Material<\/li>\n<li>Perfekt f\u00fcr Ihre Sport- und Freizeitaktivit\u00e4ten<\/li>\n<li>Mit bel\u00fcftetem Saum<\/li>\n<li>eine Universalgr\u00f6\u00dfe (Einheitsgr\u00f6\u00dfe).<\/li>\n<\/ul>\n<p><strong>Material:<\/strong> 80 % Baumwolle, 20 % Polyester (5 % Schrumpfung)<br \/>\n<strong>Farbe:<\/strong> wie abgebildet<br \/>\n<strong>Stil:<\/strong> klassische europ\u00e4ische Gr\u00f6\u00dfe<br \/>\n<strong>Gr\u00f6\u00dfen:<\/strong> Einheitsgr\u00f6\u00dfe<\/p>\n","protected":false},"excerpt":{"rendered":"<p><span class=\"tojvnm2t a6sixzi8 abs2jz4q a8s20v7p t1p8iaqh k5wvi7nf q3lfd5jv pk4s997a bipmatt0 cebpdrjk qowsmv63 owwhemhu dp1hu0rb dhp61c6y iyyx5f41\">Das \u00e4rmellose Damen-Top aus vertikal geripptem Material ist perfekt f\u00fcr Ihre Sport- und Freizeitaktivit\u00e4ten. Mit bel\u00fcftetem Saum und minimalistischem MNX-Branding. Erh\u00e4ltlich in mehreren Farben. Erh\u00e4ltlich in einer Universalgr\u00f6\u00dfe (Einheitsgr\u00f6\u00dfe).<\/span><\/p>\n<p><strong data-start=\"129\" data-end=\"156\">GR\u00d6SSEN: EINHEITSGR\u00d6SSE<\/strong><\/p>\n","protected":false},"featured_media":306316,"comment_status":"open","ping_status":"closed","template":"","meta":[],"product_brand":[],"product_cat":[2436,3051,3066,2438],"product_tag":[],"class_list":{"0":"post-304051","1":"product","2":"type-product","3":"status-publish","4":"has-post-thumbnail","6":"product_cat-damen","7":"product_cat-sport-tops-bras-de","8":"product_cat-tanktops-de-2","9":"product_cat-trikonts-tank-tops","10":"yith_product_brand-mnx-de","12":"first","13":"instock","14":"sale","15":"taxable","16":"shipping-taxable","17":"purchasable","18":"product-type-simple"},"exclude_global_add_ons":[],"addons":[],"_links":{"self":[{"href":"https:\/\/mnxsportswear.com\/de\/wp-json\/wp\/v2\/product\/304051","targetHints":{"allow":["GET"]}}],"collection":[{"href":"https:\/\/mnxsportswear.com\/de\/wp-json\/wp\/v2\/product"}],"about":[{"href":"https:\/\/mnxsportswear.com\/de\/wp-json\/wp\/v2\/types\/product"}],"replies":[{"embeddable":true,"href":"https:\/\/mnxsportswear.com\/de\/wp-json\/wp\/v2\/comments?post=304051"}],"version-history":[{"count":2,"href":"https:\/\/mnxsportswear.com\/de\/wp-json\/wp\/v2\/product\/304051\/revisions"}],"predecessor-version":[{"id":406224,"href":"https:\/\/mnxsportswear.com\/de\/wp-json\/wp\/v2\/product\/304051\/revisions\/406224"}],"wp:featuredmedia":[{"embeddable":true,"href":"https:\/\/mnxsportswear.com\/de\/wp-json\/wp\/v2\/media\/306316"}],"wp:attachment":[{"href":"https:\/\/mnxsportswear.com\/de\/wp-json\/wp\/v2\/media?parent=304051"}],"wp:term":[{"taxonomy":"product_brand","embeddable":true,"href":"https:\/\/mnxsportswear.com\/de\/wp-json\/wp\/v2\/product_brand?post=304051"},{"taxonomy":"product_cat","embeddable":true,"href":"https:\/\/mnxsportswear.com\/de\/wp-json\/wp\/v2\/product_cat?post=304051"},{"taxonomy":"product_tag","embeddable":true,"href":"https:\/\/mnxsportswear.com\/de\/wp-json\/wp\/v2\/product_tag?post=304051"}],"curies":[{"name":"wp","href":"https:\/\/api.w.org\/{rel}","templated":true}]}}