{"id":304104,"date":"2022-11-23T14:57:15","date_gmt":"2022-11-23T13:57:15","guid":{"rendered":"https:\/\/mnxsportswear.com\/?post_type=product&#038;p=304104"},"modified":"2026-03-02T05:00:03","modified_gmt":"2026-03-02T04:00:03","slug":"mnx-damen-tanktop-white","status":"publish","type":"product","link":"https:\/\/mnxsportswear.com\/de\/product\/mnx-damen-tanktop-white\/","title":{"rendered":"MNX Damen-Tanktop, white"},"content":{"rendered":"<p>MNX Damen-Tanktop.<\/p>\n<ul>\n<li>aus weichem Stoff,<\/li>\n<li>Stretchmaterial,<\/li>\n<li>minimalistisches MNX-Branding.<\/li>\n<\/ul>\n<p><strong>Material:<\/strong> 92 % Baumwolle, 8 % Elasthan (5 % Schrumpfung)<br \/>\n<strong>Farbe:<\/strong> wie abgebildet<br \/>\n<strong>Stil: <\/strong>klassische europ\u00e4ische Gr\u00f6\u00dfe<br \/>\n<strong>Gr\u00f6\u00dfen:<\/strong> S\/M, L\/XL<\/p>\n","protected":false},"excerpt":{"rendered":"<p><span class=\"tojvnm2t a6sixzi8 abs2jz4q a8s20v7p t1p8iaqh k5wvi7nf q3lfd5jv pk4s997a bipmatt0 cebpdrjk qowsmv63 owwhemhu dp1hu0rb dhp61c6y iyyx5f41\">Das klassische Damen-Tanktop aus weichem Stoff bietet v\u00f6llige Bewegungsfreiheit und Atmungsaktivit\u00e4t. Mit minimalistischem MNX-Branding vorne und hinten.<\/span><\/p>\n","protected":false},"featured_media":306523,"comment_status":"open","ping_status":"closed","template":"","meta":[],"product_brand":[],"product_cat":[2436,3066,2438],"product_tag":[],"class_list":{"0":"post-304104","1":"product","2":"type-product","3":"status-publish","4":"has-post-thumbnail","6":"product_cat-damen","7":"product_cat-tanktops-de-2","8":"product_cat-trikonts-tank-tops","9":"yith_product_brand-mnx-de","11":"first","12":"instock","13":"sale","14":"taxable","15":"shipping-taxable","16":"purchasable","17":"product-type-variable"},"exclude_global_add_ons":[],"addons":[],"_links":{"self":[{"href":"https:\/\/mnxsportswear.com\/de\/wp-json\/wp\/v2\/product\/304104","targetHints":{"allow":["GET"]}}],"collection":[{"href":"https:\/\/mnxsportswear.com\/de\/wp-json\/wp\/v2\/product"}],"about":[{"href":"https:\/\/mnxsportswear.com\/de\/wp-json\/wp\/v2\/types\/product"}],"replies":[{"embeddable":true,"href":"https:\/\/mnxsportswear.com\/de\/wp-json\/wp\/v2\/comments?post=304104"}],"version-history":[{"count":0,"href":"https:\/\/mnxsportswear.com\/de\/wp-json\/wp\/v2\/product\/304104\/revisions"}],"wp:featuredmedia":[{"embeddable":true,"href":"https:\/\/mnxsportswear.com\/de\/wp-json\/wp\/v2\/media\/306523"}],"wp:attachment":[{"href":"https:\/\/mnxsportswear.com\/de\/wp-json\/wp\/v2\/media?parent=304104"}],"wp:term":[{"taxonomy":"product_brand","embeddable":true,"href":"https:\/\/mnxsportswear.com\/de\/wp-json\/wp\/v2\/product_brand?post=304104"},{"taxonomy":"product_cat","embeddable":true,"href":"https:\/\/mnxsportswear.com\/de\/wp-json\/wp\/v2\/product_cat?post=304104"},{"taxonomy":"product_tag","embeddable":true,"href":"https:\/\/mnxsportswear.com\/de\/wp-json\/wp\/v2\/product_tag?post=304104"}],"curies":[{"name":"wp","href":"https:\/\/api.w.org\/{rel}","templated":true}]}}