{"id":304181,"date":"2022-11-23T14:55:16","date_gmt":"2022-11-23T13:55:16","guid":{"rendered":"https:\/\/mnxsportswear.com\/?post_type=product&#038;p=304181"},"modified":"2026-03-01T20:00:26","modified_gmt":"2026-03-01T19:00:26","slug":"mnx-womens-cropped-jersey-miami-white","status":"publish","type":"product","link":"https:\/\/mnxsportswear.com\/de\/product\/mnx-womens-cropped-jersey-miami-white\/","title":{"rendered":"MNX Women&#8217;s cropped Jersey Miami, white"},"content":{"rendered":"<p>Kurzes MNX-T-Shirt f\u00fcr Damen.<\/p>\n<ul>\n<li>entspannte Passform,<\/li>\n<li>atmungsaktives Mesh-Material.<\/li>\n<\/ul>\n<p><strong>Material:<\/strong> 100 % Polyester (5 % Schrumpfung)<br \/>\n<strong>Farbe:<\/strong> wie abgebildet<br \/>\n<strong>Stil:<\/strong> klassische europ\u00e4ische Gr\u00f6\u00dfe<br \/>\n<strong>Gr\u00f6\u00dfen:<\/strong> S\/M, L\/XL<\/p>\n","protected":false},"excerpt":{"rendered":"<p><span class=\"tojvnm2t a6sixzi8 abs2jz4q a8s20v7p t1p8iaqh k5wvi7nf q3lfd5jv pk4s997a bipmatt0 cebpdrjk qowsmv63 owwhemhu dp1hu0rb dhp61c6y iyyx5f41\">Gehen Sie mit diesem kurzen Fu\u00dfballtrikot \u00fcber das Wesentliche hinaus. Mit seiner entspannten Passform und dem atmungsaktiven Mesh-Material sollte jeder in seiner Garderobe dabei sein. Erh\u00e4ltlich in mehreren Farben.<\/span><\/p>\n","protected":false},"featured_media":306455,"comment_status":"open","ping_status":"closed","template":"","meta":[],"product_brand":[],"product_cat":[2436,3061,2438],"product_tag":[],"class_list":{"0":"post-304181","1":"product","2":"type-product","3":"status-publish","4":"has-post-thumbnail","6":"product_cat-damen","7":"product_cat-jerseys-de","8":"product_cat-trikonts-tank-tops","9":"yith_product_brand-mnx-de","11":"first","12":"instock","13":"sale","14":"taxable","15":"shipping-taxable","16":"purchasable","17":"product-type-variable"},"exclude_global_add_ons":[],"addons":[],"_links":{"self":[{"href":"https:\/\/mnxsportswear.com\/de\/wp-json\/wp\/v2\/product\/304181","targetHints":{"allow":["GET"]}}],"collection":[{"href":"https:\/\/mnxsportswear.com\/de\/wp-json\/wp\/v2\/product"}],"about":[{"href":"https:\/\/mnxsportswear.com\/de\/wp-json\/wp\/v2\/types\/product"}],"replies":[{"embeddable":true,"href":"https:\/\/mnxsportswear.com\/de\/wp-json\/wp\/v2\/comments?post=304181"}],"version-history":[{"count":0,"href":"https:\/\/mnxsportswear.com\/de\/wp-json\/wp\/v2\/product\/304181\/revisions"}],"wp:featuredmedia":[{"embeddable":true,"href":"https:\/\/mnxsportswear.com\/de\/wp-json\/wp\/v2\/media\/306455"}],"wp:attachment":[{"href":"https:\/\/mnxsportswear.com\/de\/wp-json\/wp\/v2\/media?parent=304181"}],"wp:term":[{"taxonomy":"product_brand","embeddable":true,"href":"https:\/\/mnxsportswear.com\/de\/wp-json\/wp\/v2\/product_brand?post=304181"},{"taxonomy":"product_cat","embeddable":true,"href":"https:\/\/mnxsportswear.com\/de\/wp-json\/wp\/v2\/product_cat?post=304181"},{"taxonomy":"product_tag","embeddable":true,"href":"https:\/\/mnxsportswear.com\/de\/wp-json\/wp\/v2\/product_tag?post=304181"}],"curies":[{"name":"wp","href":"https:\/\/api.w.org\/{rel}","templated":true}]}}