{"id":305159,"date":"2022-06-22T09:06:59","date_gmt":"2022-06-22T07:06:59","guid":{"rendered":"https:\/\/mnxsportswear.com\/?post_type=product&#038;p=305159"},"modified":"2026-03-01T20:16:17","modified_gmt":"2026-03-01T19:16:17","slug":"mnx-mesh-shorts-miami-white","status":"publish","type":"product","link":"https:\/\/mnxsportswear.com\/de\/product\/mnx-mesh-shorts-miami-white\/","title":{"rendered":"MNX Mesh shorts Miami, white"},"content":{"rendered":"<p>MNX Mesh-Shorts Miami.<\/p>\n<ul>\n<li>leichtes Mesh-Gewebe,<\/li>\n<li>normale Passform,<\/li>\n<li>perfekt f\u00fcr Training oder Freizeit,<\/li>\n<li>minimalistisches MNX-Branding,<\/li>\n<li>Seitentaschen und elastischer Bund mit innenliegendem Kordelzug.<\/li>\n<\/ul>\n<p><strong>Material:<\/strong> 100% Polyester (5 % Schrumpfung)<br \/>\n<strong>Farbe:<\/strong> wie abgebildet<br \/>\n<strong>Gr\u00f6\u00dfen:<\/strong> S, M, L, XL, XXL, 3XL<br \/>\n<strong>Stil:<\/strong> normale Passform<\/p>\n","protected":false},"excerpt":{"rendered":"<p class=\"western\" lang=\"en-US\"><span class=\"HwtZe\" lang=\"de\"><span class=\"jCAhz ChMk0b\"><span class=\"ryNqvb\">Diese leichten Shorts werden mit Sicherheit zu Ihren Sommerfavoriten.<\/span><\/span> <span class=\"jCAhz ChMk0b\"><span class=\"ryNqvb\">Die regul\u00e4re Passform und das seitliche Bel\u00fcftungsdesign sorgen f\u00fcr ein trockenes und angenehmes Tragegef\u00fchl.<\/span><\/span> <span class=\"jCAhz ChMk0b\"><span class=\"ryNqvb\">Mit verstellbarem Bund und Seitentaschen zur Aufbewahrung Ihrer wichtigsten Utensilien.<\/span><\/span> <span class=\"jCAhz ChMk0b\"><span class=\"ryNqvb\">Erh\u00e4ltlich in mehreren Farben.<\/span><\/span><\/span><\/p>\n","protected":false},"featured_media":340025,"comment_status":"open","ping_status":"closed","template":"","meta":[],"product_brand":[],"product_cat":[2405,2419],"product_tag":[],"class_list":{"0":"post-305159","1":"product","2":"type-product","3":"status-publish","4":"has-post-thumbnail","6":"product_cat-herren","7":"product_cat-shorts-de","8":"yith_product_brand-mnx-de","10":"first","11":"instock","12":"sale","13":"taxable","14":"shipping-taxable","15":"purchasable","16":"product-type-variable"},"exclude_global_add_ons":[],"addons":[],"_links":{"self":[{"href":"https:\/\/mnxsportswear.com\/de\/wp-json\/wp\/v2\/product\/305159","targetHints":{"allow":["GET"]}}],"collection":[{"href":"https:\/\/mnxsportswear.com\/de\/wp-json\/wp\/v2\/product"}],"about":[{"href":"https:\/\/mnxsportswear.com\/de\/wp-json\/wp\/v2\/types\/product"}],"replies":[{"embeddable":true,"href":"https:\/\/mnxsportswear.com\/de\/wp-json\/wp\/v2\/comments?post=305159"}],"version-history":[{"count":0,"href":"https:\/\/mnxsportswear.com\/de\/wp-json\/wp\/v2\/product\/305159\/revisions"}],"wp:featuredmedia":[{"embeddable":true,"href":"https:\/\/mnxsportswear.com\/de\/wp-json\/wp\/v2\/media\/340025"}],"wp:attachment":[{"href":"https:\/\/mnxsportswear.com\/de\/wp-json\/wp\/v2\/media?parent=305159"}],"wp:term":[{"taxonomy":"product_brand","embeddable":true,"href":"https:\/\/mnxsportswear.com\/de\/wp-json\/wp\/v2\/product_brand?post=305159"},{"taxonomy":"product_cat","embeddable":true,"href":"https:\/\/mnxsportswear.com\/de\/wp-json\/wp\/v2\/product_cat?post=305159"},{"taxonomy":"product_tag","embeddable":true,"href":"https:\/\/mnxsportswear.com\/de\/wp-json\/wp\/v2\/product_tag?post=305159"}],"curies":[{"name":"wp","href":"https:\/\/api.w.org\/{rel}","templated":true}]}}