{"id":306273,"date":"2022-06-25T09:34:13","date_gmt":"2022-06-25T07:34:13","guid":{"rendered":"https:\/\/mnxsportswear.com\/?post_type=product&#038;p=306273"},"modified":"2026-03-01T19:47:25","modified_gmt":"2026-03-01T18:47:25","slug":"mnx-womens-cotton-socks-black","status":"publish","type":"product","link":"https:\/\/mnxsportswear.com\/de\/product\/mnx-womens-cotton-socks-black\/","title":{"rendered":"MNX Unisex Cotton socks, black"},"content":{"rendered":"<div id=\"tab-description\" class=\"woocommerce-Tabs-panel woocommerce-Tabs-panel--description panel entry-content wc-tab\" role=\"tabpanel\" aria-labelledby=\"tab-title-description\">\n<p><strong>MNX <\/strong> <strong>Baumwollsocken.<\/strong> Made in Europe (Slovenia).<\/p>\n<p><strong>Material:<\/strong> <span class=\"tlid-translation translation\" lang=\"de\"><span class=\"\" title=\"\">95% Baumwolle, 4% Elastan, 1% Polyamid (Verk\u00fcrzung bis zu 3%.)<\/span><\/span><br \/>\n<strong>Farbe:<\/strong> wie abgebildet<br \/>\n<strong>Stil \/ Modell:<\/strong> regular fit (normale Passform)<br \/>\n<strong><span class=\"tlid-translation translation\" lang=\"de\"><span class=\"\" title=\"\">Gr\u00f6\u00dfen (EU Gr\u00f6\u00dfentabelle):<\/span><\/span><\/strong> 38-42<\/p>\n<p><strong>Pflegehinweis<\/strong><span class=\"tlid-translation translation\" lang=\"de\"><strong><span class=\"\" title=\"\">:<\/span><\/strong><br \/>\n<span class=\"\" title=\"\">\u2013 Maschinenw\u00e4sche kalt.<\/span><br \/>\n<span title=\"\">\u2013 Nicht bleichen.<\/span><br \/>\n<span title=\"\">\u2013 Nicht im Trockner trocknen.<\/span><\/span><\/p>\n<\/div>\n","protected":false},"excerpt":{"rendered":"<p>Mit diesen gro\u00dfartigen gestreiften MNX-Socken aus weicher und bequemer Baumwolle k\u00f6nnen Sie sehr modisch sein. Paket beinhaltet <strong><span style=\"color: #ff0000;\">1 Paar<\/span><\/strong> Socken. <strong>Hergestellt in Slowenien (EU).<\/strong><\/p>\n","protected":false},"featured_media":306320,"comment_status":"open","ping_status":"closed","template":"","meta":[],"product_brand":[],"product_cat":[2424,2436,2423],"product_tag":[],"class_list":{"0":"post-306273","1":"product","2":"type-product","3":"status-publish","4":"has-post-thumbnail","6":"product_cat-accessories-de","7":"product_cat-damen","8":"product_cat-socken","9":"yith_product_brand-mnx-de","11":"first","12":"instock","13":"sale","14":"featured","15":"taxable","16":"shipping-taxable","17":"purchasable","18":"product-type-variable"},"exclude_global_add_ons":[],"addons":[],"_links":{"self":[{"href":"https:\/\/mnxsportswear.com\/de\/wp-json\/wp\/v2\/product\/306273","targetHints":{"allow":["GET"]}}],"collection":[{"href":"https:\/\/mnxsportswear.com\/de\/wp-json\/wp\/v2\/product"}],"about":[{"href":"https:\/\/mnxsportswear.com\/de\/wp-json\/wp\/v2\/types\/product"}],"replies":[{"embeddable":true,"href":"https:\/\/mnxsportswear.com\/de\/wp-json\/wp\/v2\/comments?post=306273"}],"version-history":[{"count":1,"href":"https:\/\/mnxsportswear.com\/de\/wp-json\/wp\/v2\/product\/306273\/revisions"}],"predecessor-version":[{"id":406749,"href":"https:\/\/mnxsportswear.com\/de\/wp-json\/wp\/v2\/product\/306273\/revisions\/406749"}],"wp:featuredmedia":[{"embeddable":true,"href":"https:\/\/mnxsportswear.com\/de\/wp-json\/wp\/v2\/media\/306320"}],"wp:attachment":[{"href":"https:\/\/mnxsportswear.com\/de\/wp-json\/wp\/v2\/media?parent=306273"}],"wp:term":[{"taxonomy":"product_brand","embeddable":true,"href":"https:\/\/mnxsportswear.com\/de\/wp-json\/wp\/v2\/product_brand?post=306273"},{"taxonomy":"product_cat","embeddable":true,"href":"https:\/\/mnxsportswear.com\/de\/wp-json\/wp\/v2\/product_cat?post=306273"},{"taxonomy":"product_tag","embeddable":true,"href":"https:\/\/mnxsportswear.com\/de\/wp-json\/wp\/v2\/product_tag?post=306273"}],"curies":[{"name":"wp","href":"https:\/\/api.w.org\/{rel}","templated":true}]}}