{"id":308945,"date":"2024-02-09T12:51:53","date_gmt":"2024-02-09T11:51:53","guid":{"rendered":"https:\/\/mnxsportswear.com\/product\/design-your-own-mnx-t-shirt-jersey\/"},"modified":"2026-03-01T21:21:55","modified_gmt":"2026-03-01T20:21:55","slug":"personalisiertes-t-shirt-jersey","status":"publish","type":"product","link":"https:\/\/mnxsportswear.com\/de\/product\/personalisiertes-t-shirt-jersey\/","title":{"rendered":"Personalisiertes T-shirt Jersey"},"content":{"rendered":"<p><strong>Entwerfen Sie Ihr eigenes Fu\u00dfball-T-Shirt!<\/strong><\/p>\n<p><strong>Fu\u00dfball-T-Shirt Jersey-T-Shirt<\/strong><\/p>\n<p>&#8211; aus atmungsaktivem Micro-Mesh-Gewebe,<br \/>\n&#8211; atmungsaktive Tricot-Mesh-Eins\u00e4tze auf beiden Seiten,<br \/>\n&#8211; perfekt f\u00fcr Ihr Training oder Freizeitkleidung,<br \/>\n&#8211; Einzigartiges MNX-Design und Details.<\/p>\n<p><strong>Schriftarten:<\/strong> Sie k\u00f6nnen zwischen 6 Schriftarten w\u00e4hlen.<\/p>\n<p><strong>Gr\u00f6\u00dfe der Nummer auf der Vorderseite:<\/strong> ca. 30 x 20 cm (Breite x H\u00f6he)<\/p>\n<p><strong>Gr\u00f6\u00dfe des Namens auf der R\u00fcckseite:<\/strong> ca. 33 cm (Breite)<\/p>\n<p><strong>Material:<\/strong> 100 % Polyester (5 % Schrumpfung)<br \/>\n<strong>Farbe:<\/strong> wie abgebildet<br \/>\n<strong>Stil:<\/strong> \u00fcbergro\u00df<br \/>\n<strong>Gr\u00f6\u00dfen:<\/strong> S, M, L, XL, XXL, 3XL<\/p>\n","protected":false},"excerpt":{"rendered":"<p>Gestalten Sie Ihr eigenes Fu\u00dfballtrikot in nur wenigen Schritten! Kreieren Sie Ihr eigenes, einzigartiges Trikot, indem Sie Nummer, Name, Druckfarbe, Trikotfarbe und Schriftart ausw\u00e4hlen. Ihre Nummer wird auf die Vorderseite und Ihr Name auf die R\u00fcckseite gedruckt. Wenn Sie einen zus\u00e4tzlichen Namen (Name 2) w\u00e4hlen, drucken wir diesen in der zweiten Zeile aus.<\/p>\n<p><em><strong>Hinweis:<\/strong> Wir empfehlen Ihnen, kurze W\u00f6rter einzugeben. Je l\u00e4nger die W\u00f6rter, die Sie schreiben, desto kleiner werden die Zeichen, damit sie in die Breite des T-Shirts passen.<\/em><\/p>\n<p><strong>Zahlengr\u00f6\u00dfe:<\/strong> ca. 30 x 20 cm (Breite x H\u00f6he)<br \/>\n<strong>Namensbreite:<\/strong> max. 33 cm<\/p>\n","protected":false},"featured_media":365873,"comment_status":"open","ping_status":"closed","template":"","meta":[],"product_brand":[],"product_cat":[2441,2405],"product_tag":[],"class_list":{"0":"post-308945","1":"product","2":"type-product","3":"status-publish","4":"has-post-thumbnail","6":"product_cat-diy-de","7":"product_cat-herren","8":"yith_product_brand-mnx-de","10":"first","11":"instock","12":"taxable","13":"shipping-taxable","14":"purchasable","15":"product-type-variable"},"exclude_global_add_ons":true,"addons":[{"name":"NUMMER (vorne)","type":"custom_text","position":0,"required":false,"title_format":"label","default":"","description_enable":false,"description":"","placeholder_enable":false,"placeholder":"","display":"select","restrictions_type":"only_numbers","adjust_price":false,"price":"4","price_type":"quantity_based","restrictions":true,"min":"0","max":"2","options":[],"id":1707329935},{"name":"NAME (auf der R\u00fcckseite)","type":"custom_text","position":1,"required":false,"title_format":"label","default":"","description_enable":false,"description":"","placeholder_enable":false,"placeholder":"","display":"select","restrictions_type":"only_letters_numbers","adjust_price":false,"price":"2","price_type":"quantity_based","restrictions":true,"min":"0","max":"14","options":[],"id":1707329936},{"name":"NAME 2 (optional) (2. Reihe auf der R\u00fcckseite)","type":"custom_text","position":2,"required":false,"title_format":"label","default":"","description_enable":false,"description":"","placeholder_enable":false,"placeholder":"","display":"select","restrictions_type":"only_letters_numbers","adjust_price":true,"price":"2","price_type":"flat_fee","restrictions":true,"min":"0","max":"14","options":[],"id":1707329937}],"_links":{"self":[{"href":"https:\/\/mnxsportswear.com\/de\/wp-json\/wp\/v2\/product\/308945","targetHints":{"allow":["GET"]}}],"collection":[{"href":"https:\/\/mnxsportswear.com\/de\/wp-json\/wp\/v2\/product"}],"about":[{"href":"https:\/\/mnxsportswear.com\/de\/wp-json\/wp\/v2\/types\/product"}],"replies":[{"embeddable":true,"href":"https:\/\/mnxsportswear.com\/de\/wp-json\/wp\/v2\/comments?post=308945"}],"version-history":[{"count":0,"href":"https:\/\/mnxsportswear.com\/de\/wp-json\/wp\/v2\/product\/308945\/revisions"}],"wp:featuredmedia":[{"embeddable":true,"href":"https:\/\/mnxsportswear.com\/de\/wp-json\/wp\/v2\/media\/365873"}],"wp:attachment":[{"href":"https:\/\/mnxsportswear.com\/de\/wp-json\/wp\/v2\/media?parent=308945"}],"wp:term":[{"taxonomy":"product_brand","embeddable":true,"href":"https:\/\/mnxsportswear.com\/de\/wp-json\/wp\/v2\/product_brand?post=308945"},{"taxonomy":"product_cat","embeddable":true,"href":"https:\/\/mnxsportswear.com\/de\/wp-json\/wp\/v2\/product_cat?post=308945"},{"taxonomy":"product_tag","embeddable":true,"href":"https:\/\/mnxsportswear.com\/de\/wp-json\/wp\/v2\/product_tag?post=308945"}],"curies":[{"name":"wp","href":"https:\/\/api.w.org\/{rel}","templated":true}]}}