{"id":313698,"date":"2022-10-17T13:33:22","date_gmt":"2022-10-17T11:33:22","guid":{"rendered":"https:\/\/mnxsportswear.com\/?post_type=product&#038;p=313698"},"modified":"2026-03-01T18:38:02","modified_gmt":"2026-03-01T17:38:02","slug":"mnx-extra-t-shirt-basic-navy-blue","status":"publish","type":"product","link":"https:\/\/mnxsportswear.com\/de\/product\/mnx-extra-t-shirt-basic-navy-blue\/","title":{"rendered":"MNX Extra T-shirt basic, navy blau"},"content":{"rendered":"<p>\u00dcbergro\u00dfes T-Shirt EXTRA.<\/p>\n<p><strong>Material:<\/strong> 100 % Baumwolle (5 % Schrumpfung)<br \/>\n<strong>Farbe:<\/strong> wie abgebildet<br \/>\n<strong>Stil:<\/strong> \u00fcberdimensioniert<br \/>\n<strong>Gr\u00f6\u00dfen:<\/strong> S\/M, L\/XL, 2XL\/3XL<\/p>\n<p><strong>Eigenschaften:<\/strong><\/p>\n<ul>\n<li>\u00fcberdimensioniert,<\/li>\n<li>weicher Baumwollstoff,<\/li>\n<li>einzigartige Details.<\/li>\n<\/ul>\n","protected":false},"excerpt":{"rendered":"<p>Mit diesem extra gro\u00dfen T-Shirt f\u00fchlen Sie sich cool und wohl. Mit zerrissenem Styling und minimalistischem MNX-Branding. Erh\u00e4ltlich in mehreren Farben.<\/p>\n","protected":false},"featured_media":338079,"comment_status":"open","ping_status":"closed","template":"","meta":[],"product_brand":[],"product_cat":[3590,3154,2405,2420,3057],"product_tag":[],"class_list":{"0":"post-313698","1":"product","2":"type-product","3":"status-publish","4":"has-post-thumbnail","6":"product_cat-auffullen","7":"product_cat-extra-de","8":"product_cat-herren","9":"product_cat-trikots","10":"product_cat-ueberdimensioniert","11":"yith_product_brand-extra-de","12":"yith_product_brand-mnx-de","14":"first","15":"instock","16":"taxable","17":"shipping-taxable","18":"purchasable","19":"product-type-variable"},"exclude_global_add_ons":[],"addons":[],"_links":{"self":[{"href":"https:\/\/mnxsportswear.com\/de\/wp-json\/wp\/v2\/product\/313698","targetHints":{"allow":["GET"]}}],"collection":[{"href":"https:\/\/mnxsportswear.com\/de\/wp-json\/wp\/v2\/product"}],"about":[{"href":"https:\/\/mnxsportswear.com\/de\/wp-json\/wp\/v2\/types\/product"}],"replies":[{"embeddable":true,"href":"https:\/\/mnxsportswear.com\/de\/wp-json\/wp\/v2\/comments?post=313698"}],"version-history":[{"count":1,"href":"https:\/\/mnxsportswear.com\/de\/wp-json\/wp\/v2\/product\/313698\/revisions"}],"predecessor-version":[{"id":407143,"href":"https:\/\/mnxsportswear.com\/de\/wp-json\/wp\/v2\/product\/313698\/revisions\/407143"}],"wp:featuredmedia":[{"embeddable":true,"href":"https:\/\/mnxsportswear.com\/de\/wp-json\/wp\/v2\/media\/338079"}],"wp:attachment":[{"href":"https:\/\/mnxsportswear.com\/de\/wp-json\/wp\/v2\/media?parent=313698"}],"wp:term":[{"taxonomy":"product_brand","embeddable":true,"href":"https:\/\/mnxsportswear.com\/de\/wp-json\/wp\/v2\/product_brand?post=313698"},{"taxonomy":"product_cat","embeddable":true,"href":"https:\/\/mnxsportswear.com\/de\/wp-json\/wp\/v2\/product_cat?post=313698"},{"taxonomy":"product_tag","embeddable":true,"href":"https:\/\/mnxsportswear.com\/de\/wp-json\/wp\/v2\/product_tag?post=313698"}],"curies":[{"name":"wp","href":"https:\/\/api.w.org\/{rel}","templated":true}]}}