{"id":317338,"date":"2022-12-05T14:49:22","date_gmt":"2022-12-05T13:49:22","guid":{"rendered":"https:\/\/mnxsportswear.com\/?post_type=product&#038;p=317338"},"modified":"2026-03-01T19:33:16","modified_gmt":"2026-03-01T18:33:16","slug":"mnx-hoodie-xforce-2-0-grey","status":"publish","type":"product","link":"https:\/\/mnxsportswear.com\/de\/product\/mnx-hoodie-xforce-2-0-grey\/","title":{"rendered":"MNX Hoodie Xforce 2.0, grau"},"content":{"rendered":"<p>MNX Baumwoll-Hoodie <em>XFORCE 2.0<\/em> mit <strong>einzigartigem Design<\/strong>.<\/p>\n<ul>\n<li>Aus weicher Baumwollmischung f\u00fcr maximalen Komfort,<\/li>\n<li>Seitentaschen,<\/li>\n<li>Kapuze mit Kordelzug f\u00fcr eine verstellbare Passform,<\/li>\n<li>einzigartiges Design und Details,<\/li>\n<li>aus der Special Edition-Kollektion.<\/li>\n<\/ul>\n<p><strong>Material: <\/strong>100% Baumwolle; Maschenabschnitte 100% Polyester<br \/>\n<strong>Farbe:<\/strong> wie abgebildet<br \/>\n<strong>Stil \/ Modell:<\/strong> klassisch<br \/>\n<strong>Gr\u00f6\u00dfen:<\/strong> S, M, L, XL, 2XL, 3XL<\/p>\n","protected":false},"excerpt":{"rendered":"<p>Dieser Xforce-Hoodie kombiniert die Welten von Sportbekleidung und Mode und verleiht ihm einen Look, der mit nichts anderem in der Bodybuilding-Reihe zu vergleichen ist. Mit einer bequemen, alltagstauglichen Passform wird es schnell zu Ihrer Wahl f\u00fcr Allzweck-Freizeitkleidung. Aus weicher und warmer Baumwollmischung mit Seitentaschen, Kapuze mit Kordelzug f\u00fcr eine individuelle Passform und gerippten B\u00fcndchen und Saum. Kombiniere diesen Hoodie mit der Xforce Hose und kreiere dir ein perfektes Outfit.<\/p>\n","protected":false},"featured_media":338171,"comment_status":"open","ping_status":"closed","template":"","meta":[],"product_brand":[],"product_cat":[2405,3069,2406,3279],"product_tag":[],"class_list":{"0":"post-317338","1":"product","2":"type-product","3":"status-publish","4":"has-post-thumbnail","6":"product_cat-herren","7":"product_cat-hoodies-de","8":"product_cat-hoodies-jackets-de","9":"product_cat-x-force-de","10":"yith_product_brand-mnx-de","12":"first","13":"instock","14":"sale","15":"featured","16":"taxable","17":"shipping-taxable","18":"purchasable","19":"product-type-variable"},"exclude_global_add_ons":[],"addons":[],"_links":{"self":[{"href":"https:\/\/mnxsportswear.com\/de\/wp-json\/wp\/v2\/product\/317338","targetHints":{"allow":["GET"]}}],"collection":[{"href":"https:\/\/mnxsportswear.com\/de\/wp-json\/wp\/v2\/product"}],"about":[{"href":"https:\/\/mnxsportswear.com\/de\/wp-json\/wp\/v2\/types\/product"}],"replies":[{"embeddable":true,"href":"https:\/\/mnxsportswear.com\/de\/wp-json\/wp\/v2\/comments?post=317338"}],"version-history":[{"count":1,"href":"https:\/\/mnxsportswear.com\/de\/wp-json\/wp\/v2\/product\/317338\/revisions"}],"predecessor-version":[{"id":406779,"href":"https:\/\/mnxsportswear.com\/de\/wp-json\/wp\/v2\/product\/317338\/revisions\/406779"}],"wp:featuredmedia":[{"embeddable":true,"href":"https:\/\/mnxsportswear.com\/de\/wp-json\/wp\/v2\/media\/338171"}],"wp:attachment":[{"href":"https:\/\/mnxsportswear.com\/de\/wp-json\/wp\/v2\/media?parent=317338"}],"wp:term":[{"taxonomy":"product_brand","embeddable":true,"href":"https:\/\/mnxsportswear.com\/de\/wp-json\/wp\/v2\/product_brand?post=317338"},{"taxonomy":"product_cat","embeddable":true,"href":"https:\/\/mnxsportswear.com\/de\/wp-json\/wp\/v2\/product_cat?post=317338"},{"taxonomy":"product_tag","embeddable":true,"href":"https:\/\/mnxsportswear.com\/de\/wp-json\/wp\/v2\/product_tag?post=317338"}],"curies":[{"name":"wp","href":"https:\/\/api.w.org\/{rel}","templated":true}]}}