{"id":318502,"date":"2023-01-18T13:14:41","date_gmt":"2023-01-18T12:14:41","guid":{"rendered":"https:\/\/mnxsportswear.com\/?post_type=product&#038;p=318502"},"modified":"2026-03-01T18:38:02","modified_gmt":"2026-03-01T17:38:02","slug":"mnx-hose-oxygen-schwarz","status":"publish","type":"product","link":"https:\/\/mnxsportswear.com\/de\/product\/mnx-hose-oxygen-schwarz\/","title":{"rendered":"MNX Hose Oxygen, schwarz"},"content":{"rendered":"<p>MNX Oxygen stylische Hose.<\/p>\n<ul>\n<li>Aus weicher und warmer Baumwolle,<\/li>\n<li>klassische Taschen auf beiden Seiten,<\/li>\n<li>elastischer Bund mit verstellbarem Kordelzug,<\/li>\n<li>einzigartiges Design und Details.<\/li>\n<\/ul>\n<p>Material: 80 % Baumwolle, 20 % Polyester (5 % schrumpfen)<br \/>\nFarbe: wie abgebildet<br \/>\nGr\u00f6\u00dfen: S\/M, L\/XL, XXL\/3XL<\/p>\n","protected":false},"excerpt":{"rendered":"<p>Vervollst\u00e4ndigen Sie Ihre Garderobe mit dieser eleganten Streetstyle-Hose Oxygen. Hergestellt aus warmer, superweicher Baumwolle f\u00fcr maximalen Komfort. Mit Seitentaschen und elastischem Bund. Erh\u00e4ltlich in mehreren Farben. Kombiniere diese Hose mit den <a href=\"https:\/\/mnxsportswear.com\/de\/produkt-kategorie\/herren\/hoodies-jackets-de\"><strong>Oxygen Hoodies<\/strong><\/a> und kreiere dir ein perfektes Outfit.<\/p>\n","protected":false},"featured_media":335206,"comment_status":"open","ping_status":"closed","template":"","meta":[],"product_brand":[],"product_cat":[3590,3169],"product_tag":[],"class_list":{"0":"post-318502","1":"product","2":"type-product","3":"status-publish","4":"has-post-thumbnail","6":"product_cat-auffullen","7":"product_cat-oxygen-de-2","8":"yith_product_brand-mnx-de","9":"yith_product_brand-oxygen-de","11":"first","12":"instock","13":"taxable","14":"shipping-taxable","15":"purchasable","16":"product-type-variable"},"exclude_global_add_ons":[],"addons":[],"_links":{"self":[{"href":"https:\/\/mnxsportswear.com\/de\/wp-json\/wp\/v2\/product\/318502","targetHints":{"allow":["GET"]}}],"collection":[{"href":"https:\/\/mnxsportswear.com\/de\/wp-json\/wp\/v2\/product"}],"about":[{"href":"https:\/\/mnxsportswear.com\/de\/wp-json\/wp\/v2\/types\/product"}],"replies":[{"embeddable":true,"href":"https:\/\/mnxsportswear.com\/de\/wp-json\/wp\/v2\/comments?post=318502"}],"version-history":[{"count":1,"href":"https:\/\/mnxsportswear.com\/de\/wp-json\/wp\/v2\/product\/318502\/revisions"}],"predecessor-version":[{"id":406772,"href":"https:\/\/mnxsportswear.com\/de\/wp-json\/wp\/v2\/product\/318502\/revisions\/406772"}],"wp:featuredmedia":[{"embeddable":true,"href":"https:\/\/mnxsportswear.com\/de\/wp-json\/wp\/v2\/media\/335206"}],"wp:attachment":[{"href":"https:\/\/mnxsportswear.com\/de\/wp-json\/wp\/v2\/media?parent=318502"}],"wp:term":[{"taxonomy":"product_brand","embeddable":true,"href":"https:\/\/mnxsportswear.com\/de\/wp-json\/wp\/v2\/product_brand?post=318502"},{"taxonomy":"product_cat","embeddable":true,"href":"https:\/\/mnxsportswear.com\/de\/wp-json\/wp\/v2\/product_cat?post=318502"},{"taxonomy":"product_tag","embeddable":true,"href":"https:\/\/mnxsportswear.com\/de\/wp-json\/wp\/v2\/product_tag?post=318502"}],"curies":[{"name":"wp","href":"https:\/\/api.w.org\/{rel}","templated":true}]}}