{"id":318723,"date":"2023-01-19T14:43:05","date_gmt":"2023-01-19T13:43:05","guid":{"rendered":"https:\/\/mnxsportswear.com\/?post_type=product&#038;p=318723"},"modified":"2026-03-01T23:45:15","modified_gmt":"2026-03-01T22:45:15","slug":"mnx-extra-t-shirt-maniax-limited","status":"publish","type":"product","link":"https:\/\/mnxsportswear.com\/de\/product\/mnx-extra-t-shirt-maniax-limited\/","title":{"rendered":"MNX Extra T-shirt ManiaX *LIMITED*"},"content":{"rendered":"<p>\u00dcbergro\u00dfes T-Shirt EXTRA <strong>ManiaX<\/strong><\/p>\n<p><strong>Material:<\/strong> 100 % Baumwolle (5 % Schrumpfung)<br \/>\n<strong>Farbe:<\/strong> wie abgebildet<br \/>\n<strong>Stil:<\/strong> \u00fcberdimensioniert<br \/>\n<strong>Gr\u00f6\u00dfen:<\/strong> XS\/S, S\/M, L\/XL, 2XL\/3XL<\/p>\n<p><strong>Eigenschaften:<\/strong><\/p>\n<ul>\n<li>\u00fcberdimensioniert,<\/li>\n<li>weicher Baumwollstoff,<\/li>\n<li><strong>limitierte Auflage,<\/strong><\/li>\n<li>komplett gedruckt,<\/li>\n<li>einzigartige Details.<\/li>\n<\/ul>\n","protected":false},"excerpt":{"rendered":"<p>Die legend\u00e4re ManiaX-Kollektion ist zur\u00fcck. Mit diesem extra gro\u00dfen T-Shirt fallen Sie \u00fcberall auf. Mit <strong>zerrissenem Styling<\/strong> und <strong>originalem MNX-Branding<\/strong>. Vollst\u00e4ndig bedruckt, mit weichem Stoff, aus <strong>100% Baumwolle<\/strong>. <strong>Limitierte Auflage<\/strong> \u2013 holen Sie sich Ihre, solange Sie noch k\u00f6nnen.<\/p>\n","protected":false},"featured_media":335174,"comment_status":"open","ping_status":"closed","template":"","meta":[],"product_brand":[],"product_cat":[3154,2405,3166,2420,3057],"product_tag":[],"class_list":{"0":"post-318723","1":"product","2":"type-product","3":"status-publish","4":"has-post-thumbnail","6":"product_cat-extra-de","7":"product_cat-herren","8":"product_cat-maniax-de","9":"product_cat-trikots","10":"product_cat-ueberdimensioniert","11":"yith_product_brand-extra-de","12":"yith_product_brand-mnx-de","14":"first","15":"instock","16":"taxable","17":"shipping-taxable","18":"purchasable","19":"product-type-variable"},"exclude_global_add_ons":[],"addons":[],"_links":{"self":[{"href":"https:\/\/mnxsportswear.com\/de\/wp-json\/wp\/v2\/product\/318723","targetHints":{"allow":["GET"]}}],"collection":[{"href":"https:\/\/mnxsportswear.com\/de\/wp-json\/wp\/v2\/product"}],"about":[{"href":"https:\/\/mnxsportswear.com\/de\/wp-json\/wp\/v2\/types\/product"}],"replies":[{"embeddable":true,"href":"https:\/\/mnxsportswear.com\/de\/wp-json\/wp\/v2\/comments?post=318723"}],"version-history":[{"count":1,"href":"https:\/\/mnxsportswear.com\/de\/wp-json\/wp\/v2\/product\/318723\/revisions"}],"predecessor-version":[{"id":407136,"href":"https:\/\/mnxsportswear.com\/de\/wp-json\/wp\/v2\/product\/318723\/revisions\/407136"}],"wp:featuredmedia":[{"embeddable":true,"href":"https:\/\/mnxsportswear.com\/de\/wp-json\/wp\/v2\/media\/335174"}],"wp:attachment":[{"href":"https:\/\/mnxsportswear.com\/de\/wp-json\/wp\/v2\/media?parent=318723"}],"wp:term":[{"taxonomy":"product_brand","embeddable":true,"href":"https:\/\/mnxsportswear.com\/de\/wp-json\/wp\/v2\/product_brand?post=318723"},{"taxonomy":"product_cat","embeddable":true,"href":"https:\/\/mnxsportswear.com\/de\/wp-json\/wp\/v2\/product_cat?post=318723"},{"taxonomy":"product_tag","embeddable":true,"href":"https:\/\/mnxsportswear.com\/de\/wp-json\/wp\/v2\/product_tag?post=318723"}],"curies":[{"name":"wp","href":"https:\/\/api.w.org\/{rel}","templated":true}]}}