{"id":318757,"date":"2023-01-19T14:56:10","date_gmt":"2023-01-19T13:56:10","guid":{"rendered":"https:\/\/mnxsportswear.com\/?post_type=product&#038;p=318757"},"modified":"2026-03-01T23:45:15","modified_gmt":"2026-03-01T22:45:15","slug":"mnx-extra-t-shirt-embossed-black","status":"publish","type":"product","link":"https:\/\/mnxsportswear.com\/de\/product\/mnx-extra-t-shirt-embossed-black\/","title":{"rendered":"MNX Extra gepr\u00e4gtes T-Shirt, schwarz"},"content":{"rendered":"<p>\u00dcbergro\u00dfes T-Shirt EXTRA.<\/p>\n<p><strong>Material:<\/strong> 100 % Baumwolle (5 % Schrumpfung)<br \/>\n<strong>Farbe:<\/strong> wie abgebildet<br \/>\n<strong>Stil:<\/strong> \u00fcberdimensioniert<br \/>\n<strong>Gr\u00f6\u00dfen:<\/strong> S\/M, L\/XL, 2XL\/3XL<\/p>\n<p><strong>Eigenschaften:<\/strong><\/p>\n<ul>\n<li>\u00fcberdimensioniert,<\/li>\n<li>weicher Baumwollstoff,<\/li>\n<li><span class=\"HwtZe\" lang=\"de\"><span class=\"jCAhz ChMk0b\"><span class=\"ryNqvb\">gepr\u00e4gtes T-Shirt<\/span><\/span><\/span>,<\/li>\n<li>einzigartige Details.<\/li>\n<\/ul>\n","protected":false},"excerpt":{"rendered":"<p>Mit diesem extra gro\u00dfen <strong>gepr\u00e4gtes<\/strong> T-Shirt f\u00fchlen Sie sich cool und wohl. Mit zerrissenem Styling und minimalistischem MNX-Branding. Erh\u00e4ltlich in mehreren Farben.<\/p>\n","protected":false},"featured_media":329009,"comment_status":"open","ping_status":"closed","template":"","meta":[],"product_brand":[],"product_cat":[3154,2405,2420,3057],"product_tag":[],"class_list":{"0":"post-318757","1":"product","2":"type-product","3":"status-publish","4":"has-post-thumbnail","6":"product_cat-extra-de","7":"product_cat-herren","8":"product_cat-trikots","9":"product_cat-ueberdimensioniert","10":"yith_product_brand-extra-de","11":"yith_product_brand-mnx-de","13":"first","14":"instock","15":"taxable","16":"shipping-taxable","17":"purchasable","18":"product-type-variable"},"exclude_global_add_ons":[],"addons":[],"_links":{"self":[{"href":"https:\/\/mnxsportswear.com\/de\/wp-json\/wp\/v2\/product\/318757","targetHints":{"allow":["GET"]}}],"collection":[{"href":"https:\/\/mnxsportswear.com\/de\/wp-json\/wp\/v2\/product"}],"about":[{"href":"https:\/\/mnxsportswear.com\/de\/wp-json\/wp\/v2\/types\/product"}],"replies":[{"embeddable":true,"href":"https:\/\/mnxsportswear.com\/de\/wp-json\/wp\/v2\/comments?post=318757"}],"version-history":[{"count":1,"href":"https:\/\/mnxsportswear.com\/de\/wp-json\/wp\/v2\/product\/318757\/revisions"}],"predecessor-version":[{"id":407135,"href":"https:\/\/mnxsportswear.com\/de\/wp-json\/wp\/v2\/product\/318757\/revisions\/407135"}],"wp:featuredmedia":[{"embeddable":true,"href":"https:\/\/mnxsportswear.com\/de\/wp-json\/wp\/v2\/media\/329009"}],"wp:attachment":[{"href":"https:\/\/mnxsportswear.com\/de\/wp-json\/wp\/v2\/media?parent=318757"}],"wp:term":[{"taxonomy":"product_brand","embeddable":true,"href":"https:\/\/mnxsportswear.com\/de\/wp-json\/wp\/v2\/product_brand?post=318757"},{"taxonomy":"product_cat","embeddable":true,"href":"https:\/\/mnxsportswear.com\/de\/wp-json\/wp\/v2\/product_cat?post=318757"},{"taxonomy":"product_tag","embeddable":true,"href":"https:\/\/mnxsportswear.com\/de\/wp-json\/wp\/v2\/product_tag?post=318757"}],"curies":[{"name":"wp","href":"https:\/\/api.w.org\/{rel}","templated":true}]}}