{"id":319078,"date":"2023-01-20T12:59:13","date_gmt":"2023-01-20T11:59:13","guid":{"rendered":"https:\/\/mnxsportswear.com\/?post_type=product&#038;p=319078"},"modified":"2026-03-01T18:10:59","modified_gmt":"2026-03-01T17:10:59","slug":"mnx-mens-pants-oxygen-turquoise","status":"publish","type":"product","link":"https:\/\/mnxsportswear.com\/de\/product\/mnx-mens-pants-oxygen-turquoise\/","title":{"rendered":"MNX Men&#8217;s pants Oxygen, T\u00fcrkis"},"content":{"rendered":"<p>MNX Oxygen stylische Hose.<\/p>\n<ul>\n<li>Aus weicher und warmer Baumwolle,<\/li>\n<li>klassische Taschen auf beiden Seiten,<\/li>\n<li>elastischer Bund mit verstellbarem Kordelzug,<\/li>\n<li>einzigartiges Design und Details.<\/li>\n<\/ul>\n<p>Material: 80 % Baumwolle, 20 % Polyester (5 % schrumpfen)<br \/>\nFarbe: wie abgebildet<br \/>\nGewicht: ca. 500 g<br \/>\nGr\u00f6\u00dfen: S\/M, L\/XL, XXL\/3XL<\/p>\n","protected":false},"excerpt":{"rendered":"<p>Vervollst\u00e4ndigen Sie Ihre Garderobe mit dieser eleganten Streetstyle-Hose Oxygen. Hergestellt aus warmer, superweicher Baumwolle f\u00fcr maximalen Komfort. Mit Seitentaschen und elastischem Bund. Erh\u00e4ltlich in mehreren Farben. Kombiniere diese Hose mit den <a href=\"https:\/\/mnxsportswear.com\/de\/produkt-kategorie\/herren\/hoodies-jackets-de\"><strong>Oxygen Hoodies<\/strong><\/a> und kreiere dir ein perfektes Outfit.<\/p>\n","protected":false},"featured_media":329343,"comment_status":"open","ping_status":"closed","template":"","meta":[],"product_brand":[],"product_cat":[2405,2430,3078,3169],"product_tag":[],"class_list":{"0":"post-319078","1":"product","2":"type-product","3":"status-publish","4":"has-post-thumbnail","6":"product_cat-herren","7":"product_cat-hosen","8":"product_cat-lockere-passform","9":"product_cat-oxygen-de-2","10":"yith_product_brand-mnx-de","11":"yith_product_brand-oxygen-de","13":"first","14":"instock","15":"sale","16":"taxable","17":"shipping-taxable","18":"purchasable","19":"product-type-variable"},"exclude_global_add_ons":[],"addons":[],"_links":{"self":[{"href":"https:\/\/mnxsportswear.com\/de\/wp-json\/wp\/v2\/product\/319078","targetHints":{"allow":["GET"]}}],"collection":[{"href":"https:\/\/mnxsportswear.com\/de\/wp-json\/wp\/v2\/product"}],"about":[{"href":"https:\/\/mnxsportswear.com\/de\/wp-json\/wp\/v2\/types\/product"}],"replies":[{"embeddable":true,"href":"https:\/\/mnxsportswear.com\/de\/wp-json\/wp\/v2\/comments?post=319078"}],"version-history":[{"count":1,"href":"https:\/\/mnxsportswear.com\/de\/wp-json\/wp\/v2\/product\/319078\/revisions"}],"predecessor-version":[{"id":406769,"href":"https:\/\/mnxsportswear.com\/de\/wp-json\/wp\/v2\/product\/319078\/revisions\/406769"}],"wp:featuredmedia":[{"embeddable":true,"href":"https:\/\/mnxsportswear.com\/de\/wp-json\/wp\/v2\/media\/329343"}],"wp:attachment":[{"href":"https:\/\/mnxsportswear.com\/de\/wp-json\/wp\/v2\/media?parent=319078"}],"wp:term":[{"taxonomy":"product_brand","embeddable":true,"href":"https:\/\/mnxsportswear.com\/de\/wp-json\/wp\/v2\/product_brand?post=319078"},{"taxonomy":"product_cat","embeddable":true,"href":"https:\/\/mnxsportswear.com\/de\/wp-json\/wp\/v2\/product_cat?post=319078"},{"taxonomy":"product_tag","embeddable":true,"href":"https:\/\/mnxsportswear.com\/de\/wp-json\/wp\/v2\/product_tag?post=319078"}],"curies":[{"name":"wp","href":"https:\/\/api.w.org\/{rel}","templated":true}]}}