{"id":319108,"date":"2023-01-20T13:01:42","date_gmt":"2023-01-20T12:01:42","guid":{"rendered":"https:\/\/mnxsportswear.com\/?post_type=product&#038;p=319108"},"modified":"2026-03-01T18:09:13","modified_gmt":"2026-03-01T17:09:13","slug":"mnx-hoodie-oxygen-beige","status":"publish","type":"product","link":"https:\/\/mnxsportswear.com\/de\/product\/mnx-hoodie-oxygen-beige\/","title":{"rendered":"MNX Hoodie Oxygen, beige"},"content":{"rendered":"<p>MNX Baumwoll-Hoodie OXYGEN mit einzigartigem Design.<\/p>\n<ul>\n<li>Aus weicher und warmer Baumwollmischung f\u00fcr maximalen Komfort,<\/li>\n<li>mit Taschen,<\/li>\n<li>Kapuze mit Kordelzug f\u00fcr eine verstellbare Passform,<\/li>\n<li>einzigartiges Design und Details.<\/li>\n<\/ul>\n<p>Material: 80 % Baumwolle, 20 % Polyester (5 % Einlaufen);<br \/>\nFarbe: wie abgebildet<br \/>\nGewicht ca. 650 Gramm<br \/>\nGr\u00f6\u00dfen: S\/M, L\/XL, XXL\/3XL<\/p>\n","protected":false},"excerpt":{"rendered":"<p>Vervollst\u00e4ndigen Sie Ihre Garderobe mit diesem eleganten Streetstyle-Hoodie Oxygen. Aus warmer, superweicher Baumwolle mit Seitentaschen, Kapuze mit Kordelzug f\u00fcr eine individuelle Passform und gerippten B\u00fcndchen und Saum. Mit einer bequemen, alltagstauglichen Passform wird es schnell zu Ihrer Wahl f\u00fcr Allzweck-Freizeitkleidung. Kombiniere diesen Hoodie mit der <a href=\"https:\/\/mnxsportswear.com\/de\/produkt-kategorie\/herren\/hosen\"><strong>Oxygen Hose<\/strong><\/a> und kreiere dir ein perfektes Outfit.<\/p>\n","protected":false},"featured_media":329158,"comment_status":"open","ping_status":"closed","template":"","meta":[],"product_brand":[],"product_cat":[3590,2405,3069,2406,3169],"product_tag":[],"class_list":{"0":"post-319108","1":"product","2":"type-product","3":"status-publish","4":"has-post-thumbnail","6":"product_cat-auffullen","7":"product_cat-herren","8":"product_cat-hoodies-de","9":"product_cat-hoodies-jackets-de","10":"product_cat-oxygen-de-2","11":"yith_product_brand-mnx-de","12":"yith_product_brand-oxygen-de","14":"first","15":"instock","16":"sale","17":"featured","18":"taxable","19":"shipping-taxable","20":"purchasable","21":"product-type-variable"},"exclude_global_add_ons":[],"addons":[],"_links":{"self":[{"href":"https:\/\/mnxsportswear.com\/de\/wp-json\/wp\/v2\/product\/319108","targetHints":{"allow":["GET"]}}],"collection":[{"href":"https:\/\/mnxsportswear.com\/de\/wp-json\/wp\/v2\/product"}],"about":[{"href":"https:\/\/mnxsportswear.com\/de\/wp-json\/wp\/v2\/types\/product"}],"replies":[{"embeddable":true,"href":"https:\/\/mnxsportswear.com\/de\/wp-json\/wp\/v2\/comments?post=319108"}],"version-history":[{"count":1,"href":"https:\/\/mnxsportswear.com\/de\/wp-json\/wp\/v2\/product\/319108\/revisions"}],"predecessor-version":[{"id":406768,"href":"https:\/\/mnxsportswear.com\/de\/wp-json\/wp\/v2\/product\/319108\/revisions\/406768"}],"wp:featuredmedia":[{"embeddable":true,"href":"https:\/\/mnxsportswear.com\/de\/wp-json\/wp\/v2\/media\/329158"}],"wp:attachment":[{"href":"https:\/\/mnxsportswear.com\/de\/wp-json\/wp\/v2\/media?parent=319108"}],"wp:term":[{"taxonomy":"product_brand","embeddable":true,"href":"https:\/\/mnxsportswear.com\/de\/wp-json\/wp\/v2\/product_brand?post=319108"},{"taxonomy":"product_cat","embeddable":true,"href":"https:\/\/mnxsportswear.com\/de\/wp-json\/wp\/v2\/product_cat?post=319108"},{"taxonomy":"product_tag","embeddable":true,"href":"https:\/\/mnxsportswear.com\/de\/wp-json\/wp\/v2\/product_tag?post=319108"}],"curies":[{"name":"wp","href":"https:\/\/api.w.org\/{rel}","templated":true}]}}