{"id":319277,"date":"2022-11-23T14:57:09","date_gmt":"2022-11-23T13:57:09","guid":{"rendered":"https:\/\/mnxsportswear.com\/?post_type=product&#038;p=319277"},"modified":"2026-03-01T20:00:26","modified_gmt":"2026-03-01T19:00:26","slug":"mnx-womens-hoodie-oxygen-turquoise","status":"publish","type":"product","link":"https:\/\/mnxsportswear.com\/de\/product\/mnx-womens-hoodie-oxygen-turquoise\/","title":{"rendered":"MNX Kapuzenpullover f\u00fcr Damen Oxygen, turquoise"},"content":{"rendered":"<p>MNX Baumwoll-Hoodie OXYGEN mit einzigartigem Design.<\/p>\n<ul>\n<li>Hergestellt aus weicher und warmer Baumwollmischung f\u00fcr maximalen Komfort,<\/li>\n<li>mit Taschen,<\/li>\n<li>Kapuze mit Kordelzug f\u00fcr eine verstellbare Passform,<\/li>\n<li>einzigartiges Design und Details.<\/li>\n<\/ul>\n<p><strong>Material:<\/strong> 80 % Baumwolle, 20 % Polyester (5 % Schrumpfung);<br \/>\n<strong>Farbe:<\/strong> wie abgebildet<br \/>\n<strong>Gewicht<\/strong> ca. 550 Gramm<br \/>\n<strong>Gr\u00f6\u00dfen:<\/strong> XS\/S, M\/L<\/p>\n<p><em>Das Model auf dem Foto (160 cm\/ 50 kg) tr\u00e4gt Gr\u00f6\u00dfe XS\/S.<\/em><\/p>\n","protected":false},"excerpt":{"rendered":"<p><span class=\"HwtZe\" lang=\"de\"><span class=\"jCAhz ChMk0b\"><span class=\"ryNqvb\">Vervollst\u00e4ndigen Sie Ihre Garderobe mit diesem eleganten Streetstyle-Hoodie von <em>Oxygen<\/em>.<\/span><\/span> <span class=\"jCAhz ChMk0b\"><span class=\"ryNqvb\">Aus warmer, superweicher Baumwolle mit Seitentaschen, Kapuze mit Kordelzug f\u00fcr individuelle Passform und gerippten B\u00fcndchen und Saum.<\/span><\/span> <span class=\"jCAhz ChMk0b\"><span class=\"ryNqvb\">Dank der bequemen Passform f\u00fcr jeden Tag wird es schnell zu Ihrem Allround-Freizeitkleidungsst\u00fcck.<\/span><\/span> <span class=\"jCAhz ChMk0b\"><span class=\"ryNqvb\">Kombiniere diesen Hoodie mit der Oxygen-Hose und kreiere dir ein perfektes Outfit.<\/span><\/span><\/span><\/p>\n","protected":false},"featured_media":319411,"comment_status":"open","ping_status":"closed","template":"","meta":[],"product_brand":[],"product_cat":[2436,2750],"product_tag":[],"class_list":{"0":"post-319277","1":"product","2":"type-product","3":"status-publish","4":"has-post-thumbnail","6":"product_cat-damen","7":"product_cat-hoodies","8":"yith_product_brand-mnx-de","9":"yith_product_brand-oxygen-de","11":"first","12":"instock","13":"sale","14":"featured","15":"taxable","16":"shipping-taxable","17":"purchasable","18":"product-type-variable"},"exclude_global_add_ons":[],"addons":[],"_links":{"self":[{"href":"https:\/\/mnxsportswear.com\/de\/wp-json\/wp\/v2\/product\/319277","targetHints":{"allow":["GET"]}}],"collection":[{"href":"https:\/\/mnxsportswear.com\/de\/wp-json\/wp\/v2\/product"}],"about":[{"href":"https:\/\/mnxsportswear.com\/de\/wp-json\/wp\/v2\/types\/product"}],"replies":[{"embeddable":true,"href":"https:\/\/mnxsportswear.com\/de\/wp-json\/wp\/v2\/comments?post=319277"}],"version-history":[{"count":1,"href":"https:\/\/mnxsportswear.com\/de\/wp-json\/wp\/v2\/product\/319277\/revisions"}],"predecessor-version":[{"id":406775,"href":"https:\/\/mnxsportswear.com\/de\/wp-json\/wp\/v2\/product\/319277\/revisions\/406775"}],"wp:featuredmedia":[{"embeddable":true,"href":"https:\/\/mnxsportswear.com\/de\/wp-json\/wp\/v2\/media\/319411"}],"wp:attachment":[{"href":"https:\/\/mnxsportswear.com\/de\/wp-json\/wp\/v2\/media?parent=319277"}],"wp:term":[{"taxonomy":"product_brand","embeddable":true,"href":"https:\/\/mnxsportswear.com\/de\/wp-json\/wp\/v2\/product_brand?post=319277"},{"taxonomy":"product_cat","embeddable":true,"href":"https:\/\/mnxsportswear.com\/de\/wp-json\/wp\/v2\/product_cat?post=319277"},{"taxonomy":"product_tag","embeddable":true,"href":"https:\/\/mnxsportswear.com\/de\/wp-json\/wp\/v2\/product_tag?post=319277"}],"curies":[{"name":"wp","href":"https:\/\/api.w.org\/{rel}","templated":true}]}}