{"id":319311,"date":"2022-11-23T14:57:10","date_gmt":"2022-11-23T13:57:10","guid":{"rendered":"https:\/\/mnxsportswear.com\/?post_type=product&#038;p=319311"},"modified":"2026-03-02T05:00:03","modified_gmt":"2026-03-02T04:00:03","slug":"mnx-womens-pants-oxygen-beige","status":"publish","type":"product","link":"https:\/\/mnxsportswear.com\/de\/product\/mnx-womens-pants-oxygen-beige\/","title":{"rendered":"MNX Damenhosen Oxygen, beige"},"content":{"rendered":"<p>MNX Oxygen stylische Hose.<\/p>\n<ul>\n<li>Aus weicher und warmer Baumwolle,<\/li>\n<li>klassische Taschen auf beiden Seiten,<\/li>\n<li>elastischer Bund mit verstellbarem Kordelzug,<\/li>\n<li>einzigartiges Design und Details.<\/li>\n<\/ul>\n<p><strong>Material:<\/strong> 80 % Baumwolle, 20 % Polyester (5 % Schrumpfung)<br \/>\n<strong>Farbe:<\/strong> wie abgebildet<br \/>\n<strong>Gewicht<\/strong> ca. 400 Gramm<br \/>\n<strong>Gr\u00f6\u00dfen:<\/strong> XS\/S, M\/L<\/p>\n<p><em>Das Model auf dem Foto (160 cm\/ 50 kg) tr\u00e4gt Gr\u00f6\u00dfe XS\/S.<\/em><\/p>\n","protected":false},"excerpt":{"rendered":"<p><span class=\"HwtZe\" lang=\"de\"><span class=\"jCAhz ChMk0b\"><span class=\"ryNqvb\">Vervollst\u00e4ndigen Sie Ihre Garderobe mit dieser eleganten Streetstyle-Hose Oxygen.<\/span><\/span> <span class=\"jCAhz ChMk0b\"><span class=\"ryNqvb\">Hergestellt aus warmer, superweicher Baumwolle f\u00fcr maximalen Komfort.<\/span><\/span> <span class=\"jCAhz ChMk0b\"><span class=\"ryNqvb\">Mit Seitentaschen und elastischem Bund.<\/span><\/span> <span class=\"jCAhz ChMk0b\"><span class=\"ryNqvb\">Erh\u00e4ltlich in mehreren Farben.<\/span><\/span> <span class=\"jCAhz ChMk0b\"><span class=\"ryNqvb\">Kombiniere diese Hose mit den Oxygen Hoodies und kreiere dir ein perfektes Outfit.<\/span><\/span><\/span><\/p>\n","protected":false},"featured_media":319423,"comment_status":"open","ping_status":"closed","template":"","meta":[],"product_brand":[],"product_cat":[2436,2744],"product_tag":[],"class_list":{"0":"post-319311","1":"product","2":"type-product","3":"status-publish","4":"has-post-thumbnail","6":"product_cat-damen","7":"product_cat-hosen-de","8":"yith_product_brand-mnx-de","9":"yith_product_brand-oxygen-de","11":"first","12":"instock","13":"sale","14":"taxable","15":"shipping-taxable","16":"purchasable","17":"product-type-variable"},"exclude_global_add_ons":[],"addons":[],"_links":{"self":[{"href":"https:\/\/mnxsportswear.com\/de\/wp-json\/wp\/v2\/product\/319311","targetHints":{"allow":["GET"]}}],"collection":[{"href":"https:\/\/mnxsportswear.com\/de\/wp-json\/wp\/v2\/product"}],"about":[{"href":"https:\/\/mnxsportswear.com\/de\/wp-json\/wp\/v2\/types\/product"}],"replies":[{"embeddable":true,"href":"https:\/\/mnxsportswear.com\/de\/wp-json\/wp\/v2\/comments?post=319311"}],"version-history":[{"count":1,"href":"https:\/\/mnxsportswear.com\/de\/wp-json\/wp\/v2\/product\/319311\/revisions"}],"predecessor-version":[{"id":406774,"href":"https:\/\/mnxsportswear.com\/de\/wp-json\/wp\/v2\/product\/319311\/revisions\/406774"}],"wp:featuredmedia":[{"embeddable":true,"href":"https:\/\/mnxsportswear.com\/de\/wp-json\/wp\/v2\/media\/319423"}],"wp:attachment":[{"href":"https:\/\/mnxsportswear.com\/de\/wp-json\/wp\/v2\/media?parent=319311"}],"wp:term":[{"taxonomy":"product_brand","embeddable":true,"href":"https:\/\/mnxsportswear.com\/de\/wp-json\/wp\/v2\/product_brand?post=319311"},{"taxonomy":"product_cat","embeddable":true,"href":"https:\/\/mnxsportswear.com\/de\/wp-json\/wp\/v2\/product_cat?post=319311"},{"taxonomy":"product_tag","embeddable":true,"href":"https:\/\/mnxsportswear.com\/de\/wp-json\/wp\/v2\/product_tag?post=319311"}],"curies":[{"name":"wp","href":"https:\/\/api.w.org\/{rel}","templated":true}]}}