{"id":324392,"date":"2023-05-05T11:14:53","date_gmt":"2023-05-05T09:14:53","guid":{"rendered":"https:\/\/mnxsportswear.com\/?post_type=product&#038;p=324392"},"modified":"2026-03-01T18:10:59","modified_gmt":"2026-03-01T17:10:59","slug":"mnx-leichte-jogginghose-aesthetic-dove","status":"publish","type":"product","link":"https:\/\/mnxsportswear.com\/de\/product\/mnx-leichte-jogginghose-aesthetic-dove\/","title":{"rendered":"MNX leichte Jogginghose Aesthetic, dove"},"content":{"rendered":"<p>MNX Aesthetic stylische Hose.<\/p>\n<ul>\n<li><span class=\"HwtZe\" lang=\"de\"><span class=\"jCAhz ChMk0b\"><span class=\"ryNqvb\">Aus weicher und leichter Baumwolle,<\/span><\/span><\/span><\/li>\n<li>Rei\u00dfverschlusstaschen vorne auf beiden Seiten,<\/li>\n<li>elastischer Bund mit verstellbarem Kordelzug,<\/li>\n<li>einzigartiges Design und Details.<\/li>\n<\/ul>\n<p><strong>Material:<\/strong> 100 % Baumwolle (5 % Schrumpfung)<br \/>\n<strong>Farbe:<\/strong> wie abgebildet<br \/>\n<strong>Gewicht<\/strong> ca. 330 Gramm<br \/>\n<strong>Gr\u00f6\u00dfen:<\/strong> S\/M, L\/XL, XXL\/3XL<\/p>\n<p><em>Das Model auf dem Foto (178 cm \/ 83 kg) tr\u00e4gt Gr\u00f6\u00dfe <strong>L\/XL<\/strong>.<\/em><\/p>\n","protected":false},"excerpt":{"rendered":"<p>R\u00fcsten Sie sich mit dieser Jogginghose aus leichter, bequemer <strong>Baumwolle f\u00fcr den Alltag<\/strong>. Mit zwei Rei\u00dfverschlusstaschen vorne zum Verstauen Ihrer Sachen, einer Tasche auf der R\u00fcckseite, Kn\u00f6chelmanschetten f\u00fcr eine perfekte Passform und minimalistischem Branding. Erh\u00e4ltlich in mehreren Farben.<\/p>\n","protected":false},"featured_media":329287,"comment_status":"open","ping_status":"closed","template":"","meta":[],"product_brand":[],"product_cat":[3151,2405,2430,3075],"product_tag":[],"class_list":{"0":"post-324392","1":"product","2":"type-product","3":"status-publish","4":"has-post-thumbnail","6":"product_cat-aesthetic-de","7":"product_cat-herren","8":"product_cat-hosen","9":"product_cat-joggers-de","10":"yith_product_brand-aesthetic-de","12":"first","13":"instock","14":"taxable","15":"shipping-taxable","16":"purchasable","17":"product-type-variable"},"exclude_global_add_ons":[],"addons":[],"_links":{"self":[{"href":"https:\/\/mnxsportswear.com\/de\/wp-json\/wp\/v2\/product\/324392","targetHints":{"allow":["GET"]}}],"collection":[{"href":"https:\/\/mnxsportswear.com\/de\/wp-json\/wp\/v2\/product"}],"about":[{"href":"https:\/\/mnxsportswear.com\/de\/wp-json\/wp\/v2\/types\/product"}],"replies":[{"embeddable":true,"href":"https:\/\/mnxsportswear.com\/de\/wp-json\/wp\/v2\/comments?post=324392"}],"version-history":[{"count":1,"href":"https:\/\/mnxsportswear.com\/de\/wp-json\/wp\/v2\/product\/324392\/revisions"}],"predecessor-version":[{"id":406758,"href":"https:\/\/mnxsportswear.com\/de\/wp-json\/wp\/v2\/product\/324392\/revisions\/406758"}],"wp:featuredmedia":[{"embeddable":true,"href":"https:\/\/mnxsportswear.com\/de\/wp-json\/wp\/v2\/media\/329287"}],"wp:attachment":[{"href":"https:\/\/mnxsportswear.com\/de\/wp-json\/wp\/v2\/media?parent=324392"}],"wp:term":[{"taxonomy":"product_brand","embeddable":true,"href":"https:\/\/mnxsportswear.com\/de\/wp-json\/wp\/v2\/product_brand?post=324392"},{"taxonomy":"product_cat","embeddable":true,"href":"https:\/\/mnxsportswear.com\/de\/wp-json\/wp\/v2\/product_cat?post=324392"},{"taxonomy":"product_tag","embeddable":true,"href":"https:\/\/mnxsportswear.com\/de\/wp-json\/wp\/v2\/product_tag?post=324392"}],"curies":[{"name":"wp","href":"https:\/\/api.w.org\/{rel}","templated":true}]}}