{"id":324531,"date":"2023-05-05T11:38:45","date_gmt":"2023-05-05T09:38:45","guid":{"rendered":"https:\/\/mnxsportswear.com\/?post_type=product&#038;p=324531"},"modified":"2026-03-01T18:28:44","modified_gmt":"2026-03-01T17:28:44","slug":"mnx-leichtes-sweatshirt-aesthetic-dove","status":"publish","type":"product","link":"https:\/\/mnxsportswear.com\/de\/product\/mnx-leichtes-sweatshirt-aesthetic-dove\/","title":{"rendered":"MNX Leichtes Sweatshirt Aesthetic, dove"},"content":{"rendered":"<p><strong>MNX Baumwoll-Sweatshirt Aesthetic.<\/strong><\/p>\n<ul>\n<li>leicht dehnbarer Stoff,<\/li>\n<li>leichte Baumwolle,<\/li>\n<li>gem\u00fctlicher normaler Schnitt und atmungsaktiver Baumwollstoff,<\/li>\n<li>minimalistisches Design mit kleinen 3D-Gummilogos.<\/li>\n<\/ul>\n<p><strong>Material:<\/strong> 100 % Baumwolle (5 % Schrumpfung)<br \/>\n<strong>Farbe:<\/strong> wie abgebildet<br \/>\n<strong>Gewicht<\/strong> ca. 340 Gramm<br \/>\n<strong>Stil\/Modell:<\/strong> \u00fcbergro\u00df<br \/>\n<strong>Gr\u00f6\u00dfen:<\/strong> S\/M, L\/XL, XXL\/3XL<\/p>\n","protected":false},"excerpt":{"rendered":"<p>Dieses \u00fcbergro\u00dfe Sweatshirt ist der perfekte Begleiter an w\u00e4rmeren Tagen. Mit breiterem Kragen, leichtem Baumwollstoff, \u00fcbergro\u00dfer Passform und minimalistischem Branding. Kombinieren Sie es mit Jeans f\u00fcr einen l\u00e4ssigen Look oder mit Sportbekleidung. Erh\u00e4ltlich in mehreren Farben.<\/p>\n","protected":false},"featured_media":329038,"comment_status":"open","ping_status":"closed","template":"","meta":[],"product_brand":[],"product_cat":[3151,2405,2406,3072],"product_tag":[],"class_list":{"0":"post-324531","1":"product","2":"type-product","3":"status-publish","4":"has-post-thumbnail","6":"product_cat-aesthetic-de","7":"product_cat-herren","8":"product_cat-hoodies-jackets-de","9":"product_cat-sweatshirts-de","10":"yith_product_brand-aesthetic-de","12":"first","13":"outofstock","14":"featured","15":"taxable","16":"shipping-taxable","17":"purchasable","18":"product-type-variable"},"exclude_global_add_ons":[],"addons":[],"_links":{"self":[{"href":"https:\/\/mnxsportswear.com\/de\/wp-json\/wp\/v2\/product\/324531","targetHints":{"allow":["GET"]}}],"collection":[{"href":"https:\/\/mnxsportswear.com\/de\/wp-json\/wp\/v2\/product"}],"about":[{"href":"https:\/\/mnxsportswear.com\/de\/wp-json\/wp\/v2\/types\/product"}],"replies":[{"embeddable":true,"href":"https:\/\/mnxsportswear.com\/de\/wp-json\/wp\/v2\/comments?post=324531"}],"version-history":[{"count":0,"href":"https:\/\/mnxsportswear.com\/de\/wp-json\/wp\/v2\/product\/324531\/revisions"}],"wp:featuredmedia":[{"embeddable":true,"href":"https:\/\/mnxsportswear.com\/de\/wp-json\/wp\/v2\/media\/329038"}],"wp:attachment":[{"href":"https:\/\/mnxsportswear.com\/de\/wp-json\/wp\/v2\/media?parent=324531"}],"wp:term":[{"taxonomy":"product_brand","embeddable":true,"href":"https:\/\/mnxsportswear.com\/de\/wp-json\/wp\/v2\/product_brand?post=324531"},{"taxonomy":"product_cat","embeddable":true,"href":"https:\/\/mnxsportswear.com\/de\/wp-json\/wp\/v2\/product_cat?post=324531"},{"taxonomy":"product_tag","embeddable":true,"href":"https:\/\/mnxsportswear.com\/de\/wp-json\/wp\/v2\/product_tag?post=324531"}],"curies":[{"name":"wp","href":"https:\/\/api.w.org\/{rel}","templated":true}]}}